{"id":421,"date":"2021-01-22T00:21:08","date_gmt":"2021-01-22T00:21:08","guid":{"rendered":"https:\/\/poverty-is-not-a-crime.ch\/allianz\/"},"modified":"2022-04-11T07:17:59","modified_gmt":"2022-04-11T07:17:59","slug":"alianca","status":"publish","type":"page","link":"https:\/\/poverty-is-not-a-crime.ch\/pt-pt\/alianca\/","title":{"rendered":"Alian\u00e7a"},"content":{"rendered":"<div class=\"wpb-content-wrapper\"><p>[vc_row][vc_column width=&#8221;1\/4&#8243;][\/vc_column][vc_column width=&#8221;1\/2&#8243;][vc_custom_heading text=&#8221;N\u00f3s estamos convencidos: A pobreza n\u00e3o \u00e9 um crime!&#8221; use_theme_fonts=&#8221;yes&#8221;][vc_column_text]V\u00e1rias personalidades da sociedade civil, da pol\u00edtica e de organiza\u00e7\u00f5es de direitos humanos apoiam as nossas reivindica\u00e7\u00f5es.[\/vc_column_text][vc_custom_heading text=&#8221;Organiza\u00e7\u00f5es&#8221; font_container=&#8221;tag:h3|text_align:left&#8221; use_theme_fonts=&#8221;yes&#8221;][\/vc_column][vc_column width=&#8221;1\/4&#8243;][\/vc_column][\/vc_row][vc_row][vc_column]<div class=\"weston-carousel carousel-height dark dots\" data-columns=\"8\" data-tabletcolumns=\"4\" data-nav=\"true\" data-pagination=\"false\" data-autoplay=\"true\" data-loop=\"true\" data-animationtime=\"4000\">[vc_column_text]Associazione Solidariet\u00e0 e Diritti[\/vc_column_text][vc_single_image image=&#8221;758&#8243; img_size=&#8221;large&#8221;][vc_single_image image=&#8221;1050&#8243; img_size=&#8221;large&#8221;][vc_single_image image=&#8221;988&#8243; img_size=&#8221;large&#8221;][vc_single_image image=&#8221;817&#8243; img_size=&#8221;large&#8221;][vc_single_image image=&#8221;833&#8243; img_size=&#8221;large&#8221;][vc_single_image image=&#8221;753&#8243; img_size=&#8221;large&#8221;][vc_single_image image=&#8221;956&#8243; img_size=&#8221;large&#8221;][vc_single_image image=&#8221;785&#8243; img_size=&#8221;large&#8221;][vc_single_image image=&#8221;858&#8243; img_size=&#8221;large&#8221;][vc_single_image image=&#8221;848&#8243; img_size=&#8221;large&#8221;][vc_single_image image=&#8221;843&#8243; img_size=&#8221;large&#8221;][vc_single_image image=&#8221;742&#8243; img_size=&#8221;large&#8221;][vc_single_image image=&#8221;863&#8243; img_size=&#8221;large&#8221;][vc_single_image image=&#8221;653&#8243; img_size=&#8221;large&#8221;][vc_single_image image=&#8221;853&#8243; img_size=&#8221;large&#8221;][vc_column_text]Alevitisches Kulturzentrum Biel[\/vc_column_text][vc_single_image image=&#8221;712&#8243; img_size=&#8221;large&#8221;][vc_column_text]Solidarit\u00e4t mit den K\u00e4mpfen des Irans[\/vc_column_text][vc_single_image image=&#8221;703&#8243; img_size=&#8221;large&#8221;][vc_column_text]Bern kurdische Kultur Verein[\/vc_column_text][vc_single_image image=&#8221;696&#8243; img_size=&#8221;large&#8221;][vc_column_text]Anlaufstelle f\u00fcr Sans-Papiers Basel[\/vc_column_text][vc_column_text]Ref. Kirche St. Jakob Z\u00fcrich[\/vc_column_text][vc_single_image image=&#8221;573&#8243; img_size=&#8221;large&#8221;][vc_single_image image=&#8221;869&#8243; img_size=&#8221;large&#8221;][vc_single_image image=&#8221;875&#8243; img_size=&#8221;large&#8221;][vc_single_image image=&#8221;563&#8243; img_size=&#8221;large&#8221;][vc_single_image image=&#8221;578&#8243; img_size=&#8221;large&#8221;][vc_single_image image=&#8221;583&#8243; img_size=&#8221;large&#8221;][vc_single_image image=&#8221;595&#8243; img_size=&#8221;large&#8221;][vc_single_image image=&#8221;588&#8243; img_size=&#8221;large&#8221;][vc_single_image image=&#8221;543&#8243; img_size=&#8221;large&#8221;][vc_single_image image=&#8221;138&#8243; img_size=&#8221;large&#8221;][vc_single_image image=&#8221;143&#8243; img_size=&#8221;large&#8221;][vc_single_image image=&#8221;148&#8243; img_size=&#8221;large&#8221;][vc_single_image image=&#8221;153&#8243; img_size=&#8221;large&#8221;][vc_single_image image=&#8221;158&#8243; img_size=&#8221;large&#8221;][vc_single_image image=&#8221;163&#8243; img_size=&#8221;large&#8221;][vc_single_image image=&#8221;168&#8243; img_size=&#8221;large&#8221;][vc_single_image image=&#8221;173&#8243; img_size=&#8221;large&#8221;][vc_single_image image=&#8221;178&#8243; img_size=&#8221;large&#8221;][vc_single_image image=&#8221;183&#8243; img_size=&#8221;large&#8221;][vc_single_image image=&#8221;188&#8243; img_size=&#8221;large&#8221;][vc_single_image image=&#8221;193&#8243; img_size=&#8221;large&#8221;][vc_single_image image=&#8221;198&#8243; img_size=&#8221;large&#8221;][vc_single_image image=&#8221;203&#8243; img_size=&#8221;large&#8221;][vc_single_image image=&#8221;208&#8243; img_size=&#8221;large&#8221;][vc_single_image image=&#8221;213&#8243; img_size=&#8221;large&#8221;][vc_single_image image=&#8221;218&#8243; img_size=&#8221;large&#8221;][vc_single_image image=&#8221;223&#8243; img_size=&#8221;large&#8221;][vc_single_image image=&#8221;228&#8243; img_size=&#8221;large&#8221;][vc_single_image image=&#8221;233&#8243; img_size=&#8221;large&#8221;][vc_single_image image=&#8221;238&#8243; img_size=&#8221;large&#8221;][vc_single_image image=&#8221;243&#8243; img_size=&#8221;large&#8221;][vc_single_image image=&#8221;248&#8243; img_size=&#8221;medium&#8221;][vc_single_image image=&#8221;253&#8243; img_size=&#8221;large&#8221;][vc_single_image image=&#8221;258&#8243; img_size=&#8221;large&#8221;][vc_single_image image=&#8221;263&#8243; img_size=&#8221;large&#8221;][vc_single_image image=&#8221;268&#8243; img_size=&#8221;large&#8221;][vc_single_image image=&#8221;278&#8243; img_size=&#8221;large&#8221;][vc_single_image image=&#8221;283&#8243; img_size=&#8221;large&#8221;][vc_single_image image=&#8221;288&#8243; img_size=&#8221;large&#8221;][vc_single_image image=&#8221;293&#8243; img_size=&#8221;large&#8221;][vc_single_image image=&#8221;550&#8243; img_size=&#8221;large&#8221;][vc_single_image image=&#8221;303&#8243; img_size=&#8221;large&#8221;][vc_single_image image=&#8221;308&#8243; img_size=&#8221;full&#8221;][vc_single_image image=&#8221;313&#8243; img_size=&#8221;large&#8221;][vc_single_image image=&#8221;318&#8243; img_size=&#8221;large&#8221;][vc_single_image image=&#8221;323&#8243; img_size=&#8221;large&#8221;][vc_single_image image=&#8221;328&#8243; img_size=&#8221;large&#8221;][vc_single_image image=&#8221;333&#8243; img_size=&#8221;large&#8221;][vc_single_image image=&#8221;338&#8243; img_size=&#8221;large&#8221;][vc_single_image image=&#8221;343&#8243; img_size=&#8221;large&#8221;][vc_single_image image=&#8221;348&#8243; img_size=&#8221;large&#8221;][vc_single_image image=&#8221;365&#8243; img_size=&#8221;large&#8221;][vc_single_image image=&#8221;645&#8243; img_size=&#8221;large&#8221;][vc_single_image image=&#8221;977&#8243; img_size=&#8221;large&#8221;][vc_column_text]Aktionsgruppe Nothilfe[\/vc_column_text][vc_column_text]Fachstelle Frauenhandel und Frauenmigration[\/vc_column_text][vc_column_text]Riggi-Asyl[\/vc_column_text][vc_column_text]Sans-Papiers Anlaufstelle Z\u00fcrich (SPAZ)[\/vc_column_text]<\/div>[\/vc_column][\/vc_row][vc_row][vc_column width=&#8221;1\/4&#8243;][\/vc_column][vc_column width=&#8221;1\/2&#8243;][vc_custom_heading text=&#8221;Perguntas Frequentes&#8221; use_theme_fonts=&#8221;yes&#8221;][vc_column_text]Deseja mais informa\u00e7\u00f5es sobre seguran\u00e7a social, autoriza\u00e7\u00f5es de estadia ou as modifica\u00e7\u00f5es \u00e0 lei de migra\u00e7\u00e3o?<\/p>\n<p>Mais informa\u00e7\u00f5es nas FAQs (<a href=\"https:\/\/drive.google.com\/file\/d\/1YT3M5ww3Bzf8YUVR6tuut6AhrFnpMMT-\/view?usp=sharing\">Franc\u00eas<\/a> ou <a href=\"https:\/\/drive.google.com\/file\/d\/1zMT1HQ6lr_VtdgjTD--km9Lta68B2nI0\/view?usp=sharing\">Alem\u00e3o<\/a>)[\/vc_column_text][\/vc_column][vc_column width=&#8221;1\/4&#8243;][\/vc_column][\/vc_row][vc_row][vc_column width=&#8221;1\/4&#8243;][\/vc_column][vc_column width=&#8221;1\/2&#8243;][vc_custom_heading text=&#8221;Imprensa&#8221; use_theme_fonts=&#8221;yes&#8221;][vc_column_text]<\/p>\n<ul>\n<li><a href=\"https:\/\/www.woz.ch\/t\/wobei-armut\">wobei \u2013 Armut<\/a>, WOZ, 25.11.21<\/li>\n<li>&#8220;<a href=\"https:\/\/daslamm.ch\/ohne-schweizer-pass-kann-sozialhilfebezug-gefaehrlich-werden\/\">Ohne Schweizer Pass kann Sozialhilfebezug gef\u00e4hrlich werden<\/a>&#8220;, das Lamm, 3.11.21<\/li>\n<li><a href=\"https:\/\/sagw.ch\/sagw\/aktuell\/blog\/details\/news\/armut-ist-kein-verbrechen-unbedingte-wohlfahrt-in-der-schweizer-rechtsprechung\/\">\u00abArmut ist kein Verbrechen\u00bb \u2013 (Un)bedingte Wohlfahrt in der Schweizer Rechtsprechung<\/a>, sagw, 7.04.21<\/li>\n<li>&#8220;<a href=\"https:\/\/sconfinamenti.info\/la-poverta-non-e-un-reato\/\">La povert\u00e0 non \u00e8 un reato<\/a>&#8220;, Sconfinamenti, 9.04.2021<\/li>\n<li>&#8220;<a href=\"https:\/\/jusletter.weblaw.ch\/juslissues\/2021\/1058\/auslandische-sozialh_259ca3b7e5.html__ONCE&amp;login=false\">Ausl\u00e4ndische Sozialhilfebeziehende im Fokus der Migrationsbeh\u00f6rde<\/a>&#8220;, Jusletter, 8.03.2021<\/li>\n<li>&#8220;P<a href=\"https:\/\/www.unia.ch\/fileadmin\/user_upload\/Publikationen\/Horizonte\/2021\/2021-02-19_Horizonte-SPAN.pdf\">orque la pobreza no es un crimen<\/a>&#8220;, Horizonte, 02.2021 (anche in <a href=\"https:\/\/www.unia.ch\/fileadmin\/user_upload\/Publikationen\/Horizonte\/2021\/2021-02-19_Horizonte-PORT.pdf\">portoghese<\/a>, <a href=\"https:\/\/www.unia.ch\/de\/aktuell\/publikationen\/horizonte\/tuerkce\">turco<\/a>, <a href=\"https:\/\/www.unia.ch\/fileadmin\/user_upload\/Publikationen\/Horizonte\/2021\/2021-02-19_Horizonte-BALK.pdf\">serbo-croato<\/a>, <a href=\"https:\/\/www.unia.ch\/fileadmin\/user_upload\/Publikationen\/Horizonte\/2021\/2021-02-19_Horizonte-ALB.pdf\">albanese<\/a> e <a href=\"https:\/\/www.unia.ch\/de\/arbeitswelt\/von-a-z\/migrantinnen\/polnische-infos\">polacco<\/a>)<\/li>\n<li>&#8220;<a href=\"https:\/\/jusletter.weblaw.ch\/juslissues\/2021\/1058\/auslandische-sozialh_259ca3b7e5.html__ONCE&amp;login=false\">Ausl\u00e4ndische Sozialhilfebeziehende im Fokus der Migrationsbeh\u00f6rde<\/a>&#8220;, Jusletter, 8.03.2021<\/li>\n<li>&#8220;<a href=\"https:\/\/beobachtungsstelle.ch\/fileadmin\/Publikationen\/2021\/Fokus_02_2021_F.pdf\">Quand l&#8217;aide sociale sert \u00e0 contr\u00f4ler les migrations<\/a>&#8220;, Fokus, 02.2021<\/li>\n<li>&#8220;<a href=\"https:\/\/beobachtungsstelle.ch\/fileadmin\/Publikationen\/2021\/Fokus_02_2021_D.pdf\">Sozialhilfe als Instrument der Migrationskontrolle<\/a>&#8220;, Fokus, 02.2021<\/li>\n<li>&#8220;<a href=\"http:\/\/www.caffe.ch\/stories\/Fatti\/67781_fermiamo_le_espulsioni_la_povert_non__un_reato\/\">Fermiamo le espulsioni, la povert\u00e0 non \u00e8 un reato<\/a>&#8220;, il caff\u00e8, 20.02.2021<\/li>\n<li>&#8220;<a href=\"https:\/\/www.workzeitung.ch\/2021\/01\/armut-ist-kein-verbrechen\/\">Armut ist kein Verbrechen<\/a>&#8220;, Workzeitung, 22.01.2021<\/li>\n<li><a href=\"https:\/\/www.evenement.ch\/articles\/la-pauvrete-nest-pas-un-crime\">&#8220;La pauvret\u00e9 n\u2019est pas un crime&#8221;<\/a>, L&#8217;evenement, 17.2.2021<\/li>\n<li>&#8220;<a href=\"https:\/\/www.unia.ch\/it\/attualita\/attualita\/articolo\/a\/17593\">L\u2019alleanza solidale cresce<\/a>&#8220;, Area, 12.2.2020<\/li>\n<li>&#8220;A<a href=\"https:\/\/www.blick.ch\/schweiz\/auslaendergesetz-knallhart-unverschuldeter-sozialhilfe-bezug-kann-zu-landesverweis-fuehren-id16333795.html\">usl\u00e4ndergesetz knallhart: Unverschuldeter Sozialhilfe-Bezug kann zu Landesverweis f\u00fchren<\/a>&#8220;, SonntagsBlick, 7.2.2020<\/li>\n<\/ul>\n<p>[\/vc_column_text][\/vc_column][vc_column width=&#8221;1\/4&#8243;][\/vc_column][\/vc_row]<\/p>\n<\/div>","protected":false},"excerpt":{"rendered":"<p>[vc_row][vc_column width=&#8221;1\/4&#8243;][\/vc_column][vc_column width=&#8221;1\/2&#8243;][vc_custom_heading text=&#8221;N\u00f3s estamos convencidos: A pobreza n\u00e3o \u00e9 um crime!&#8221; use_theme_fonts=&#8221;yes&#8221;][vc_column_text]V\u00e1rias personalidades da sociedade civil, da pol\u00edtica e de organiza\u00e7\u00f5es de direitos humanos apoiam as nossas reivindica\u00e7\u00f5es.[\/vc_column_text][vc_custom_heading text=&#8221;Organiza\u00e7\u00f5es&#8221; font_container=&#8221;tag:h3|text_align:left&#8221; use_theme_fonts=&#8221;yes&#8221;][\/vc_column][vc_column width=&#8221;1\/4&#8243;][\/vc_column][\/vc_row][vc_row][vc_column][\/vc_column][\/vc_row][vc_row][vc_column width=&#8221;1\/4&#8243;][\/vc_column][vc_column width=&#8221;1\/2&#8243;][vc_custom_heading text=&#8221;Perguntas Frequentes&#8221; use_theme_fonts=&#8221;yes&#8221;][vc_column_text]Deseja mais informa\u00e7\u00f5es sobre seguran\u00e7a social, autoriza\u00e7\u00f5es de estadia ou as modifica\u00e7\u00f5es \u00e0 lei de migra\u00e7\u00e3o? Mais informa\u00e7\u00f5es &hellip; <a href=\"https:\/\/poverty-is-not-a-crime.ch\/pt-pt\/alianca\/\" title=\"Alian\u00e7a\" class=\"read-more\">Read More<\/a><\/p>\n","protected":false},"author":1,"featured_media":0,"parent":0,"menu_order":0,"comment_status":"closed","ping_status":"closed","template":"","meta":{"footnotes":""},"class_list":["post-421","page","type-page","status-publish","hentry"],"yoast_head":"<!-- This site is optimized with the Yoast SEO plugin v27.3 - https:\/\/yoast.com\/product\/yoast-seo-wordpress\/ -->\n<title>Alian\u00e7a - Poverty is not a crime!<\/title>\n<meta name=\"robots\" content=\"index, follow, max-snippet:-1, max-image-preview:large, max-video-preview:-1\" \/>\n<link rel=\"canonical\" href=\"https:\/\/poverty-is-not-a-crime.ch\/pt-pt\/alianca\/\" \/>\n<meta property=\"og:locale\" content=\"pt_PT\" \/>\n<meta property=\"og:type\" content=\"article\" \/>\n<meta property=\"og:title\" content=\"D\u00ea o testemunho do seu apoio\" \/>\n<meta property=\"og:description\" content=\"Conte-nos porque assinou a carta aberta e por que motivo esta quest\u00e3o \u00e9 importante para si.\" \/>\n<meta property=\"og:url\" content=\"https:\/\/poverty-is-not-a-crime.ch\/pt-pt\/alianca\/\" \/>\n<meta property=\"og:site_name\" content=\"Poverty is not a crime!\" \/>\n<meta property=\"article:modified_time\" content=\"2022-04-11T07:17:59+00:00\" \/>\n<meta property=\"og:image\" content=\"https:\/\/poverty-is-not-a-crime.ch\/wp-content\/uploads\/2021\/01\/Visual_PT.png\" \/>\n\t<meta property=\"og:image:width\" content=\"1200\" \/>\n\t<meta property=\"og:image:height\" content=\"620\" \/>\n\t<meta property=\"og:image:type\" content=\"image\/png\" \/>\n<meta name=\"twitter:card\" content=\"summary_large_image\" \/>\n<meta name=\"twitter:title\" content=\"D\u00ea o testemunho do seu apoio\" \/>\n<meta name=\"twitter:description\" content=\"Conte-nos porque assinou a carta aberta e por que motivo esta quest\u00e3o \u00e9 importante para si.\" \/>\n<meta name=\"twitter:image\" content=\"https:\/\/poverty-is-not-a-crime.ch\/wp-content\/uploads\/2021\/01\/Visual_PT.png\" \/>\n<meta name=\"twitter:label1\" content=\"Tempo estimado de leitura\" \/>\n\t<meta name=\"twitter:data1\" content=\"3 minutos\" \/>\n<script type=\"application\/ld+json\" class=\"yoast-schema-graph\">{\"@context\":\"https:\\\/\\\/schema.org\",\"@graph\":[{\"@type\":\"WebPage\",\"@id\":\"https:\\\/\\\/poverty-is-not-a-crime.ch\\\/pt-pt\\\/alianca\\\/\",\"url\":\"https:\\\/\\\/poverty-is-not-a-crime.ch\\\/pt-pt\\\/alianca\\\/\",\"name\":\"Alian\u00e7a - Poverty is not a crime!\",\"isPartOf\":{\"@id\":\"https:\\\/\\\/poverty-is-not-a-crime.ch\\\/pt-pt\\\/#website\"},\"datePublished\":\"2021-01-22T00:21:08+00:00\",\"dateModified\":\"2022-04-11T07:17:59+00:00\",\"breadcrumb\":{\"@id\":\"https:\\\/\\\/poverty-is-not-a-crime.ch\\\/pt-pt\\\/alianca\\\/#breadcrumb\"},\"inLanguage\":\"pt-PT\",\"potentialAction\":[{\"@type\":\"ReadAction\",\"target\":[\"https:\\\/\\\/poverty-is-not-a-crime.ch\\\/pt-pt\\\/alianca\\\/\"]}]},{\"@type\":\"BreadcrumbList\",\"@id\":\"https:\\\/\\\/poverty-is-not-a-crime.ch\\\/pt-pt\\\/alianca\\\/#breadcrumb\",\"itemListElement\":[{\"@type\":\"ListItem\",\"position\":1,\"name\":\"Startseite\",\"item\":\"https:\\\/\\\/poverty-is-not-a-crime.ch\\\/pt-pt\\\/\"},{\"@type\":\"ListItem\",\"position\":2,\"name\":\"Alian\u00e7a\"}]},{\"@type\":\"WebSite\",\"@id\":\"https:\\\/\\\/poverty-is-not-a-crime.ch\\\/pt-pt\\\/#website\",\"url\":\"https:\\\/\\\/poverty-is-not-a-crime.ch\\\/pt-pt\\\/\",\"name\":\"Poverty is not a crime!\",\"description\":\"Armut ist kein Verbrechen!\",\"publisher\":{\"@id\":\"https:\\\/\\\/poverty-is-not-a-crime.ch\\\/pt-pt\\\/#organization\"},\"potentialAction\":[{\"@type\":\"SearchAction\",\"target\":{\"@type\":\"EntryPoint\",\"urlTemplate\":\"https:\\\/\\\/poverty-is-not-a-crime.ch\\\/pt-pt\\\/?s={search_term_string}\"},\"query-input\":{\"@type\":\"PropertyValueSpecification\",\"valueRequired\":true,\"valueName\":\"search_term_string\"}}],\"inLanguage\":\"pt-PT\"},{\"@type\":\"Organization\",\"@id\":\"https:\\\/\\\/poverty-is-not-a-crime.ch\\\/pt-pt\\\/#organization\",\"name\":\"Poverty is not a crime!\",\"url\":\"https:\\\/\\\/poverty-is-not-a-crime.ch\\\/pt-pt\\\/\",\"logo\":{\"@type\":\"ImageObject\",\"inLanguage\":\"pt-PT\",\"@id\":\"https:\\\/\\\/poverty-is-not-a-crime.ch\\\/pt-pt\\\/#\\\/schema\\\/logo\\\/image\\\/\",\"url\":\"https:\\\/\\\/poverty-is-not-a-crime.ch\\\/wp-content\\\/uploads\\\/2021\\\/01\\\/Visual_EN.png\",\"contentUrl\":\"https:\\\/\\\/poverty-is-not-a-crime.ch\\\/wp-content\\\/uploads\\\/2021\\\/01\\\/Visual_EN.png\",\"width\":1200,\"height\":620,\"caption\":\"Poverty is not a crime!\"},\"image\":{\"@id\":\"https:\\\/\\\/poverty-is-not-a-crime.ch\\\/pt-pt\\\/#\\\/schema\\\/logo\\\/image\\\/\"}}]}<\/script>\n<!-- \/ Yoast SEO plugin. -->","yoast_head_json":{"title":"Alian\u00e7a - Poverty is not a crime!","robots":{"index":"index","follow":"follow","max-snippet":"max-snippet:-1","max-image-preview":"max-image-preview:large","max-video-preview":"max-video-preview:-1"},"canonical":"https:\/\/poverty-is-not-a-crime.ch\/pt-pt\/alianca\/","og_locale":"pt_PT","og_type":"article","og_title":"D\u00ea o testemunho do seu apoio","og_description":"Conte-nos porque assinou a carta aberta e por que motivo esta quest\u00e3o \u00e9 importante para si.","og_url":"https:\/\/poverty-is-not-a-crime.ch\/pt-pt\/alianca\/","og_site_name":"Poverty is not a crime!","article_modified_time":"2022-04-11T07:17:59+00:00","og_image":[{"width":1200,"height":620,"url":"https:\/\/poverty-is-not-a-crime.ch\/wp-content\/uploads\/2021\/01\/Visual_PT.png","type":"image\/png"}],"twitter_card":"summary_large_image","twitter_title":"D\u00ea o testemunho do seu apoio","twitter_description":"Conte-nos porque assinou a carta aberta e por que motivo esta quest\u00e3o \u00e9 importante para si.","twitter_image":"https:\/\/poverty-is-not-a-crime.ch\/wp-content\/uploads\/2021\/01\/Visual_PT.png","twitter_misc":{"Tempo estimado de leitura":"3 minutos"},"schema":{"@context":"https:\/\/schema.org","@graph":[{"@type":"WebPage","@id":"https:\/\/poverty-is-not-a-crime.ch\/pt-pt\/alianca\/","url":"https:\/\/poverty-is-not-a-crime.ch\/pt-pt\/alianca\/","name":"Alian\u00e7a - Poverty is not a crime!","isPartOf":{"@id":"https:\/\/poverty-is-not-a-crime.ch\/pt-pt\/#website"},"datePublished":"2021-01-22T00:21:08+00:00","dateModified":"2022-04-11T07:17:59+00:00","breadcrumb":{"@id":"https:\/\/poverty-is-not-a-crime.ch\/pt-pt\/alianca\/#breadcrumb"},"inLanguage":"pt-PT","potentialAction":[{"@type":"ReadAction","target":["https:\/\/poverty-is-not-a-crime.ch\/pt-pt\/alianca\/"]}]},{"@type":"BreadcrumbList","@id":"https:\/\/poverty-is-not-a-crime.ch\/pt-pt\/alianca\/#breadcrumb","itemListElement":[{"@type":"ListItem","position":1,"name":"Startseite","item":"https:\/\/poverty-is-not-a-crime.ch\/pt-pt\/"},{"@type":"ListItem","position":2,"name":"Alian\u00e7a"}]},{"@type":"WebSite","@id":"https:\/\/poverty-is-not-a-crime.ch\/pt-pt\/#website","url":"https:\/\/poverty-is-not-a-crime.ch\/pt-pt\/","name":"Poverty is not a crime!","description":"Armut ist kein Verbrechen!","publisher":{"@id":"https:\/\/poverty-is-not-a-crime.ch\/pt-pt\/#organization"},"potentialAction":[{"@type":"SearchAction","target":{"@type":"EntryPoint","urlTemplate":"https:\/\/poverty-is-not-a-crime.ch\/pt-pt\/?s={search_term_string}"},"query-input":{"@type":"PropertyValueSpecification","valueRequired":true,"valueName":"search_term_string"}}],"inLanguage":"pt-PT"},{"@type":"Organization","@id":"https:\/\/poverty-is-not-a-crime.ch\/pt-pt\/#organization","name":"Poverty is not a crime!","url":"https:\/\/poverty-is-not-a-crime.ch\/pt-pt\/","logo":{"@type":"ImageObject","inLanguage":"pt-PT","@id":"https:\/\/poverty-is-not-a-crime.ch\/pt-pt\/#\/schema\/logo\/image\/","url":"https:\/\/poverty-is-not-a-crime.ch\/wp-content\/uploads\/2021\/01\/Visual_EN.png","contentUrl":"https:\/\/poverty-is-not-a-crime.ch\/wp-content\/uploads\/2021\/01\/Visual_EN.png","width":1200,"height":620,"caption":"Poverty is not a crime!"},"image":{"@id":"https:\/\/poverty-is-not-a-crime.ch\/pt-pt\/#\/schema\/logo\/image\/"}}]}},"_links":{"self":[{"href":"https:\/\/poverty-is-not-a-crime.ch\/pt-pt\/wp-json\/wp\/v2\/pages\/421","targetHints":{"allow":["GET"]}}],"collection":[{"href":"https:\/\/poverty-is-not-a-crime.ch\/pt-pt\/wp-json\/wp\/v2\/pages"}],"about":[{"href":"https:\/\/poverty-is-not-a-crime.ch\/pt-pt\/wp-json\/wp\/v2\/types\/page"}],"author":[{"embeddable":true,"href":"https:\/\/poverty-is-not-a-crime.ch\/pt-pt\/wp-json\/wp\/v2\/users\/1"}],"replies":[{"embeddable":true,"href":"https:\/\/poverty-is-not-a-crime.ch\/pt-pt\/wp-json\/wp\/v2\/comments?post=421"}],"version-history":[{"count":35,"href":"https:\/\/poverty-is-not-a-crime.ch\/pt-pt\/wp-json\/wp\/v2\/pages\/421\/revisions"}],"predecessor-version":[{"id":1055,"href":"https:\/\/poverty-is-not-a-crime.ch\/pt-pt\/wp-json\/wp\/v2\/pages\/421\/revisions\/1055"}],"wp:attachment":[{"href":"https:\/\/poverty-is-not-a-crime.ch\/pt-pt\/wp-json\/wp\/v2\/media?parent=421"}],"curies":[{"name":"wp","href":"https:\/\/api.w.org\/{rel}","templated":true}]}}