{"id":411,"date":"2021-01-21T14:08:05","date_gmt":"2021-01-21T14:08:05","guid":{"rendered":"https:\/\/poverty-is-not-a-crime.ch\/home\/"},"modified":"2021-02-08T12:56:13","modified_gmt":"2021-02-08T12:56:13","slug":"home","status":"publish","type":"page","link":"https:\/\/poverty-is-not-a-crime.ch\/pt-pt\/","title":{"rendered":"Peti\u00e7\u00e3o"},"content":{"rendered":"<div class=\"wpb-content-wrapper\"><p>[vc_row full_width=&#8221;stretch_row&#8221; full_height=&#8221;yes&#8221; content_placement=&#8221;bottom&#8221; css=&#8221;.vc_custom_1611319868224{background-color: #000000 !important;}&#8221;][vc_column width=&#8221;1\/4&#8243;][\/vc_column][vc_column width=&#8221;1\/2&#8243;][vc_row_inner][vc_column_inner offset=&#8221;vc_hidden-xs&#8221;][vc_empty_space height=&#8221;180px&#8221;][\/vc_column_inner][\/vc_row_inner][vc_column_text el_class=&#8221;white&#8221;]<span style=\"color: #ffffff;\">A pobreza pode atingir qualquer um de n\u00f3s. A crise provocada pela pandemia tornou este facto ainda mais evidente. O direito a apoio em caso de necessidade \u00e9 um direito b\u00e1sico garantido a todos pela constitui\u00e7\u00e3o.<\/span><\/p>\n<p><span style=\"color: #ffffff;\">A todos? Mais de dois milh\u00f5es de pessoas sem passaporte su\u00ed\u00e7o vivem, trabalham e pagam impostos na Su\u00ed\u00e7a. Muitas nasceram aqui ou vieram para c\u00e1 em crian\u00e7a. Mas se passarem a necessitar de ajuda social podem ser expulsos da Su\u00ed\u00e7a, mesmo que vivam c\u00e1 h\u00e1 muitos anos e tenham aqui o seu centro de interesses.<\/span><\/p>\n<p><span style=\"color: #ffffff;\">Desde o dia 1 de janeiro de 2019, isto \u00e9 v\u00e1lido mesmo para quem vive h\u00e1 mais de 15 anos na Su\u00ed\u00e7a![\/vc_column_text][vc_btn title=&#8221;Assine agora a carta aberta ao Parlamento!&#8221; style=&#8221;outline-custom&#8221; outline_custom_color=&#8221;#ffffff&#8221; outline_custom_hover_background=&#8221;#666666&#8243; outline_custom_hover_text=&#8221;#ffffff&#8221; size=&#8221;lg&#8221; align=&#8221;center&#8221; i_icon_fontawesome=&#8221;fas fa-pen&#8221; button_block=&#8221;true&#8221; add_icon=&#8221;true&#8221; custom_onclick=&#8221;true&#8221; custom_onclick_code=&#8221;window.scrollBy({ top: 700, left: 0, behavior: &#8220;smooth&#8220; });&#8221;][\/vc_column][vc_column width=&#8221;1\/4&#8243;][\/vc_column][\/vc_row][vc_row el_id=&#8221;sign&#8221;][vc_column width=&#8221;1\/4&#8243;][\/vc_column][vc_column width=&#8221;1\/2&#8243;][vc_custom_heading text=&#8221;Assine agora a carta aberta!&#8221; use_theme_fonts=&#8221;yes&#8221;][vc_column_text]J\u00e1 18884 as pessoas assinaram a carta aberta.[\/vc_column_text]\n<div class=\"wpcf7 no-js\" id=\"wpcf7-f493-o1\" lang=\"de-CH\" dir=\"ltr\" data-wpcf7-id=\"493\">\n<div class=\"screen-reader-response\"><p role=\"status\" aria-live=\"polite\" aria-atomic=\"true\"><\/p> <ul><\/ul><\/div>\n<form action=\"\/pt-pt\/wp-json\/wp\/v2\/pages\/411#wpcf7-f493-o1\" method=\"post\" class=\"wpcf7-form init\" aria-label=\"Contact form\" novalidate=\"novalidate\" data-status=\"init\">\n<fieldset class=\"hidden-fields-container\"><input type=\"hidden\" name=\"_wpcf7\" value=\"493\" \/><input type=\"hidden\" name=\"_wpcf7_version\" value=\"6.1.5\" \/><input type=\"hidden\" name=\"_wpcf7_locale\" value=\"de_CH\" \/><input type=\"hidden\" name=\"_wpcf7_unit_tag\" value=\"wpcf7-f493-o1\" \/><input type=\"hidden\" name=\"_wpcf7_container_post\" value=\"0\" \/><input type=\"hidden\" name=\"_wpcf7_posted_data_hash\" value=\"\" \/>\n<\/fieldset>\n<input class=\"wpcf7-form-control wpcf7-hidden\" value=\"\" type=\"hidden\" name=\"src\" \/>\n<label> Nome pr\u00f3prio\n    <span class=\"wpcf7-form-control-wrap\" data-name=\"fname\"><input size=\"40\" maxlength=\"400\" class=\"wpcf7-form-control wpcf7-text wpcf7-validates-as-required\" aria-required=\"true\" aria-invalid=\"false\" value=\"\" type=\"text\" name=\"fname\" \/><\/span> <\/label>\n\n<label> Nome de fam\u00edlia\n    <span class=\"wpcf7-form-control-wrap\" data-name=\"lname\"><input size=\"40\" maxlength=\"400\" class=\"wpcf7-form-control wpcf7-text wpcf7-validates-as-required\" aria-required=\"true\" aria-invalid=\"false\" value=\"\" type=\"text\" name=\"lname\" \/><\/span> <\/label>\n\n<label> Email\n    <span class=\"wpcf7-form-control-wrap\" data-name=\"email\"><input size=\"40\" maxlength=\"400\" class=\"wpcf7-form-control wpcf7-email wpcf7-validates-as-required wpcf7-text wpcf7-validates-as-email\" aria-required=\"true\" aria-invalid=\"false\" value=\"\" type=\"email\" name=\"email\" \/><\/span> <\/label>\n\n<label> C\u00f3digo postal\n<span class=\"wpcf7-form-control-wrap\" data-name=\"zip\"><input size=\"40\" maxlength=\"4\" class=\"wpcf7-form-control wpcf7-text\" aria-invalid=\"false\" value=\"\" type=\"text\" name=\"zip\" \/><\/span> <\/label>\n\n<label> N\u00famero de telefone\n<span class=\"wpcf7-form-control-wrap\" data-name=\"mobile\"><input size=\"40\" maxlength=\"400\" class=\"wpcf7-form-control wpcf7-tel wpcf7-text wpcf7-validates-as-tel\" aria-invalid=\"false\" value=\"\" type=\"tel\" name=\"mobile\" \/><\/span> <\/label>\n<span id=\"wpcf7-69dec942b51d3-wrapper\" class=\"wpcf7-form-control-wrap honeypot-478-wrap\" style=\"display:none !important; visibility:hidden !important;\"><label for=\"wpcf7-69dec942b51d3-field\" class=\"hp-message\">Bitte leer lassen<\/label><input id=\"wpcf7-69dec942b51d3-field\"  placeholder=\"phone\"  class=\"wpcf7-form-control wpcf7-text\" type=\"text\" name=\"honeypot-478\" value=\"\" size=\"40\" tabindex=\"-1\" autocomplete=\"off\" \/><\/span>\n<span class=\"wpcf7-form-control-wrap\" data-name=\"acceptance\"><span class=\"wpcf7-form-control wpcf7-acceptance optional\"><span class=\"wpcf7-list-item\"><label><input type=\"checkbox\" name=\"acceptance\" value=\"1\" checked=\"checked\" aria-invalid=\"false\" \/><span class=\"wpcf7-list-item-label\">Concordo que a alian\u00e7a me mantenha informado\/a sobre o decorrer desta campanha. Mais informa\u00e7\u00f5es <a href='\/datenschutzerklaerung' target='_blank'>aqui<\/a>.<\/span><\/label><\/span><\/span><\/span>\n<br>\n<input class=\"wpcf7-form-control wpcf7-submit has-spinner\" type=\"submit\" value=\"Assinar\" \/>\n\n<script>\n\n\/\/ Bestimmung der Get-Variable\nfunction getSearchParameters() {\n    var prmstr = window.location.search.substr(1);\n    return prmstr != null && prmstr != \"\" ? transformToAssocArray(prmstr) : {};\n}\n\nfunction transformToAssocArray( prmstr ) {\n    var params = {};\n    var prmarr = prmstr.split(\"&\");\n    for ( var i = 0; i < prmarr.length; i++) {\n        var tmparr = prmarr[i].split(\"=\");\n        params[tmparr[0]] = tmparr[1];\n    }\n    return params;\n}\n\nvar params = getSearchParameters();\n\n\/\/ Zuweisung der Datenschutzpolicy\n\nif (params.src === \"sp-ps\") {\n    jQuery(\"form span.wpcf7-list-item-label\").html(\" Concordo que o PS me mantenha informado\/a sobre o decorrer desta campanha. Mais informa\u00e7\u00f5es <a href='https:\/\/www.sp-ps.ch\/de\/partei\/wir-sind-die-sp\/datenschutz-policy' target='_blank'>aqui<\/a>.\")\n} else if (params.src === \"allianz\") {\n    jQuery(\"form span.wpcf7-list-item-label\").html(\" Concordo que a alian\u00e7a me mantenha informado\/a sobre o decorrer desta campanha. Mais informa\u00e7\u00f5es <a href='\/datenschutzerklaerung' target='_blank'>aqui<\/a>.\")\n} else if (params.src === \"oplibero\") {\n    jQuery(\"form span.wpcf7-list-item-label\").html(\" Concordo que Operation Libero me mantenha informado\/a sobre o decorrer desta campanha. Mais informa\u00e7\u00f5es <a href='https:\/\/www.operation-libero.ch\/de\/datenschutz-policy' target='_blank'>aqui<\/a>.\")\n}\n\n\/\/alert(params.src);\n\n<\/script><div class=\"wpcf7-response-output\" aria-hidden=\"true\"><\/div>\n<\/form>\n<\/div>\n[\/vc_column][vc_column width=&#8221;1\/4&#8243;][\/vc_column][\/vc_row][vc_row][vc_column width=&#8221;1\/4&#8243;][\/vc_column][vc_column width=&#8221;1\/2&#8243;][vc_empty_space][vc_custom_heading text=&#8221;As nossas reivindica\u00e7\u00f5es&#8221; use_theme_fonts=&#8221;yes&#8221;][vc_column_text]Exmos. Senhores e Senhoras Membros do Conselho Nacional,<\/span><\/p>\n<p>A pobreza pode atingir qualquer um de n\u00f3s. Seja por perdermos o emprego, um acidente, uma crise econ\u00f3mica, doen\u00e7a, div\u00f3rcio ou outra emerg\u00eancia pessoal. A crise provocada pelo coronav\u00edrus mostra isso mesmo de forma impressionante. O nosso sistema social foi criado precisamente para nos garantir a todos em tais situa\u00e7\u00f5es uma exist\u00eancia em condi\u00e7\u00f5es humanas dignas.<\/p>\n<p>Mas isto n\u00e3o \u00e9 v\u00e1lido para todos. Mais de 2 milh\u00f5es de pessoas sem passaporte su\u00ed\u00e7o vivem e trabalham na Su\u00ed\u00e7a e pagam aqui impostos. Muitas nasceram aqui ou vieram para c\u00e1 em pequenas. Para estas pessoas, receber ajuda social pode ter consequ\u00eancias graves: podem ser expulsas do pa\u00eds independentemente do tempo que vivem na Su\u00ed\u00e7a. Desde 1 de janeiro de 2019, isto \u00e9 v\u00e1lido mesmo para pessoas h\u00e1 mais de 15 anos na Su\u00ed\u00e7a.<\/p>\n<p>Fam\u00edlias s\u00e3o assim separadas e pessoas atingidas pela pobreza ou por doen\u00e7as expulsas da Su\u00ed\u00e7a, mesmo que aqui vivam h\u00e1 dezenas de anos e o pa\u00eds se tenha tornado a sua p\u00e1tria. Esta amea\u00e7a leva cada vez mais pessoas a renunciar a apoios de que necessitariam. A crise provocada pelo coronav\u00edrus veio agravar ainda mais a situa\u00e7\u00e3o, colocando em causa exist\u00eancias que at\u00e9 aqui pareciam estar seguras. As longas filas de espera junto aos pontos de distribui\u00e7\u00e3o de comida mostram que hoje os servi\u00e7os sociais n\u00e3o s\u00e3o um verdadeiro apoio.<\/p>\n<p>S\u00e3o necess\u00e1rias corre\u00e7\u00f5es legislativas urgentes e V. Exa. ter\u00e1 em breve uma oportunidade nesse sentido. D\u00ea o seu voto \u00e0 iniciativa parlamentar 20.451 \u201cA pobreza n\u00e3o \u00e9 um crime\u201d e ajude assim a corrigir esta injusti\u00e7a.<\/p>\n<p><a href=\"#sign\">Assine agora a carta aberta ao Parlamento!<\/a>[\/vc_column_text][\/vc_column][vc_column width=&#8221;1\/4&#8243;][\/vc_column][\/vc_row]<\/p>\n<\/div>","protected":false},"excerpt":{"rendered":"<p>[vc_row full_width=&#8221;stretch_row&#8221; full_height=&#8221;yes&#8221; content_placement=&#8221;bottom&#8221; css=&#8221;.vc_custom_1611319868224{background-color: #000000 !important;}&#8221;][vc_column width=&#8221;1\/4&#8243;][\/vc_column][vc_column width=&#8221;1\/2&#8243;][vc_row_inner][vc_column_inner offset=&#8221;vc_hidden-xs&#8221;][vc_empty_space height=&#8221;180px&#8221;][\/vc_column_inner][\/vc_row_inner][vc_column_text el_class=&#8221;white&#8221;]A pobreza pode atingir qualquer um de n\u00f3s. A crise provocada pela pandemia tornou este facto ainda mais evidente. O direito a apoio em caso de necessidade \u00e9 um direito b\u00e1sico garantido a todos pela constitui\u00e7\u00e3o. A todos? Mais de dois milh\u00f5es de pessoas &hellip; <a href=\"https:\/\/poverty-is-not-a-crime.ch\/pt-pt\/\" title=\"Peti\u00e7\u00e3o\" class=\"read-more\">Read More<\/a><\/p>\n","protected":false},"author":1,"featured_media":0,"parent":0,"menu_order":0,"comment_status":"closed","ping_status":"closed","template":"","meta":{"footnotes":""},"class_list":["post-411","page","type-page","status-publish","hentry"],"yoast_head":"<!-- This site is optimized with the Yoast SEO plugin v27.4 - https:\/\/yoast.com\/product\/yoast-seo-wordpress\/ -->\n<title>Peti\u00e7\u00e3o - Poverty is not a crime!<\/title>\n<meta name=\"robots\" content=\"index, follow, max-snippet:-1, max-image-preview:large, max-video-preview:-1\" \/>\n<link rel=\"canonical\" href=\"https:\/\/poverty-is-not-a-crime.ch\/pt-pt\/\" \/>\n<meta property=\"og:locale\" content=\"pt_PT\" \/>\n<meta property=\"og:type\" content=\"article\" \/>\n<meta property=\"og:title\" content=\"Assine agora a carta aberta ao Parlamento!\" \/>\n<meta property=\"og:description\" content=\"A pobreza pode atingir qualquer um de n\u00f3s. A crise provocada pelo coronav\u00edrus mostra isso mesmo de forma impressionante. O nosso sistema social foi criado precisamente para nos garantir a todos em tais situa\u00e7\u00f5es uma exist\u00eancia em condi\u00e7\u00f5es humanas dignas.Mas isto n\u00e3o \u00e9 v\u00e1lido para todos.\" \/>\n<meta property=\"og:url\" content=\"https:\/\/poverty-is-not-a-crime.ch\/pt-pt\/\" \/>\n<meta property=\"og:site_name\" content=\"Poverty is not a crime!\" \/>\n<meta property=\"article:modified_time\" content=\"2021-02-08T12:56:13+00:00\" \/>\n<meta property=\"og:image\" content=\"https:\/\/poverty-is-not-a-crime.ch\/wp-content\/uploads\/2021\/01\/Visual_PT.png\" \/>\n\t<meta property=\"og:image:width\" content=\"1200\" \/>\n\t<meta property=\"og:image:height\" content=\"620\" \/>\n\t<meta property=\"og:image:type\" content=\"image\/png\" \/>\n<meta name=\"twitter:card\" content=\"summary_large_image\" \/>\n<meta name=\"twitter:title\" content=\"Assine agora a carta aberta ao Parlamento!\" \/>\n<meta name=\"twitter:description\" content=\"A pobreza pode atingir qualquer um de n\u00f3s. A crise provocada pelo coronav\u00edrus mostra isso mesmo de forma impressionante. O nosso sistema social foi criado precisamente para nos garantir a todos em tais situa\u00e7\u00f5es uma exist\u00eancia em condi\u00e7\u00f5es humanas dignas.Mas isto n\u00e3o \u00e9 v\u00e1lido para todos.\" \/>\n<meta name=\"twitter:image\" content=\"https:\/\/poverty-is-not-a-crime.ch\/wp-content\/uploads\/2021\/01\/Visual_PT.png\" \/>\n<meta name=\"twitter:label1\" content=\"Tempo estimado de leitura\" \/>\n\t<meta name=\"twitter:data1\" content=\"2 minutos\" \/>\n<script type=\"application\/ld+json\" class=\"yoast-schema-graph\">{\"@context\":\"https:\\\/\\\/schema.org\",\"@graph\":[{\"@type\":\"WebPage\",\"@id\":\"https:\\\/\\\/poverty-is-not-a-crime.ch\\\/pt-pt\\\/\",\"url\":\"https:\\\/\\\/poverty-is-not-a-crime.ch\\\/pt-pt\\\/\",\"name\":\"Peti\u00e7\u00e3o - Poverty is not a crime!\",\"isPartOf\":{\"@id\":\"https:\\\/\\\/poverty-is-not-a-crime.ch\\\/pt-pt\\\/#website\"},\"datePublished\":\"2021-01-21T14:08:05+00:00\",\"dateModified\":\"2021-02-08T12:56:13+00:00\",\"breadcrumb\":{\"@id\":\"https:\\\/\\\/poverty-is-not-a-crime.ch\\\/pt-pt\\\/#breadcrumb\"},\"inLanguage\":\"pt-PT\",\"potentialAction\":[{\"@type\":\"ReadAction\",\"target\":[\"https:\\\/\\\/poverty-is-not-a-crime.ch\\\/pt-pt\\\/\"]}]},{\"@type\":\"BreadcrumbList\",\"@id\":\"https:\\\/\\\/poverty-is-not-a-crime.ch\\\/pt-pt\\\/#breadcrumb\",\"itemListElement\":[{\"@type\":\"ListItem\",\"position\":1,\"name\":\"Startseite\",\"item\":\"https:\\\/\\\/poverty-is-not-a-crime.ch\\\/pt-pt\\\/\"},{\"@type\":\"ListItem\",\"position\":2,\"name\":\"Peti\u00e7\u00e3o\"}]},{\"@type\":\"WebSite\",\"@id\":\"https:\\\/\\\/poverty-is-not-a-crime.ch\\\/pt-pt\\\/#website\",\"url\":\"https:\\\/\\\/poverty-is-not-a-crime.ch\\\/pt-pt\\\/\",\"name\":\"Poverty is not a crime!\",\"description\":\"Armut ist kein Verbrechen!\",\"publisher\":{\"@id\":\"https:\\\/\\\/poverty-is-not-a-crime.ch\\\/pt-pt\\\/#organization\"},\"potentialAction\":[{\"@type\":\"SearchAction\",\"target\":{\"@type\":\"EntryPoint\",\"urlTemplate\":\"https:\\\/\\\/poverty-is-not-a-crime.ch\\\/pt-pt\\\/?s={search_term_string}\"},\"query-input\":{\"@type\":\"PropertyValueSpecification\",\"valueRequired\":true,\"valueName\":\"search_term_string\"}}],\"inLanguage\":\"pt-PT\"},{\"@type\":\"Organization\",\"@id\":\"https:\\\/\\\/poverty-is-not-a-crime.ch\\\/pt-pt\\\/#organization\",\"name\":\"Poverty is not a crime!\",\"url\":\"https:\\\/\\\/poverty-is-not-a-crime.ch\\\/pt-pt\\\/\",\"logo\":{\"@type\":\"ImageObject\",\"inLanguage\":\"pt-PT\",\"@id\":\"https:\\\/\\\/poverty-is-not-a-crime.ch\\\/pt-pt\\\/#\\\/schema\\\/logo\\\/image\\\/\",\"url\":\"https:\\\/\\\/poverty-is-not-a-crime.ch\\\/wp-content\\\/uploads\\\/2021\\\/01\\\/Visual_EN.png\",\"contentUrl\":\"https:\\\/\\\/poverty-is-not-a-crime.ch\\\/wp-content\\\/uploads\\\/2021\\\/01\\\/Visual_EN.png\",\"width\":1200,\"height\":620,\"caption\":\"Poverty is not a crime!\"},\"image\":{\"@id\":\"https:\\\/\\\/poverty-is-not-a-crime.ch\\\/pt-pt\\\/#\\\/schema\\\/logo\\\/image\\\/\"}}]}<\/script>\n<!-- \/ Yoast SEO plugin. -->","yoast_head_json":{"title":"Peti\u00e7\u00e3o - Poverty is not a crime!","robots":{"index":"index","follow":"follow","max-snippet":"max-snippet:-1","max-image-preview":"max-image-preview:large","max-video-preview":"max-video-preview:-1"},"canonical":"https:\/\/poverty-is-not-a-crime.ch\/pt-pt\/","og_locale":"pt_PT","og_type":"article","og_title":"Assine agora a carta aberta ao Parlamento!","og_description":"A pobreza pode atingir qualquer um de n\u00f3s. A crise provocada pelo coronav\u00edrus mostra isso mesmo de forma impressionante. O nosso sistema social foi criado precisamente para nos garantir a todos em tais situa\u00e7\u00f5es uma exist\u00eancia em condi\u00e7\u00f5es humanas dignas.Mas isto n\u00e3o \u00e9 v\u00e1lido para todos.","og_url":"https:\/\/poverty-is-not-a-crime.ch\/pt-pt\/","og_site_name":"Poverty is not a crime!","article_modified_time":"2021-02-08T12:56:13+00:00","og_image":[{"width":1200,"height":620,"url":"https:\/\/poverty-is-not-a-crime.ch\/wp-content\/uploads\/2021\/01\/Visual_PT.png","type":"image\/png"}],"twitter_card":"summary_large_image","twitter_title":"Assine agora a carta aberta ao Parlamento!","twitter_description":"A pobreza pode atingir qualquer um de n\u00f3s. A crise provocada pelo coronav\u00edrus mostra isso mesmo de forma impressionante. O nosso sistema social foi criado precisamente para nos garantir a todos em tais situa\u00e7\u00f5es uma exist\u00eancia em condi\u00e7\u00f5es humanas dignas.Mas isto n\u00e3o \u00e9 v\u00e1lido para todos.","twitter_image":"https:\/\/poverty-is-not-a-crime.ch\/wp-content\/uploads\/2021\/01\/Visual_PT.png","twitter_misc":{"Tempo estimado de leitura":"2 minutos"},"schema":{"@context":"https:\/\/schema.org","@graph":[{"@type":"WebPage","@id":"https:\/\/poverty-is-not-a-crime.ch\/pt-pt\/","url":"https:\/\/poverty-is-not-a-crime.ch\/pt-pt\/","name":"Peti\u00e7\u00e3o - Poverty is not a crime!","isPartOf":{"@id":"https:\/\/poverty-is-not-a-crime.ch\/pt-pt\/#website"},"datePublished":"2021-01-21T14:08:05+00:00","dateModified":"2021-02-08T12:56:13+00:00","breadcrumb":{"@id":"https:\/\/poverty-is-not-a-crime.ch\/pt-pt\/#breadcrumb"},"inLanguage":"pt-PT","potentialAction":[{"@type":"ReadAction","target":["https:\/\/poverty-is-not-a-crime.ch\/pt-pt\/"]}]},{"@type":"BreadcrumbList","@id":"https:\/\/poverty-is-not-a-crime.ch\/pt-pt\/#breadcrumb","itemListElement":[{"@type":"ListItem","position":1,"name":"Startseite","item":"https:\/\/poverty-is-not-a-crime.ch\/pt-pt\/"},{"@type":"ListItem","position":2,"name":"Peti\u00e7\u00e3o"}]},{"@type":"WebSite","@id":"https:\/\/poverty-is-not-a-crime.ch\/pt-pt\/#website","url":"https:\/\/poverty-is-not-a-crime.ch\/pt-pt\/","name":"Poverty is not a crime!","description":"Armut ist kein Verbrechen!","publisher":{"@id":"https:\/\/poverty-is-not-a-crime.ch\/pt-pt\/#organization"},"potentialAction":[{"@type":"SearchAction","target":{"@type":"EntryPoint","urlTemplate":"https:\/\/poverty-is-not-a-crime.ch\/pt-pt\/?s={search_term_string}"},"query-input":{"@type":"PropertyValueSpecification","valueRequired":true,"valueName":"search_term_string"}}],"inLanguage":"pt-PT"},{"@type":"Organization","@id":"https:\/\/poverty-is-not-a-crime.ch\/pt-pt\/#organization","name":"Poverty is not a crime!","url":"https:\/\/poverty-is-not-a-crime.ch\/pt-pt\/","logo":{"@type":"ImageObject","inLanguage":"pt-PT","@id":"https:\/\/poverty-is-not-a-crime.ch\/pt-pt\/#\/schema\/logo\/image\/","url":"https:\/\/poverty-is-not-a-crime.ch\/wp-content\/uploads\/2021\/01\/Visual_EN.png","contentUrl":"https:\/\/poverty-is-not-a-crime.ch\/wp-content\/uploads\/2021\/01\/Visual_EN.png","width":1200,"height":620,"caption":"Poverty is not a crime!"},"image":{"@id":"https:\/\/poverty-is-not-a-crime.ch\/pt-pt\/#\/schema\/logo\/image\/"}}]}},"_links":{"self":[{"href":"https:\/\/poverty-is-not-a-crime.ch\/pt-pt\/wp-json\/wp\/v2\/pages\/411","targetHints":{"allow":["GET"]}}],"collection":[{"href":"https:\/\/poverty-is-not-a-crime.ch\/pt-pt\/wp-json\/wp\/v2\/pages"}],"about":[{"href":"https:\/\/poverty-is-not-a-crime.ch\/pt-pt\/wp-json\/wp\/v2\/types\/page"}],"author":[{"embeddable":true,"href":"https:\/\/poverty-is-not-a-crime.ch\/pt-pt\/wp-json\/wp\/v2\/users\/1"}],"replies":[{"embeddable":true,"href":"https:\/\/poverty-is-not-a-crime.ch\/pt-pt\/wp-json\/wp\/v2\/comments?post=411"}],"version-history":[{"count":8,"href":"https:\/\/poverty-is-not-a-crime.ch\/pt-pt\/wp-json\/wp\/v2\/pages\/411\/revisions"}],"predecessor-version":[{"id":730,"href":"https:\/\/poverty-is-not-a-crime.ch\/pt-pt\/wp-json\/wp\/v2\/pages\/411\/revisions\/730"}],"wp:attachment":[{"href":"https:\/\/poverty-is-not-a-crime.ch\/pt-pt\/wp-json\/wp\/v2\/media?parent=411"}],"curies":[{"name":"wp","href":"https:\/\/api.w.org\/{rel}","templated":true}]}}