{"id":420,"date":"2021-01-22T00:21:08","date_gmt":"2021-01-22T00:21:08","guid":{"rendered":"https:\/\/poverty-is-not-a-crime.ch\/allianz\/"},"modified":"2022-04-11T07:17:19","modified_gmt":"2022-04-11T07:17:19","slug":"alleanza","status":"publish","type":"page","link":"https:\/\/poverty-is-not-a-crime.ch\/it\/alleanza\/","title":{"rendered":"Alleanza"},"content":{"rendered":"<div class=\"wpb-content-wrapper\"><p>[vc_row][vc_column width=&#8221;1\/4&#8243;][\/vc_column][vc_column width=&#8221;1\/2&#8243;][vc_custom_heading text=&#8221;Per noi le cose sono chiare: la povert\u00e0 non \u00e8 un reato!&#8221; use_theme_fonts=&#8221;yes&#8221;][vc_column_text]Esponenti della societ\u00e0 civile, della politica e delle organizzazioni per i diritti umani si schierano a favore della nostra iniziativa. Oltre 80 organizzazioni fanno parte di questa alleanza.[\/vc_column_text][vc_custom_heading text=&#8221;Organizzazioni&#8221; font_container=&#8221;tag:h3|text_align:left&#8221; use_theme_fonts=&#8221;yes&#8221;][\/vc_column][vc_column width=&#8221;1\/4&#8243;][\/vc_column][\/vc_row][vc_row][vc_column]<div class=\"weston-carousel carousel-height dark dots\" data-columns=\"8\" data-tabletcolumns=\"4\" data-nav=\"true\" data-pagination=\"false\" data-autoplay=\"true\" data-loop=\"true\" data-animationtime=\"4000\">[vc_column_text]Associazione Solidariet\u00e0 e Diritti[\/vc_column_text][vc_single_image image=&#8221;757&#8243; img_size=&#8221;large&#8221;][vc_single_image image=&#8221;987&#8243; img_size=&#8221;large&#8221;][vc_single_image image=&#8221;816&#8243; img_size=&#8221;large&#8221;][vc_single_image image=&#8221;832&#8243; img_size=&#8221;large&#8221;][vc_single_image image=&#8221;1049&#8243; img_size=&#8221;large&#8221;][vc_single_image image=&#8221;752&#8243; img_size=&#8221;large&#8221;][vc_single_image image=&#8221;960&#8243; img_size=&#8221;large&#8221;][vc_single_image image=&#8221;795&#8243; img_size=&#8221;large&#8221;][vc_single_image image=&#8221;857&#8243; img_size=&#8221;large&#8221;][vc_single_image image=&#8221;847&#8243; img_size=&#8221;large&#8221;][vc_single_image image=&#8221;842&#8243; img_size=&#8221;large&#8221;][vc_single_image image=&#8221;741&#8243; img_size=&#8221;large&#8221;][vc_single_image image=&#8221;862&#8243; img_size=&#8221;large&#8221;][vc_single_image image=&#8221;652&#8243; img_size=&#8221;large&#8221;][vc_single_image image=&#8221;852&#8243; img_size=&#8221;large&#8221;][vc_column_text]Alevitisches Kulturzentrum Biel[\/vc_column_text][vc_single_image image=&#8221;711&#8243; img_size=&#8221;large&#8221;][vc_column_text]Solidarit\u00e4t mit den K\u00e4mpfen des Irans[\/vc_column_text][vc_single_image image=&#8221;702&#8243; img_size=&#8221;large&#8221;][vc_column_text]Bern kurdische Kultur Verein[\/vc_column_text][vc_single_image image=&#8221;695&#8243; img_size=&#8221;large&#8221;][vc_column_text]Anlaufstelle f\u00fcr Sans-Papiers Basel[\/vc_column_text][vc_column_text]Ref. Kirche St. Jakob Z\u00fcrich[\/vc_column_text][vc_single_image image=&#8221;572&#8243; img_size=&#8221;large&#8221;][vc_single_image image=&#8221;868&#8243; img_size=&#8221;large&#8221;][vc_single_image image=&#8221;874&#8243; img_size=&#8221;large&#8221;][vc_single_image image=&#8221;562&#8243; img_size=&#8221;large&#8221;][vc_single_image image=&#8221;577&#8243; img_size=&#8221;large&#8221;][vc_single_image image=&#8221;582&#8243; img_size=&#8221;large&#8221;][vc_single_image image=&#8221;594&#8243; img_size=&#8221;large&#8221;][vc_single_image image=&#8221;587&#8243; img_size=&#8221;large&#8221;][vc_single_image image=&#8221;542&#8243; img_size=&#8221;large&#8221;][vc_single_image image=&#8221;137&#8243; img_size=&#8221;large&#8221;][vc_single_image image=&#8221;142&#8243; img_size=&#8221;large&#8221;][vc_single_image image=&#8221;147&#8243; img_size=&#8221;large&#8221;][vc_single_image image=&#8221;152&#8243; img_size=&#8221;large&#8221;][vc_single_image image=&#8221;157&#8243; img_size=&#8221;large&#8221;][vc_single_image image=&#8221;162&#8243; img_size=&#8221;large&#8221;][vc_single_image image=&#8221;167&#8243; img_size=&#8221;large&#8221;][vc_single_image image=&#8221;172&#8243; img_size=&#8221;large&#8221;][vc_single_image image=&#8221;177&#8243; img_size=&#8221;large&#8221;][vc_single_image image=&#8221;182&#8243; img_size=&#8221;large&#8221;][vc_single_image image=&#8221;187&#8243; img_size=&#8221;large&#8221;][vc_single_image image=&#8221;192&#8243; img_size=&#8221;large&#8221;][vc_single_image image=&#8221;197&#8243; img_size=&#8221;large&#8221;][vc_single_image image=&#8221;202&#8243; img_size=&#8221;large&#8221;][vc_single_image image=&#8221;207&#8243; img_size=&#8221;large&#8221;][vc_single_image image=&#8221;212&#8243; img_size=&#8221;large&#8221;][vc_single_image image=&#8221;217&#8243; img_size=&#8221;large&#8221;][vc_single_image image=&#8221;222&#8243; img_size=&#8221;large&#8221;][vc_single_image image=&#8221;227&#8243; img_size=&#8221;large&#8221;][vc_single_image image=&#8221;232&#8243; img_size=&#8221;large&#8221;][vc_single_image image=&#8221;237&#8243; img_size=&#8221;large&#8221;][vc_single_image image=&#8221;242&#8243; img_size=&#8221;large&#8221;][vc_single_image image=&#8221;247&#8243; img_size=&#8221;medium&#8221;][vc_single_image image=&#8221;252&#8243; img_size=&#8221;large&#8221;][vc_single_image image=&#8221;257&#8243; img_size=&#8221;large&#8221;][vc_single_image image=&#8221;262&#8243; img_size=&#8221;large&#8221;][vc_single_image image=&#8221;267&#8243; img_size=&#8221;large&#8221;][vc_single_image image=&#8221;277&#8243; img_size=&#8221;large&#8221;][vc_single_image image=&#8221;282&#8243; img_size=&#8221;large&#8221;][vc_single_image image=&#8221;287&#8243; img_size=&#8221;large&#8221;][vc_single_image image=&#8221;292&#8243; img_size=&#8221;large&#8221;][vc_single_image image=&#8221;549&#8243; img_size=&#8221;large&#8221;][vc_single_image image=&#8221;302&#8243; img_size=&#8221;large&#8221;][vc_single_image image=&#8221;307&#8243; img_size=&#8221;full&#8221;][vc_single_image image=&#8221;312&#8243; img_size=&#8221;large&#8221;][vc_single_image image=&#8221;317&#8243; img_size=&#8221;large&#8221;][vc_single_image image=&#8221;322&#8243; img_size=&#8221;large&#8221;][vc_single_image image=&#8221;327&#8243; img_size=&#8221;large&#8221;][vc_single_image image=&#8221;332&#8243; img_size=&#8221;large&#8221;][vc_single_image image=&#8221;337&#8243; img_size=&#8221;large&#8221;][vc_single_image image=&#8221;342&#8243; img_size=&#8221;large&#8221;][vc_single_image image=&#8221;347&#8243; img_size=&#8221;large&#8221;][vc_single_image image=&#8221;364&#8243; img_size=&#8221;large&#8221;][vc_single_image image=&#8221;644&#8243; img_size=&#8221;large&#8221;][vc_single_image image=&#8221;976&#8243; img_size=&#8221;large&#8221;][vc_column_text]Aktionsgruppe Nothilfe[\/vc_column_text][vc_column_text]Fachstelle Frauenhandel und Frauenmigration[\/vc_column_text][vc_column_text]Riggi-Asyl[\/vc_column_text][vc_column_text]Sans-Papiers Anlaufstelle Z\u00fcrich (SPAZ)[\/vc_column_text]<\/div>[\/vc_column][\/vc_row][vc_row el_id=&#8221;FAQ&#8221;][vc_column width=&#8221;1\/4&#8243;][\/vc_column][vc_column width=&#8221;1\/2&#8243;][vc_custom_heading text=&#8221;FAQ&#8221; use_theme_fonts=&#8221;yes&#8221;][vc_column_text]Vuole saperne di pi\u00f9 sull&#8217;assistenza sociale, sui permessi di soggiorno o sulle modifiche della legge sugli stranieri e la loro integrazione (LStrI)?<br \/>\nMaggiori informazioni nelle FAQ (<a href=\"https:\/\/drive.google.com\/file\/d\/1YT3M5ww3Bzf8YUVR6tuut6AhrFnpMMT-\/view?usp=sharing\">francese<\/a> e <a href=\"https:\/\/drive.google.com\/file\/d\/1zMT1HQ6lr_VtdgjTD--km9Lta68B2nI0\/view?usp=sharing\">tedesco<\/a>)[\/vc_column_text][\/vc_column][vc_column width=&#8221;1\/4&#8243;][\/vc_column][\/vc_row][vc_row][vc_column width=&#8221;1\/4&#8243;][\/vc_column][vc_column width=&#8221;1\/2&#8243;][vc_custom_heading text=&#8221;La notra allenaza nei media&#8221; use_theme_fonts=&#8221;yes&#8221;][vc_column_text]<\/p>\n<ul>\n<li><a href=\"https:\/\/www.woz.ch\/t\/wobei-armut\">wobei \u2013 Armut<\/a>, WOZ, 25.11.21<\/li>\n<li>&#8220;<a href=\"https:\/\/daslamm.ch\/ohne-schweizer-pass-kann-sozialhilfebezug-gefaehrlich-werden\/\">Ohne Schweizer Pass kann Sozialhilfebezug gef\u00e4hrlich werden<\/a>&#8220;, das Lamm, 3.11.21<\/li>\n<li><a href=\"https:\/\/sagw.ch\/sagw\/aktuell\/blog\/details\/news\/armut-ist-kein-verbrechen-unbedingte-wohlfahrt-in-der-schweizer-rechtsprechung\/\">\u00abArmut ist kein Verbrechen\u00bb \u2013 (Un)bedingte Wohlfahrt in der Schweizer Rechtsprechung<\/a>, sagw, 7.04.21<\/li>\n<li>&#8220;<a href=\"https:\/\/sconfinamenti.info\/la-poverta-non-e-un-reato\/\">La povert\u00e0 non \u00e8 un reato<\/a>&#8220;, Sconfinamenti, 9.04.2021<\/li>\n<li>&#8220;<a href=\"https:\/\/jusletter.weblaw.ch\/juslissues\/2021\/1058\/auslandische-sozialh_259ca3b7e5.html__ONCE&amp;login=false\">Ausl\u00e4ndische Sozialhilfebeziehende im Fokus der Migrationsbeh\u00f6rde<\/a>&#8220;, Jusletter, 8.03.2021<\/li>\n<li>&#8220;P<a href=\"https:\/\/www.unia.ch\/fileadmin\/user_upload\/Publikationen\/Horizonte\/2021\/2021-02-19_Horizonte-SPAN.pdf\">orque la pobreza no es un crimen<\/a>&#8220;, Horizonte, 02.2021 (anche in <a href=\"https:\/\/www.unia.ch\/fileadmin\/user_upload\/Publikationen\/Horizonte\/2021\/2021-02-19_Horizonte-PORT.pdf\">portoghese<\/a>, <a href=\"https:\/\/www.unia.ch\/de\/aktuell\/publikationen\/horizonte\/tuerkce\">turco<\/a>, <a href=\"https:\/\/www.unia.ch\/fileadmin\/user_upload\/Publikationen\/Horizonte\/2021\/2021-02-19_Horizonte-BALK.pdf\">serbo-croato<\/a>, <a href=\"https:\/\/www.unia.ch\/fileadmin\/user_upload\/Publikationen\/Horizonte\/2021\/2021-02-19_Horizonte-ALB.pdf\">albanese<\/a> e <a href=\"https:\/\/www.unia.ch\/de\/arbeitswelt\/von-a-z\/migrantinnen\/polnische-infos\">polacco<\/a>)<\/li>\n<li>&#8220;<a href=\"https:\/\/jusletter.weblaw.ch\/juslissues\/2021\/1058\/auslandische-sozialh_259ca3b7e5.html__ONCE&amp;login=false\">Ausl\u00e4ndische Sozialhilfebeziehende im Fokus der Migrationsbeh\u00f6rde<\/a>&#8220;, Jusletter, 8.03.2021<\/li>\n<li>&#8220;<a href=\"https:\/\/beobachtungsstelle.ch\/fileadmin\/Publikationen\/2021\/Fokus_02_2021_F.pdf\">Quand l&#8217;aide sociale sert \u00e0 contr\u00f4ler les migrations<\/a>&#8220;, Fokus, 02.2021<\/li>\n<li>&#8220;<a href=\"https:\/\/beobachtungsstelle.ch\/fileadmin\/Publikationen\/2021\/Fokus_02_2021_D.pdf\">Sozialhilfe als Instrument der Migrationskontrolle<\/a>&#8220;, Fokus, 02.2021<\/li>\n<li>&#8220;<a href=\"http:\/\/www.caffe.ch\/stories\/Fatti\/67781_fermiamo_le_espulsioni_la_povert_non__un_reato\/\">Fermiamo le espulsioni, la povert\u00e0 non \u00e8 un reato<\/a>&#8220;, il caff\u00e8, 20.02.2021<\/li>\n<li>&#8220;<a href=\"https:\/\/www.workzeitung.ch\/2021\/01\/armut-ist-kein-verbrechen\/\">Armut ist kein Verbrechen<\/a>&#8220;, Workzeitung, 22.01.2021<\/li>\n<li><a href=\"https:\/\/www.evenement.ch\/articles\/la-pauvrete-nest-pas-un-crime\">&#8220;La pauvret\u00e9 n\u2019est pas un crime&#8221;<\/a>, L&#8217;evenement, 17.2.2021<\/li>\n<li>&#8220;<a href=\"https:\/\/www.unia.ch\/it\/attualita\/attualita\/articolo\/a\/17593\">L\u2019alleanza solidale cresce<\/a>&#8220;, Area, 12.2.2020<\/li>\n<li>&#8220;A<a href=\"https:\/\/www.blick.ch\/schweiz\/auslaendergesetz-knallhart-unverschuldeter-sozialhilfe-bezug-kann-zu-landesverweis-fuehren-id16333795.html\">usl\u00e4ndergesetz knallhart: Unverschuldeter Sozialhilfe-Bezug kann zu Landesverweis f\u00fchren<\/a>&#8220;, SonntagsBlick, 7.2.2020<\/li>\n<\/ul>\n<p>[\/vc_column_text][\/vc_column][vc_column width=&#8221;1\/4&#8243;][\/vc_column][\/vc_row]<\/p>\n<\/div>","protected":false},"excerpt":{"rendered":"<p>[vc_row][vc_column width=&#8221;1\/4&#8243;][\/vc_column][vc_column width=&#8221;1\/2&#8243;][vc_custom_heading text=&#8221;Per noi le cose sono chiare: la povert\u00e0 non \u00e8 un reato!&#8221; use_theme_fonts=&#8221;yes&#8221;][vc_column_text]Esponenti della societ\u00e0 civile, della politica e delle organizzazioni per i diritti umani si schierano a favore della nostra iniziativa. Oltre 80 organizzazioni fanno parte di questa alleanza.[\/vc_column_text][vc_custom_heading text=&#8221;Organizzazioni&#8221; font_container=&#8221;tag:h3|text_align:left&#8221; use_theme_fonts=&#8221;yes&#8221;][\/vc_column][vc_column width=&#8221;1\/4&#8243;][\/vc_column][\/vc_row][vc_row][vc_column][\/vc_column][\/vc_row][vc_row el_id=&#8221;FAQ&#8221;][vc_column width=&#8221;1\/4&#8243;][\/vc_column][vc_column width=&#8221;1\/2&#8243;][vc_custom_heading text=&#8221;FAQ&#8221; use_theme_fonts=&#8221;yes&#8221;][vc_column_text]Vuole saperne di pi\u00f9 &hellip; <a href=\"https:\/\/poverty-is-not-a-crime.ch\/it\/alleanza\/\" title=\"Alleanza\" class=\"read-more\">Read More<\/a><\/p>\n","protected":false},"author":1,"featured_media":0,"parent":0,"menu_order":0,"comment_status":"closed","ping_status":"closed","template":"","meta":{"footnotes":""},"class_list":["post-420","page","type-page","status-publish","hentry"],"yoast_head":"<!-- This site is optimized with the Yoast SEO plugin v27.4 - https:\/\/yoast.com\/product\/yoast-seo-wordpress\/ -->\n<title>Alleanza - Poverty is not a crime!<\/title>\n<meta name=\"robots\" content=\"index, follow, max-snippet:-1, max-image-preview:large, max-video-preview:-1\" \/>\n<link rel=\"canonical\" href=\"https:\/\/poverty-is-not-a-crime.ch\/it\/alleanza\/\" \/>\n<meta property=\"og:locale\" content=\"it_IT\" \/>\n<meta property=\"og:type\" content=\"article\" \/>\n<meta property=\"og:title\" content=\"Vuole dare testimonianza del suo sostegno?\" \/>\n<meta property=\"og:description\" content=\"Ci racconti perch\u00e9 ha firmato la nostra lettera aperta, perch\u00e9 la nostra iniziativa le sta a cuore.\" \/>\n<meta property=\"og:url\" content=\"https:\/\/poverty-is-not-a-crime.ch\/it\/alleanza\/\" \/>\n<meta property=\"og:site_name\" content=\"Poverty is not a crime!\" \/>\n<meta property=\"article:modified_time\" content=\"2022-04-11T07:17:19+00:00\" \/>\n<meta property=\"og:image\" content=\"https:\/\/poverty-is-not-a-crime.ch\/wp-content\/uploads\/2021\/01\/Visual_IT.png\" \/>\n\t<meta property=\"og:image:width\" content=\"1200\" \/>\n\t<meta property=\"og:image:height\" content=\"620\" \/>\n\t<meta property=\"og:image:type\" content=\"image\/png\" \/>\n<meta name=\"twitter:card\" content=\"summary_large_image\" \/>\n<meta name=\"twitter:title\" content=\"Vuole dare testimonianza del suo sostegno?\" \/>\n<meta name=\"twitter:description\" content=\"Ci racconti perch\u00e9 ha firmato la nostra lettera aperta, perch\u00e9 la nostra iniziativa le sta a cuore.\" \/>\n<meta name=\"twitter:image\" content=\"https:\/\/poverty-is-not-a-crime.ch\/wp-content\/uploads\/2021\/01\/Visual_IT.png\" \/>\n<meta name=\"twitter:label1\" content=\"Tempo di lettura stimato\" \/>\n\t<meta name=\"twitter:data1\" content=\"3 minuti\" \/>\n<script type=\"application\/ld+json\" class=\"yoast-schema-graph\">{\"@context\":\"https:\\\/\\\/schema.org\",\"@graph\":[{\"@type\":\"WebPage\",\"@id\":\"https:\\\/\\\/poverty-is-not-a-crime.ch\\\/it\\\/alleanza\\\/\",\"url\":\"https:\\\/\\\/poverty-is-not-a-crime.ch\\\/it\\\/alleanza\\\/\",\"name\":\"Alleanza - Poverty is not a crime!\",\"isPartOf\":{\"@id\":\"https:\\\/\\\/poverty-is-not-a-crime.ch\\\/it\\\/#website\"},\"datePublished\":\"2021-01-22T00:21:08+00:00\",\"dateModified\":\"2022-04-11T07:17:19+00:00\",\"breadcrumb\":{\"@id\":\"https:\\\/\\\/poverty-is-not-a-crime.ch\\\/it\\\/alleanza\\\/#breadcrumb\"},\"inLanguage\":\"it-IT\",\"potentialAction\":[{\"@type\":\"ReadAction\",\"target\":[\"https:\\\/\\\/poverty-is-not-a-crime.ch\\\/it\\\/alleanza\\\/\"]}]},{\"@type\":\"BreadcrumbList\",\"@id\":\"https:\\\/\\\/poverty-is-not-a-crime.ch\\\/it\\\/alleanza\\\/#breadcrumb\",\"itemListElement\":[{\"@type\":\"ListItem\",\"position\":1,\"name\":\"Startseite\",\"item\":\"https:\\\/\\\/poverty-is-not-a-crime.ch\\\/it\\\/\"},{\"@type\":\"ListItem\",\"position\":2,\"name\":\"Alleanza\"}]},{\"@type\":\"WebSite\",\"@id\":\"https:\\\/\\\/poverty-is-not-a-crime.ch\\\/it\\\/#website\",\"url\":\"https:\\\/\\\/poverty-is-not-a-crime.ch\\\/it\\\/\",\"name\":\"Poverty is not a crime!\",\"description\":\"Armut ist kein Verbrechen!\",\"publisher\":{\"@id\":\"https:\\\/\\\/poverty-is-not-a-crime.ch\\\/it\\\/#organization\"},\"potentialAction\":[{\"@type\":\"SearchAction\",\"target\":{\"@type\":\"EntryPoint\",\"urlTemplate\":\"https:\\\/\\\/poverty-is-not-a-crime.ch\\\/it\\\/?s={search_term_string}\"},\"query-input\":{\"@type\":\"PropertyValueSpecification\",\"valueRequired\":true,\"valueName\":\"search_term_string\"}}],\"inLanguage\":\"it-IT\"},{\"@type\":\"Organization\",\"@id\":\"https:\\\/\\\/poverty-is-not-a-crime.ch\\\/it\\\/#organization\",\"name\":\"Poverty is not a crime!\",\"url\":\"https:\\\/\\\/poverty-is-not-a-crime.ch\\\/it\\\/\",\"logo\":{\"@type\":\"ImageObject\",\"inLanguage\":\"it-IT\",\"@id\":\"https:\\\/\\\/poverty-is-not-a-crime.ch\\\/it\\\/#\\\/schema\\\/logo\\\/image\\\/\",\"url\":\"https:\\\/\\\/poverty-is-not-a-crime.ch\\\/wp-content\\\/uploads\\\/2021\\\/01\\\/Visual_EN.png\",\"contentUrl\":\"https:\\\/\\\/poverty-is-not-a-crime.ch\\\/wp-content\\\/uploads\\\/2021\\\/01\\\/Visual_EN.png\",\"width\":1200,\"height\":620,\"caption\":\"Poverty is not a crime!\"},\"image\":{\"@id\":\"https:\\\/\\\/poverty-is-not-a-crime.ch\\\/it\\\/#\\\/schema\\\/logo\\\/image\\\/\"}}]}<\/script>\n<!-- \/ Yoast SEO plugin. -->","yoast_head_json":{"title":"Alleanza - Poverty is not a crime!","robots":{"index":"index","follow":"follow","max-snippet":"max-snippet:-1","max-image-preview":"max-image-preview:large","max-video-preview":"max-video-preview:-1"},"canonical":"https:\/\/poverty-is-not-a-crime.ch\/it\/alleanza\/","og_locale":"it_IT","og_type":"article","og_title":"Vuole dare testimonianza del suo sostegno?","og_description":"Ci racconti perch\u00e9 ha firmato la nostra lettera aperta, perch\u00e9 la nostra iniziativa le sta a cuore.","og_url":"https:\/\/poverty-is-not-a-crime.ch\/it\/alleanza\/","og_site_name":"Poverty is not a crime!","article_modified_time":"2022-04-11T07:17:19+00:00","og_image":[{"width":1200,"height":620,"url":"https:\/\/poverty-is-not-a-crime.ch\/wp-content\/uploads\/2021\/01\/Visual_IT.png","type":"image\/png"}],"twitter_card":"summary_large_image","twitter_title":"Vuole dare testimonianza del suo sostegno?","twitter_description":"Ci racconti perch\u00e9 ha firmato la nostra lettera aperta, perch\u00e9 la nostra iniziativa le sta a cuore.","twitter_image":"https:\/\/poverty-is-not-a-crime.ch\/wp-content\/uploads\/2021\/01\/Visual_IT.png","twitter_misc":{"Tempo di lettura stimato":"3 minuti"},"schema":{"@context":"https:\/\/schema.org","@graph":[{"@type":"WebPage","@id":"https:\/\/poverty-is-not-a-crime.ch\/it\/alleanza\/","url":"https:\/\/poverty-is-not-a-crime.ch\/it\/alleanza\/","name":"Alleanza - Poverty is not a crime!","isPartOf":{"@id":"https:\/\/poverty-is-not-a-crime.ch\/it\/#website"},"datePublished":"2021-01-22T00:21:08+00:00","dateModified":"2022-04-11T07:17:19+00:00","breadcrumb":{"@id":"https:\/\/poverty-is-not-a-crime.ch\/it\/alleanza\/#breadcrumb"},"inLanguage":"it-IT","potentialAction":[{"@type":"ReadAction","target":["https:\/\/poverty-is-not-a-crime.ch\/it\/alleanza\/"]}]},{"@type":"BreadcrumbList","@id":"https:\/\/poverty-is-not-a-crime.ch\/it\/alleanza\/#breadcrumb","itemListElement":[{"@type":"ListItem","position":1,"name":"Startseite","item":"https:\/\/poverty-is-not-a-crime.ch\/it\/"},{"@type":"ListItem","position":2,"name":"Alleanza"}]},{"@type":"WebSite","@id":"https:\/\/poverty-is-not-a-crime.ch\/it\/#website","url":"https:\/\/poverty-is-not-a-crime.ch\/it\/","name":"Poverty is not a crime!","description":"Armut ist kein Verbrechen!","publisher":{"@id":"https:\/\/poverty-is-not-a-crime.ch\/it\/#organization"},"potentialAction":[{"@type":"SearchAction","target":{"@type":"EntryPoint","urlTemplate":"https:\/\/poverty-is-not-a-crime.ch\/it\/?s={search_term_string}"},"query-input":{"@type":"PropertyValueSpecification","valueRequired":true,"valueName":"search_term_string"}}],"inLanguage":"it-IT"},{"@type":"Organization","@id":"https:\/\/poverty-is-not-a-crime.ch\/it\/#organization","name":"Poverty is not a crime!","url":"https:\/\/poverty-is-not-a-crime.ch\/it\/","logo":{"@type":"ImageObject","inLanguage":"it-IT","@id":"https:\/\/poverty-is-not-a-crime.ch\/it\/#\/schema\/logo\/image\/","url":"https:\/\/poverty-is-not-a-crime.ch\/wp-content\/uploads\/2021\/01\/Visual_EN.png","contentUrl":"https:\/\/poverty-is-not-a-crime.ch\/wp-content\/uploads\/2021\/01\/Visual_EN.png","width":1200,"height":620,"caption":"Poverty is not a crime!"},"image":{"@id":"https:\/\/poverty-is-not-a-crime.ch\/it\/#\/schema\/logo\/image\/"}}]}},"_links":{"self":[{"href":"https:\/\/poverty-is-not-a-crime.ch\/it\/wp-json\/wp\/v2\/pages\/420","targetHints":{"allow":["GET"]}}],"collection":[{"href":"https:\/\/poverty-is-not-a-crime.ch\/it\/wp-json\/wp\/v2\/pages"}],"about":[{"href":"https:\/\/poverty-is-not-a-crime.ch\/it\/wp-json\/wp\/v2\/types\/page"}],"author":[{"embeddable":true,"href":"https:\/\/poverty-is-not-a-crime.ch\/it\/wp-json\/wp\/v2\/users\/1"}],"replies":[{"embeddable":true,"href":"https:\/\/poverty-is-not-a-crime.ch\/it\/wp-json\/wp\/v2\/comments?post=420"}],"version-history":[{"count":36,"href":"https:\/\/poverty-is-not-a-crime.ch\/it\/wp-json\/wp\/v2\/pages\/420\/revisions"}],"predecessor-version":[{"id":1054,"href":"https:\/\/poverty-is-not-a-crime.ch\/it\/wp-json\/wp\/v2\/pages\/420\/revisions\/1054"}],"wp:attachment":[{"href":"https:\/\/poverty-is-not-a-crime.ch\/it\/wp-json\/wp\/v2\/media?parent=420"}],"curies":[{"name":"wp","href":"https:\/\/api.w.org\/{rel}","templated":true}]}}