{"id":410,"date":"2021-01-21T14:08:05","date_gmt":"2021-01-21T14:08:05","guid":{"rendered":"https:\/\/poverty-is-not-a-crime.ch\/home\/"},"modified":"2023-06-08T19:00:36","modified_gmt":"2023-06-08T19:00:36","slug":"home","status":"publish","type":"page","link":"https:\/\/poverty-is-not-a-crime.ch\/it\/","title":{"rendered":"Petition"},"content":{"rendered":"<div class=\"wpb-content-wrapper\"><p>[vc_row full_width=&#8221;stretch_row&#8221; full_height=&#8221;yes&#8221; content_placement=&#8221;bottom&#8221; css=&#8221;.vc_custom_1611319868224{background-color: #000000 !important;}&#8221;][vc_column width=&#8221;1\/4&#8243;][\/vc_column][vc_column width=&#8221;1\/2&#8243;][vc_row_inner][vc_column_inner offset=&#8221;vc_hidden-xs&#8221;][vc_empty_space height=&#8221;195px&#8221;][\/vc_column_inner][\/vc_row_inner][vc_column_text el_class=&#8221;white&#8221;]&nbsp;<\/p>\n<p><span style=\"color: #ffffff;\">Grazie alle firme di oltre 16\u2019914 persone, il Consiglio nazionale ha gi\u00e0 detto S\u00cc all\u2019iniziativa parlamentare &#8220;La povert\u00e0 non \u00e8 reato&#8221;. Il 12 giugno, il Consiglio degli Stati prender\u00e0 la decisione finale. <\/span><\/p>\n<p><span style=\"color: #ffffff;\"><br \/>\nOggi abbiamo consegnato le firme della petizione. Ora tocca ai membri del Consiglio degli Stati riconoscere che la povert\u00e0 non \u00e8 reato.<\/span>[\/vc_column_text][vc_single_image image=&#8221;1074&#8243; img_size=&#8221;full&#8221;][\/vc_column][vc_column width=&#8221;1\/4&#8243;][\/vc_column][\/vc_row][vc_row el_id=&#8221;sign&#8221;][vc_column width=&#8221;1\/4&#8243;][\/vc_column][vc_column width=&#8221;1\/4&#8243;][\/vc_column][\/vc_row][vc_row][vc_column width=&#8221;1\/4&#8243;][\/vc_column][vc_column width=&#8221;1\/2&#8243;][vc_empty_space][vc_custom_heading text=&#8221;Le notre rivendicazioni&#8221; use_theme_fonts=&#8221;yes&#8221;][vc_column_text]Onorevoli Consigliere e Consiglieri nazionali,<\/p>\n<p>la povert\u00e0 pu\u00f2 colpire chiunque: per la perdita del posto di lavoro, per un incidente, una crisi economica, una malattia, il divorzio o altre situazioni di necessit\u00e0 personali. La crisi dovuta al coronavirus ce ne ha data una chiara dimostrazione. Per questo abbiamo un sistema sociale che garantisce a noi tutti una vita umanamente dignitosa in questo genere di situazioni.<\/p>\n<p>Ma questa garanzia non \u00e8 offerta a tutti. Nel nostro Paese vivono e lavorano 2 milioni di persone senza passaporto svizzero. Queste persone pagano le imposte da noi, molti di loro sono nati qui o sono arrivati in Svizzera quando erano ancora bambini. Per loro, la richiesta di prestazioni dell&#8217;assistenza sociale pu\u00f2 avere pesanti conseguenze: la Svizzera espelle anche persone che vivono qui addirittura da decenni. Dal 1o gennaio 2019 la revoca del permesso \u00e8 prevista persino per i domiciliati che soggiornano in Svizzera da pi\u00f9 di 15 anni.<\/p>\n<p>In questo modo si spezzano famiglie, si espellono dalla Svizzera persone colpite dalla povert\u00e0 o dalla malattia dopo che hanno vissuto qui per molti anni, e anche se il nostro Paese \u00e8 ormai da tempo la loro patria. Questa minaccia spinge sempre pi\u00f9 le persone interessate a rinunciare completamente al necessario aiuto. La crisi dovuta al coronavirus ha peggiorato ulteriormente il problema, mettendo a repentaglio anche esistenze sin qui sicure. Le lunghe code di attesa alle mense sociali dimostrano che oggi per molte persone i servizi sociali non sono pi\u00f9 un vero aiuto.<\/p>\n<p>Occorrono urgentemente adeguamenti legislativi, e presto avrete occasione di affrontare la questione: votate s\u00ec all&#8217;iniziativa parlamentare 20.451 &#8220;La povert\u00e0 non \u00e8 un reato\u201d e aiutateci a correggere questa ingiustizia.[\/vc_column_text][\/vc_column][vc_column width=&#8221;1\/4&#8221;][\/vc_column][\/vc_row]<\/p>\n<\/div>","protected":false},"excerpt":{"rendered":"<p>[vc_row full_width=&#8221;stretch_row&#8221; full_height=&#8221;yes&#8221; content_placement=&#8221;bottom&#8221; css=&#8221;.vc_custom_1611319868224{background-color: #000000 !important;}&#8221;][vc_column width=&#8221;1\/4&#8243;][\/vc_column][vc_column width=&#8221;1\/2&#8243;][vc_row_inner][vc_column_inner offset=&#8221;vc_hidden-xs&#8221;][vc_empty_space height=&#8221;195px&#8221;][\/vc_column_inner][\/vc_row_inner][vc_column_text el_class=&#8221;white&#8221;]&nbsp; Grazie alle firme di oltre 16\u2019914 persone, il Consiglio nazionale ha gi\u00e0 detto S\u00cc all\u2019iniziativa parlamentare &#8220;La povert\u00e0 non \u00e8 reato&#8221;. Il 12 giugno, il Consiglio degli Stati prender\u00e0 la decisione finale. Oggi abbiamo consegnato le firme della petizione. Ora tocca ai membri &hellip; <a href=\"https:\/\/poverty-is-not-a-crime.ch\/it\/\" title=\"Petition\" class=\"read-more\">Read More<\/a><\/p>\n","protected":false},"author":1,"featured_media":0,"parent":0,"menu_order":0,"comment_status":"closed","ping_status":"closed","template":"","meta":{"footnotes":""},"class_list":["post-410","page","type-page","status-publish","hentry"],"yoast_head":"<!-- This site is optimized with the Yoast SEO plugin v27.4 - https:\/\/yoast.com\/product\/yoast-seo-wordpress\/ -->\n<title>Petition - Poverty is not a crime!<\/title>\n<meta name=\"robots\" content=\"index, follow, max-snippet:-1, max-image-preview:large, max-video-preview:-1\" \/>\n<link rel=\"canonical\" href=\"https:\/\/poverty-is-not-a-crime.ch\/it\/\" \/>\n<meta property=\"og:locale\" content=\"it_IT\" \/>\n<meta property=\"og:type\" content=\"article\" \/>\n<meta property=\"og:title\" content=\"Firma ora la lettera aperta al Parlamento!\" \/>\n<meta property=\"og:description\" content=\"La povert\u00e0 pu\u00f2 colpire chiunque. E proprio adesso, la crisi generata dal coronavirus lo dimostra con evidenza. Il diritto all\u2019aiuto in situazioni di bisogno fa parte dei diritti fondamentali consacrati nella nostra Costituzione e garantiti a tutti. Ma questo non vale per tutti!\" \/>\n<meta property=\"og:url\" content=\"https:\/\/poverty-is-not-a-crime.ch\/it\/\" \/>\n<meta property=\"og:site_name\" content=\"Poverty is not a crime!\" \/>\n<meta property=\"article:modified_time\" content=\"2023-06-08T19:00:36+00:00\" \/>\n<meta property=\"og:image\" content=\"https:\/\/poverty-is-not-a-crime.ch\/wp-content\/uploads\/2021\/01\/Visual_IT.png\" \/>\n\t<meta property=\"og:image:width\" content=\"1200\" \/>\n\t<meta property=\"og:image:height\" content=\"620\" \/>\n\t<meta property=\"og:image:type\" content=\"image\/png\" \/>\n<meta name=\"twitter:card\" content=\"summary_large_image\" \/>\n<meta name=\"twitter:title\" content=\"Firma ora la lettera aperta al Parlamento!\" \/>\n<meta name=\"twitter:description\" content=\"La povert\u00e0 pu\u00f2 colpire chiunque. Il diritto all\u2019aiuto in situazioni di bisogno fa parte dei diritti fondamentali consacrati nella nostra Costituzione e garantiti a tutti. Ma questo non vale per tutti!\" \/>\n<meta name=\"twitter:image\" content=\"https:\/\/poverty-is-not-a-crime.ch\/wp-content\/uploads\/2021\/01\/Visual_IT.png\" \/>\n<meta name=\"twitter:label1\" content=\"Tempo di lettura stimato\" \/>\n\t<meta name=\"twitter:data1\" content=\"3 minuti\" \/>\n<script type=\"application\/ld+json\" class=\"yoast-schema-graph\">{\"@context\":\"https:\\\/\\\/schema.org\",\"@graph\":[{\"@type\":\"WebPage\",\"@id\":\"https:\\\/\\\/poverty-is-not-a-crime.ch\\\/it\\\/\",\"url\":\"https:\\\/\\\/poverty-is-not-a-crime.ch\\\/it\\\/\",\"name\":\"Petition - Poverty is not a crime!\",\"isPartOf\":{\"@id\":\"https:\\\/\\\/poverty-is-not-a-crime.ch\\\/it\\\/#website\"},\"datePublished\":\"2021-01-21T14:08:05+00:00\",\"dateModified\":\"2023-06-08T19:00:36+00:00\",\"breadcrumb\":{\"@id\":\"https:\\\/\\\/poverty-is-not-a-crime.ch\\\/it\\\/#breadcrumb\"},\"inLanguage\":\"it-IT\",\"potentialAction\":[{\"@type\":\"ReadAction\",\"target\":[\"https:\\\/\\\/poverty-is-not-a-crime.ch\\\/it\\\/\"]}]},{\"@type\":\"BreadcrumbList\",\"@id\":\"https:\\\/\\\/poverty-is-not-a-crime.ch\\\/it\\\/#breadcrumb\",\"itemListElement\":[{\"@type\":\"ListItem\",\"position\":1,\"name\":\"Startseite\",\"item\":\"https:\\\/\\\/poverty-is-not-a-crime.ch\\\/it\\\/\"},{\"@type\":\"ListItem\",\"position\":2,\"name\":\"Petition\"}]},{\"@type\":\"WebSite\",\"@id\":\"https:\\\/\\\/poverty-is-not-a-crime.ch\\\/it\\\/#website\",\"url\":\"https:\\\/\\\/poverty-is-not-a-crime.ch\\\/it\\\/\",\"name\":\"Poverty is not a crime!\",\"description\":\"Armut ist kein Verbrechen!\",\"publisher\":{\"@id\":\"https:\\\/\\\/poverty-is-not-a-crime.ch\\\/it\\\/#organization\"},\"potentialAction\":[{\"@type\":\"SearchAction\",\"target\":{\"@type\":\"EntryPoint\",\"urlTemplate\":\"https:\\\/\\\/poverty-is-not-a-crime.ch\\\/it\\\/?s={search_term_string}\"},\"query-input\":{\"@type\":\"PropertyValueSpecification\",\"valueRequired\":true,\"valueName\":\"search_term_string\"}}],\"inLanguage\":\"it-IT\"},{\"@type\":\"Organization\",\"@id\":\"https:\\\/\\\/poverty-is-not-a-crime.ch\\\/it\\\/#organization\",\"name\":\"Poverty is not a crime!\",\"url\":\"https:\\\/\\\/poverty-is-not-a-crime.ch\\\/it\\\/\",\"logo\":{\"@type\":\"ImageObject\",\"inLanguage\":\"it-IT\",\"@id\":\"https:\\\/\\\/poverty-is-not-a-crime.ch\\\/it\\\/#\\\/schema\\\/logo\\\/image\\\/\",\"url\":\"https:\\\/\\\/poverty-is-not-a-crime.ch\\\/wp-content\\\/uploads\\\/2021\\\/01\\\/Visual_EN.png\",\"contentUrl\":\"https:\\\/\\\/poverty-is-not-a-crime.ch\\\/wp-content\\\/uploads\\\/2021\\\/01\\\/Visual_EN.png\",\"width\":1200,\"height\":620,\"caption\":\"Poverty is not a crime!\"},\"image\":{\"@id\":\"https:\\\/\\\/poverty-is-not-a-crime.ch\\\/it\\\/#\\\/schema\\\/logo\\\/image\\\/\"}}]}<\/script>\n<!-- \/ Yoast SEO plugin. -->","yoast_head_json":{"title":"Petition - Poverty is not a crime!","robots":{"index":"index","follow":"follow","max-snippet":"max-snippet:-1","max-image-preview":"max-image-preview:large","max-video-preview":"max-video-preview:-1"},"canonical":"https:\/\/poverty-is-not-a-crime.ch\/it\/","og_locale":"it_IT","og_type":"article","og_title":"Firma ora la lettera aperta al Parlamento!","og_description":"La povert\u00e0 pu\u00f2 colpire chiunque. E proprio adesso, la crisi generata dal coronavirus lo dimostra con evidenza. Il diritto all\u2019aiuto in situazioni di bisogno fa parte dei diritti fondamentali consacrati nella nostra Costituzione e garantiti a tutti. Ma questo non vale per tutti!","og_url":"https:\/\/poverty-is-not-a-crime.ch\/it\/","og_site_name":"Poverty is not a crime!","article_modified_time":"2023-06-08T19:00:36+00:00","og_image":[{"width":1200,"height":620,"url":"https:\/\/poverty-is-not-a-crime.ch\/wp-content\/uploads\/2021\/01\/Visual_IT.png","type":"image\/png"}],"twitter_card":"summary_large_image","twitter_title":"Firma ora la lettera aperta al Parlamento!","twitter_description":"La povert\u00e0 pu\u00f2 colpire chiunque. Il diritto all\u2019aiuto in situazioni di bisogno fa parte dei diritti fondamentali consacrati nella nostra Costituzione e garantiti a tutti. Ma questo non vale per tutti!","twitter_image":"https:\/\/poverty-is-not-a-crime.ch\/wp-content\/uploads\/2021\/01\/Visual_IT.png","twitter_misc":{"Tempo di lettura stimato":"3 minuti"},"schema":{"@context":"https:\/\/schema.org","@graph":[{"@type":"WebPage","@id":"https:\/\/poverty-is-not-a-crime.ch\/it\/","url":"https:\/\/poverty-is-not-a-crime.ch\/it\/","name":"Petition - Poverty is not a crime!","isPartOf":{"@id":"https:\/\/poverty-is-not-a-crime.ch\/it\/#website"},"datePublished":"2021-01-21T14:08:05+00:00","dateModified":"2023-06-08T19:00:36+00:00","breadcrumb":{"@id":"https:\/\/poverty-is-not-a-crime.ch\/it\/#breadcrumb"},"inLanguage":"it-IT","potentialAction":[{"@type":"ReadAction","target":["https:\/\/poverty-is-not-a-crime.ch\/it\/"]}]},{"@type":"BreadcrumbList","@id":"https:\/\/poverty-is-not-a-crime.ch\/it\/#breadcrumb","itemListElement":[{"@type":"ListItem","position":1,"name":"Startseite","item":"https:\/\/poverty-is-not-a-crime.ch\/it\/"},{"@type":"ListItem","position":2,"name":"Petition"}]},{"@type":"WebSite","@id":"https:\/\/poverty-is-not-a-crime.ch\/it\/#website","url":"https:\/\/poverty-is-not-a-crime.ch\/it\/","name":"Poverty is not a crime!","description":"Armut ist kein Verbrechen!","publisher":{"@id":"https:\/\/poverty-is-not-a-crime.ch\/it\/#organization"},"potentialAction":[{"@type":"SearchAction","target":{"@type":"EntryPoint","urlTemplate":"https:\/\/poverty-is-not-a-crime.ch\/it\/?s={search_term_string}"},"query-input":{"@type":"PropertyValueSpecification","valueRequired":true,"valueName":"search_term_string"}}],"inLanguage":"it-IT"},{"@type":"Organization","@id":"https:\/\/poverty-is-not-a-crime.ch\/it\/#organization","name":"Poverty is not a crime!","url":"https:\/\/poverty-is-not-a-crime.ch\/it\/","logo":{"@type":"ImageObject","inLanguage":"it-IT","@id":"https:\/\/poverty-is-not-a-crime.ch\/it\/#\/schema\/logo\/image\/","url":"https:\/\/poverty-is-not-a-crime.ch\/wp-content\/uploads\/2021\/01\/Visual_EN.png","contentUrl":"https:\/\/poverty-is-not-a-crime.ch\/wp-content\/uploads\/2021\/01\/Visual_EN.png","width":1200,"height":620,"caption":"Poverty is not a crime!"},"image":{"@id":"https:\/\/poverty-is-not-a-crime.ch\/it\/#\/schema\/logo\/image\/"}}]}},"_links":{"self":[{"href":"https:\/\/poverty-is-not-a-crime.ch\/it\/wp-json\/wp\/v2\/pages\/410","targetHints":{"allow":["GET"]}}],"collection":[{"href":"https:\/\/poverty-is-not-a-crime.ch\/it\/wp-json\/wp\/v2\/pages"}],"about":[{"href":"https:\/\/poverty-is-not-a-crime.ch\/it\/wp-json\/wp\/v2\/types\/page"}],"author":[{"embeddable":true,"href":"https:\/\/poverty-is-not-a-crime.ch\/it\/wp-json\/wp\/v2\/users\/1"}],"replies":[{"embeddable":true,"href":"https:\/\/poverty-is-not-a-crime.ch\/it\/wp-json\/wp\/v2\/comments?post=410"}],"version-history":[{"count":13,"href":"https:\/\/poverty-is-not-a-crime.ch\/it\/wp-json\/wp\/v2\/pages\/410\/revisions"}],"predecessor-version":[{"id":1080,"href":"https:\/\/poverty-is-not-a-crime.ch\/it\/wp-json\/wp\/v2\/pages\/410\/revisions\/1080"}],"wp:attachment":[{"href":"https:\/\/poverty-is-not-a-crime.ch\/it\/wp-json\/wp\/v2\/media?parent=410"}],"curies":[{"name":"wp","href":"https:\/\/api.w.org\/{rel}","templated":true}]}}