{"id":676,"date":"2021-01-21T13:37:32","date_gmt":"2021-01-21T13:37:32","guid":{"rendered":"https:\/\/poverty-is-not-a-crime.ch\/datenschutzerklaerung\/"},"modified":"2021-02-05T17:56:05","modified_gmt":"2021-02-05T17:56:05","slug":"donnees","status":"publish","type":"page","link":"https:\/\/poverty-is-not-a-crime.ch\/fr\/donnees\/","title":{"rendered":"Protection de donn\u00e9es"},"content":{"rendered":"<div class=\"wpb-content-wrapper\"><p>[vc_row][vc_column][vc_column_text]<\/p>\n<p>Les informations sur les opinions politiques et la vision du monde des personnes sont des donn\u00e9es sensibles au sens de la loi suisse sur la protection des donn\u00e9es. Nos membres et sympathisant-e-s savent que nous attachons une grande importance \u00e0 un traitement s\u00fbr, transparent et l\u00e9gal de leurs donn\u00e9es. C\u2019est pourquoi le PS Suisse a communiqu\u00e9 avec le pr\u00e9pos\u00e9 f\u00e9d\u00e9ral \u00e0 la protection des donn\u00e9es et a expos\u00e9 l\u2019usage qu\u2019il faisait de ses donn\u00e9es, ainsi que les cat\u00e9gories de donn\u00e9es personnelles trait\u00e9es. Vous trouverez les informations d\u00e9taill\u00e9es ici.<\/p>\n<p>L\u2019alliance s\u2019engage \u00e0 ne jamais divulguer de donn\u00e9es personnelles \u00e0 des tiers lorsque cela n\u2019est pas requis par la loi ou n\u00e9cessaire \u00e0 la r\u00e9alisation d\u2019un objectif pour lequel la personne concern\u00e9e aurait en toute connaissance donn\u00e9 son consentement (voir ci-dessous).<\/p>\n<p>L\u2019alliance garantit le droit \u00e0 l\u2019information sur toutes les donn\u00e9es personnelles sauvegard\u00e9es.<\/p>\n<p>L\u2019alliance garantit le droit \u00e0 l\u2019effacement de toutes les donn\u00e9es personnelles sauvegard\u00e9es. Ceci ne s\u2019applique pas aux donn\u00e9es que nous sommes l\u00e9galement oblig\u00e9s de conserver, par exemple des re\u00e7us de paiement qui doivent \u00eatre sauvegard\u00e9s pendant dix ans, conform\u00e9ment au Code des obligations suisse.<\/p>\n<p>L\u2019alliance garantit le droit de corriger toutes les donn\u00e9es personnelles sauvegard\u00e9es.<\/p>\n<p>Dans tous les cas, le consentement est requis pour la sauvegarde et le traitement des donn\u00e9es personnelles.<\/p>\n<p>Afin de tenir les parties int\u00e9ress\u00e9es inform\u00e9es et de communiquer avec elles, l\u2019alliance utilise le courriel. Il supprime les donn\u00e9es personnelles d\u00e8s qu\u2019elles ne sont plus n\u00e9cessaires \u00e0 la r\u00e9alisation mentionn\u00e9e dans le formulaire de consentement ou si une personne retire son consentement \u00e0 l\u2019utilisation des donn\u00e9es.<\/p>\n<p>L\u2019alliance travaille avec des tiers et leur fournit des informations personnelles si n\u00e9cessaires. Parmi les partenaires avec lesquels nous travaillons il y a notamment :<\/p>\n<ul>\n<li>Diff\u00e9rents fournisseurs en mati\u00e8re d\u2019envoi de courriels : pour l\u2019envoi de lettres d\u2019information, nous utilisons actuellement MailChimp, une soci\u00e9t\u00e9 qui exploite ses serveurs aux \u00c9tats-Unis. MailChimp est utilis\u00e9 par un grand nombre d\u2019organisations et se trouve \u00eatre l\u2019entreprise phare du march\u00e9 pour l\u2019envoi des lettre d\u2019information \u2014 \u00e9galement parmi les organisations politiques en Suisse. MailChimp est certifi\u00e9 par le Swiss-<a href=\"https:\/\/www.privacyshield.gov\/Swiss-US-Privacy-Shield-FAQs\">U.S Privacy Shield Framework<\/a>. Le PS Suisse a \u00e9galement conclu un contrat de traitement des donn\u00e9es avec MailChimp. Pour plus d\u2019informations sur MailChimp, cliquez <a href=\"https:\/\/mailchimp.com\/de\/\">ici<\/a>.<\/li>\n<li><a href=\"https:\/\/www.raisenow.com\/de-ch\">RaiseNow<\/a> assure des paiements et des virements ais\u00e9s et s\u00e9curis\u00e9s sur Internet. La plate-forme de paiement \u00e9lectronique certifi\u00e9e a \u00e9t\u00e9 sp\u00e9cialement d\u00e9velopp\u00e9e pour les organisations d\u2019entraide. Le PS recueille et utilise vos donn\u00e9es afin de traiter votre virement, de maintenir la relation avec les donateurs\/trices et de vous envoyer des informations sur les projets en cours. Les instituts de cr\u00e9dit concern\u00e9s ne re\u00e7oivent vos donn\u00e9es que dans la mesure o\u00f9 cela serait absolument n\u00e9cessaire \u00e0 l\u2019ex\u00e9cution du paiement.<\/li>\n<\/ul>\n<p>Pour d\u2019autres questions concernant cette politique de protection des donn\u00e9es, n\u2019h\u00e9sitez pas \u00e0 nous contacter \u00e0 protectiondesdonnees@pssuisse.ch.<\/p>\n<p>[\/vc_column_text][vc_custom_heading text=\u00a0\u00bbFaire supprimer les t\u00e9moignages\u00a0\u00bb use_theme_fonts=\u00a0\u00bbyes\u00a0\u00bb][vc_wp_text]<div id=\"katb-remove-testimonial-wrap\"><div class=\"katb-remove-intro\">Datenschutzauflagen sehen vor, dass sie als Ersteller:in eines Statements in der Lage sind ein Statement entfernen zu lassen.\r\nBitte geben Sie uns Ihre Emailadresse und ein optionaler Kommentar mit der Begr\u00fcndung f\u00fcr die Entfernung im Formular unterhalb an. Die Admins der Webseite werden daraufhin kontaktiert um das Statement zu entfernen. Bedenken Sie, dass die Emailadresse mit jener des\/der Ersteller:in \u00fcbereinstimmen muss.\t\t\t\t\t\t<\/div><div class=\"katb-remove-testimonial-details\">Sie haben kein Statement ausgew\u00e4hlt. Bitte geben Sie zus\u00e4tzliche Informationen an, damit das Statement identifiziert werden kann.\t\t\t\t\t\t<\/div><\/div><form class=\"katb-remove-form\" method=\"POST\"><label class=\"katb-remove-email-label\">Ihre E-Mailadresse *<\/label><input type=\"text\" size=\"75\" name=\"remove_request_email\" value=\" \" \/><br\/><label class=\"katb-remove-comment-label\">Commentaire pour le motif de l&#039;\u00e9loignement<\/label><br\/><textarea class=\"katb-input-textarea\" rows=\"5\" name=\"remover_reason\" ><\/textarea><span class=\"katb-remove-submit-wrap\"><input class=\"katb-remove-submit\" type=\"submit\" name=\"katb_remove_submitted\" value=\"Absenden\" \/><input type=\"hidden\" id=\"katb_main_form_nonce\" name=\"katb_main_form_nonce\" value=\"3df842a81c\" \/><\/span><span class=\"katb_span_custom3\">This input should not be filled out<input class=\"custom_3\" type=\"text\" maxlength=\"100\" name=\"tb_custom3\" value=\"\" tabindex=\"-1\" autocomplete=\"off\" \/><\/span><\/form>[\/vc_wp_text][\/vc_column][\/vc_row]<\/p>\n<\/div>","protected":false},"excerpt":{"rendered":"<p>[vc_row][vc_column][vc_column_text] Les informations sur les opinions politiques et la vision du monde des personnes sont des donn\u00e9es sensibles au sens de la loi suisse sur la protection des donn\u00e9es. Nos membres et sympathisant-e-s savent que nous attachons une grande importance \u00e0 un traitement s\u00fbr, transparent et l\u00e9gal de leurs donn\u00e9es. C\u2019est pourquoi le PS Suisse &hellip; <a href=\"https:\/\/poverty-is-not-a-crime.ch\/fr\/donnees\/\" title=\"Protection de donn\u00e9es\" class=\"read-more\">Read More<\/a><\/p>\n","protected":false},"author":1,"featured_media":0,"parent":0,"menu_order":0,"comment_status":"closed","ping_status":"open","template":"","meta":{"footnotes":""},"class_list":["post-676","page","type-page","status-publish","hentry"],"yoast_head":"<!-- This site is optimized with the Yoast SEO plugin v27.3 - https:\/\/yoast.com\/product\/yoast-seo-wordpress\/ -->\n<title>Protection de donn\u00e9es - Poverty is not a crime!<\/title>\n<meta name=\"robots\" content=\"index, follow, max-snippet:-1, max-image-preview:large, max-video-preview:-1\" \/>\n<link rel=\"canonical\" href=\"https:\/\/poverty-is-not-a-crime.ch\/fr\/donnees\/\" \/>\n<meta property=\"og:locale\" content=\"fr_FR\" \/>\n<meta property=\"og:type\" content=\"article\" \/>\n<meta property=\"og:title\" content=\"Protection de donn\u00e9es - Poverty is not a crime!\" \/>\n<meta property=\"og:description\" content=\"[vc_row][vc_column][vc_column_text] Les informations sur les opinions politiques et la vision du monde des personnes sont des donn\u00e9es sensibles au sens de la loi suisse sur la protection des donn\u00e9es. Nos membres et sympathisant-e-s savent que nous attachons une grande importance \u00e0 un traitement s\u00fbr, transparent et l\u00e9gal de leurs donn\u00e9es. C\u2019est pourquoi le PS Suisse [&hellip;]\" \/>\n<meta property=\"og:url\" content=\"https:\/\/poverty-is-not-a-crime.ch\/fr\/donnees\/\" \/>\n<meta property=\"og:site_name\" content=\"Poverty is not a crime!\" \/>\n<meta property=\"article:modified_time\" content=\"2021-02-05T17:56:05+00:00\" \/>\n<meta name=\"twitter:card\" content=\"summary_large_image\" \/>\n<meta name=\"twitter:label1\" content=\"Dur\u00e9e de lecture estim\u00e9e\" \/>\n\t<meta name=\"twitter:data1\" content=\"3 minutes\" \/>\n<script type=\"application\/ld+json\" class=\"yoast-schema-graph\">{\"@context\":\"https:\\\/\\\/schema.org\",\"@graph\":[{\"@type\":\"WebPage\",\"@id\":\"https:\\\/\\\/poverty-is-not-a-crime.ch\\\/fr\\\/donnees\\\/\",\"url\":\"https:\\\/\\\/poverty-is-not-a-crime.ch\\\/fr\\\/donnees\\\/\",\"name\":\"Protection de donn\u00e9es - Poverty is not a crime!\",\"isPartOf\":{\"@id\":\"https:\\\/\\\/poverty-is-not-a-crime.ch\\\/fr\\\/#website\"},\"datePublished\":\"2021-01-21T13:37:32+00:00\",\"dateModified\":\"2021-02-05T17:56:05+00:00\",\"breadcrumb\":{\"@id\":\"https:\\\/\\\/poverty-is-not-a-crime.ch\\\/fr\\\/donnees\\\/#breadcrumb\"},\"inLanguage\":\"fr-FR\",\"potentialAction\":[{\"@type\":\"ReadAction\",\"target\":[\"https:\\\/\\\/poverty-is-not-a-crime.ch\\\/fr\\\/donnees\\\/\"]}]},{\"@type\":\"BreadcrumbList\",\"@id\":\"https:\\\/\\\/poverty-is-not-a-crime.ch\\\/fr\\\/donnees\\\/#breadcrumb\",\"itemListElement\":[{\"@type\":\"ListItem\",\"position\":1,\"name\":\"Startseite\",\"item\":\"https:\\\/\\\/poverty-is-not-a-crime.ch\\\/fr\\\/\"},{\"@type\":\"ListItem\",\"position\":2,\"name\":\"Protection de donn\u00e9es\"}]},{\"@type\":\"WebSite\",\"@id\":\"https:\\\/\\\/poverty-is-not-a-crime.ch\\\/fr\\\/#website\",\"url\":\"https:\\\/\\\/poverty-is-not-a-crime.ch\\\/fr\\\/\",\"name\":\"Poverty is not a crime!\",\"description\":\"Armut ist kein Verbrechen!\",\"publisher\":{\"@id\":\"https:\\\/\\\/poverty-is-not-a-crime.ch\\\/fr\\\/#organization\"},\"potentialAction\":[{\"@type\":\"SearchAction\",\"target\":{\"@type\":\"EntryPoint\",\"urlTemplate\":\"https:\\\/\\\/poverty-is-not-a-crime.ch\\\/fr\\\/?s={search_term_string}\"},\"query-input\":{\"@type\":\"PropertyValueSpecification\",\"valueRequired\":true,\"valueName\":\"search_term_string\"}}],\"inLanguage\":\"fr-FR\"},{\"@type\":\"Organization\",\"@id\":\"https:\\\/\\\/poverty-is-not-a-crime.ch\\\/fr\\\/#organization\",\"name\":\"Poverty is not a crime!\",\"url\":\"https:\\\/\\\/poverty-is-not-a-crime.ch\\\/fr\\\/\",\"logo\":{\"@type\":\"ImageObject\",\"inLanguage\":\"fr-FR\",\"@id\":\"https:\\\/\\\/poverty-is-not-a-crime.ch\\\/fr\\\/#\\\/schema\\\/logo\\\/image\\\/\",\"url\":\"https:\\\/\\\/poverty-is-not-a-crime.ch\\\/wp-content\\\/uploads\\\/2021\\\/01\\\/Visual_EN.png\",\"contentUrl\":\"https:\\\/\\\/poverty-is-not-a-crime.ch\\\/wp-content\\\/uploads\\\/2021\\\/01\\\/Visual_EN.png\",\"width\":1200,\"height\":620,\"caption\":\"Poverty is not a crime!\"},\"image\":{\"@id\":\"https:\\\/\\\/poverty-is-not-a-crime.ch\\\/fr\\\/#\\\/schema\\\/logo\\\/image\\\/\"}}]}<\/script>\n<!-- \/ Yoast SEO plugin. -->","yoast_head_json":{"title":"Protection de donn\u00e9es - Poverty is not a crime!","robots":{"index":"index","follow":"follow","max-snippet":"max-snippet:-1","max-image-preview":"max-image-preview:large","max-video-preview":"max-video-preview:-1"},"canonical":"https:\/\/poverty-is-not-a-crime.ch\/fr\/donnees\/","og_locale":"fr_FR","og_type":"article","og_title":"Protection de donn\u00e9es - Poverty is not a crime!","og_description":"[vc_row][vc_column][vc_column_text] Les informations sur les opinions politiques et la vision du monde des personnes sont des donn\u00e9es sensibles au sens de la loi suisse sur la protection des donn\u00e9es. Nos membres et sympathisant-e-s savent que nous attachons une grande importance \u00e0 un traitement s\u00fbr, transparent et l\u00e9gal de leurs donn\u00e9es. C\u2019est pourquoi le PS Suisse [&hellip;]","og_url":"https:\/\/poverty-is-not-a-crime.ch\/fr\/donnees\/","og_site_name":"Poverty is not a crime!","article_modified_time":"2021-02-05T17:56:05+00:00","twitter_card":"summary_large_image","twitter_misc":{"Dur\u00e9e de lecture estim\u00e9e":"3 minutes"},"schema":{"@context":"https:\/\/schema.org","@graph":[{"@type":"WebPage","@id":"https:\/\/poverty-is-not-a-crime.ch\/fr\/donnees\/","url":"https:\/\/poverty-is-not-a-crime.ch\/fr\/donnees\/","name":"Protection de donn\u00e9es - Poverty is not a crime!","isPartOf":{"@id":"https:\/\/poverty-is-not-a-crime.ch\/fr\/#website"},"datePublished":"2021-01-21T13:37:32+00:00","dateModified":"2021-02-05T17:56:05+00:00","breadcrumb":{"@id":"https:\/\/poverty-is-not-a-crime.ch\/fr\/donnees\/#breadcrumb"},"inLanguage":"fr-FR","potentialAction":[{"@type":"ReadAction","target":["https:\/\/poverty-is-not-a-crime.ch\/fr\/donnees\/"]}]},{"@type":"BreadcrumbList","@id":"https:\/\/poverty-is-not-a-crime.ch\/fr\/donnees\/#breadcrumb","itemListElement":[{"@type":"ListItem","position":1,"name":"Startseite","item":"https:\/\/poverty-is-not-a-crime.ch\/fr\/"},{"@type":"ListItem","position":2,"name":"Protection de donn\u00e9es"}]},{"@type":"WebSite","@id":"https:\/\/poverty-is-not-a-crime.ch\/fr\/#website","url":"https:\/\/poverty-is-not-a-crime.ch\/fr\/","name":"Poverty is not a crime!","description":"Armut ist kein Verbrechen!","publisher":{"@id":"https:\/\/poverty-is-not-a-crime.ch\/fr\/#organization"},"potentialAction":[{"@type":"SearchAction","target":{"@type":"EntryPoint","urlTemplate":"https:\/\/poverty-is-not-a-crime.ch\/fr\/?s={search_term_string}"},"query-input":{"@type":"PropertyValueSpecification","valueRequired":true,"valueName":"search_term_string"}}],"inLanguage":"fr-FR"},{"@type":"Organization","@id":"https:\/\/poverty-is-not-a-crime.ch\/fr\/#organization","name":"Poverty is not a crime!","url":"https:\/\/poverty-is-not-a-crime.ch\/fr\/","logo":{"@type":"ImageObject","inLanguage":"fr-FR","@id":"https:\/\/poverty-is-not-a-crime.ch\/fr\/#\/schema\/logo\/image\/","url":"https:\/\/poverty-is-not-a-crime.ch\/wp-content\/uploads\/2021\/01\/Visual_EN.png","contentUrl":"https:\/\/poverty-is-not-a-crime.ch\/wp-content\/uploads\/2021\/01\/Visual_EN.png","width":1200,"height":620,"caption":"Poverty is not a crime!"},"image":{"@id":"https:\/\/poverty-is-not-a-crime.ch\/fr\/#\/schema\/logo\/image\/"}}]}},"_links":{"self":[{"href":"https:\/\/poverty-is-not-a-crime.ch\/fr\/wp-json\/wp\/v2\/pages\/676","targetHints":{"allow":["GET"]}}],"collection":[{"href":"https:\/\/poverty-is-not-a-crime.ch\/fr\/wp-json\/wp\/v2\/pages"}],"about":[{"href":"https:\/\/poverty-is-not-a-crime.ch\/fr\/wp-json\/wp\/v2\/types\/page"}],"author":[{"embeddable":true,"href":"https:\/\/poverty-is-not-a-crime.ch\/fr\/wp-json\/wp\/v2\/users\/1"}],"replies":[{"embeddable":true,"href":"https:\/\/poverty-is-not-a-crime.ch\/fr\/wp-json\/wp\/v2\/comments?post=676"}],"version-history":[{"count":4,"href":"https:\/\/poverty-is-not-a-crime.ch\/fr\/wp-json\/wp\/v2\/pages\/676\/revisions"}],"predecessor-version":[{"id":716,"href":"https:\/\/poverty-is-not-a-crime.ch\/fr\/wp-json\/wp\/v2\/pages\/676\/revisions\/716"}],"wp:attachment":[{"href":"https:\/\/poverty-is-not-a-crime.ch\/fr\/wp-json\/wp\/v2\/media?parent=676"}],"curies":[{"name":"wp","href":"https:\/\/api.w.org\/{rel}","templated":true}]}}