{"id":433,"date":"2021-01-22T00:10:28","date_gmt":"2021-01-22T00:10:28","guid":{"rendered":"https:\/\/poverty-is-not-a-crime.ch\/spenden\/"},"modified":"2021-02-03T17:26:22","modified_gmt":"2021-02-03T17:26:22","slug":"faire-un-don","status":"publish","type":"page","link":"https:\/\/poverty-is-not-a-crime.ch\/fr\/faire-un-don\/","title":{"rendered":"Faire un don"},"content":{"rendered":"<div class=\"wpb-content-wrapper\"><p>[vc_row][vc_column][vc_column_text]Le durcissement constant de la Loi sur les \u00e9trangers\/\u00e8res et l\u2019int\u00e9gration peut d\u00e9truire la vie de nombreuses personnes. Mais cela reste trop souvent invisible\u00a0!<\/p>\n<p>Nous voulons rassembler et mobiliser des personnes engag\u00e9es et directement concern\u00e9es afin d&rsquo;augmenter la pression sur les institutions. Nous en sommes convaincu-e-s : la pauvret\u00e9 n&rsquo;est pas un crime. <strong>Nous aiderez-vous \u00e0 atteindre encore plus de personnes gr\u00e2ce \u00e0 un don ?<\/strong><\/p>\n<p><em>Les dons \u00e0 l&rsquo;alliance sont trait\u00e9s par le SP Suisse et peuvent \u00eatre d\u00e9duits des imp\u00f4ts. Le PS Suisse envoie une confirmation de don.<\/em>[\/vc_column_text][\/vc_column][\/vc_row][vc_row][vc_column][vc_raw_html]JTNDZGl2JTIwY2xhc3MlM0QlMjJybnctd2lkZ2V0LWNvbnRhaW5lciUyMiUzRSUzQyUyRmRpdiUzRSUwQSUzQ3NjcmlwdCUyMHNyYyUzRCUyMmh0dHBzJTNBJTJGJTJGdGFtYXJvLnJhaXNlbm93LmNvbSUyRnNwLXNjaHdlaXolMkZsYXRlc3QlMkZ3aWRnZXQuanMlMjIlM0UlM0MlMkZzY3JpcHQlM0UlMEElM0NzY3JpcHQlM0UlMEF3aW5kb3cucm53LnRhbWFyby5ydW5XaWRnZXQlMjglMjcucm53LXdpZGdldC1jb250YWluZXIlMjclMkMlMjAlN0IlMEElMDlsYW5ndWFnZSUzQSUyMCUyN2ZyJTI3JTJDJTBBJTA5dGVzdE1vZGUlM0ElMjBmYWxzZSUyQyUwQSUwOWRlYnVnJTNBJTIwZmFsc2UlMkMlMEElMDlwdXJwb3NlcyUzQSUyMCU1QiUyN3AxJTI3JTVEJTJDJTBBJTA5cHVycG9zZURldGFpbHMlM0ElMjAlN0IlMEElMjAlMjAlMjAlMjAlMDlwMSUzQSUyMCU3QiUwQSUyMCUyMCUyMCUyMCUwOSUwOXN0b3JlZF9jYW1wYWlnbl9pZCUzQSUyMDI4ODg2MDUzJTJDJTBBJTIwJTIwJTIwJTIwJTA5JTdEJTJDJTBBJTIwJTIwJTIwJTIwJTdEJTJDJTBBJTIwJTIwJTIwJTIwcGF5bWVudFR5cGVzJTNBJTIwJTVCJTBBJUMyJUEwJUMyJUEwJUMyJUEwJTIwJTA5JTI3b25ldGltZSUyNyUyQyUwQSVDMiVBMCVDMiVBMCVDMiVBMCUyMCUwOSUyRiUyRiUyN3JlY3VycmluZyUyNyUwQSVDMiVBMCUyMCVDMiVBMCVDMiVBMCU1RCUyQyUwQSUyMCUyMCUyMCUyMHRyYW5zbGF0aW9ucyUzQSUyMCU3QiUwQSUyMCUyMCUyMCUyMCUyMCUyMCUyMCUyMGRlJTNBJTIwJTdCJTBBJTIwJTIwJTIwJTIwJTIwJTIwJTIwJTIwJTA5cHVycG9zZXMlM0ElMjAlN0IlMEElMjAlMjAlMjAlMjAlMjAlMjAlMjAlMjAlMjAlMjAlMjAlMDklMDlwMSUzQSUyMCUyN0FybXV0JTIwaXN0JTIwa2VpbiUyMFZlcmJyZWNoZW4lMjclMkMlMEElMjAlMjAlMjAlMjAlMjAlMjAlMjAlMjAlMDklN0QlMkMlMEElMjAlMjAlMjAlMjAlMjAlMjAlMjAlMjAlMDklMkYlMkFhbW91bnRfZGVzY3JpcHRpb25zJTNBJTIwJTVCJTBBJTIwJTIwJTIwJTIwJTIwJTIwJTIwJTIwJTIwJTA5JTA5JTdCJTBBJTIwJTIwJTIwJTIwJTIwJTIwJTIwJTIwJTIwJTIwJTA5JTA5JTA5JTIyaWYlMjIlM0ElMjAlMjJwYXltZW50VHlwZSUyOCUyOSUyMCUzRCUzRCUyMG9uZXRpbWUlMjIlMkMlMEElMjAlMjAlMjAlMjAlMjAlMjAlMjAlMjAlMjAlMjAlMDklMDklMDklMjJ0aGVuJTIyJTNBJTIwJTVCJTBBJTIwJTIwJTIwJTIwJTIwJTIwJTIwJTIwJTIwJTIwJTIwJTIwJTA5JTA5JTA5JTdCJTBBJTIwJTIwJTIwJTIwJTIwJTIwJTIwJTIwJTIwJTIwJTIwJTIwJTIwJTIwJTIwJTA5JTA5JTA5JTA5JTIyaWYlMjIlM0ElMjAlMjJhbW91bnQlMjglMjklMjAlM0QlM0QlMjA1MCUyMiUyQyUwQSUyMCUyMCUyMCUyMCUyMCUyMCUyMCUyMCUyMCUyMCUyMCUyMCUyMCUyMCUyMCUwOSUwOSUwOSUwOSUyMnRoZW4lMjIlM0ElMjAlMjJURVhUMSUyMiUwQSUyMCUyMCUyMCUyMCUyMCUyMCUyMCUyMCUyMCUyMCUyMCUyMCUyMCUwOSUwOSUwOSU3RCUyQyUwQSUyMCUyMCUyMCUyMCUyMCUyMCUyMCUyMCUyMCUyMCUyMCUyMCUyMCUwOSUwOSUwOSU3QiUwQSUyMCUyMCUyMCUyMCUyMCUyMCUyMCUyMCUyMCUyMCUyMCUyMCUyMCUyMCUyMCUwOSUwOSUwOSUwOSUyMmlmJTIyJTNBJTIwJTIyYW1vdW50JTI4JTI5JTIwJTNEJTNEJTIwMTAwJTIyJTJDJTBBJTIwJTIwJTIwJTIwJTIwJTIwJTIwJTIwJTIwJTIwJTIwJTIwJTIwJTIwJTIwJTA5JTA5JTA5JTA5JTIydGhlbiUyMiUzQSUyMCUyMlRFWFQyJTIyJTBBJTIwJTIwJTIwJTIwJTIwJTIwJTIwJTIwJTIwJTIwJTIwJTIwJTIwJTA5JTA5JTA5JTdEJTJDJTBBJTIwJTIwJTIwJTIwJTIwJTIwJTIwJTIwJTIwJTIwJTIwJTIwJTIwJTA5JTA5JTA5JTdCJTBBJTIwJTIwJTIwJTIwJTIwJTIwJTIwJTIwJTIwJTIwJTIwJTIwJTIwJTIwJTIwJTA5JTA5JTA5JTA5JTIyaWYlMjIlM0ElMjAlMjJhbW91bnQlMjglMjklMjAlM0QlM0QlMjAyMDAlMjIlMkMlMEElMjAlMjAlMjAlMjAlMjAlMjAlMjAlMjAlMjAlMjAlMjAlMjAlMjAlMjAlMjAlMDklMDklMDklMDklMjJ0aGVuJTIyJTNBJTIwJTIyVEVYVDMlMjIlMEElMjAlMjAlMjAlMjAlMjAlMjAlMjAlMjAlMjAlMjAlMjAlMjAlMjAlMDklMDklMDklN0QlMkMlMEElMjAlMjAlMjAlMjAlMjAlMjAlMjAlMjAlMjAlMjAlMjAlMjAlMjAlMDklMDklMDklN0IlMEElMjAlMjAlMjAlMjAlMjAlMjAlMjAlMjAlMjAlMjAlMjAlMjAlMjAlMjAlMjAlMDklMDklMDklMDklMjJpZiUyMiUzQSUyMCUyMmFtb3VudCUyOCUyOSUyMCUzRCUzRCUyMDQwMCUyMiUyQyUwQSUyMCUyMCUyMCUyMCUyMCUyMCUyMCUyMCUyMCUyMCUyMCUyMCUyMCUyMCUyMCUwOSUwOSUwOSUwOSUyMnRoZW4lMjIlM0ElMjAlMjJURVhUNCUyMiUwQSUyMCUyMCUyMCUyMCUyMCUyMCUyMCUyMCUyMCUyMCUyMCUyMCUyMCUwOSUwOSUwOSU3RCUyQyUwQSUyMCUyMCUyMCUyMCUyMCUyMCUyMCUyMCUyMCUyMCUyMCUyMCUyMCUwOSUwOSUwOSU3QiUwQSUyMCUyMCUyMCUyMCUyMCUyMCUyMCUyMCUyMCUyMCUyMCUyMCUyMCUyMCUyMCUwOSUwOSUwOSUwOSUyMmlmJTIyJTNBJTIwJTIyYW1vdW50JTI4JTI5JTIwJTNEJTNEJTIwY3VzdG9tX2Ftb3VudCUyMiUyQyUwQSUyMCUyMCUyMCUyMCUyMCUyMCUyMCUyMCUyMCUyMCUyMCUyMCUyMCUyMCUyMCUwOSUwOSUwOSUwOSUyMnRoZW4lMjIlM0ElMjAlMjJURVhUNSUyMiUwQSUyMCUyMCUyMCUyMCUyMCUyMCUyMCUyMCUyMCUyMCUyMCUyMCUyMCUwOSUwOSUwOSU3RCUwQSUyMCUyMCUyMCUyMCUyMCUyMCUyMCUyMCUyMCUyMCUyMCUwOSUwOSUwOSU1RCUwQSUyMCUyMCUyMCUyMCUyMCUyMCUyMCUyMCUyMCUwOSUwOSU3RCUyQyUwQSUyMCUyMCUyMCUyMCUyMCUyMCUyMCUwOSUwOSU1RCUyQSUyRiUwQSUyMCUyMCUyMCUyMCUwOSU3RCUyQyUwQSUyMCUyMCUyMCUyMCUwOWZyJTNBJTIwJTdCJTBBJTIwJTIwJTIwJTIwJTIwJTIwJTIwJTIwJTA5cHVycG9zZXMlM0ElMjAlN0IlMEElMjAlMjAlMjAlMjAlMjAlMjAlMjAlMjAlMjAlMjAlMjAlMDklMDlwMSUzQSUyMCUyN0xhJTIwcGF1dnJldCVDMyVBOSUyMG4lNUMlMjdlc3QlMjBwYXMlMjB1biUyMGNyaW1lJTI3JTJDJTBBJTIwJTIwJTIwJTIwJTIwJTIwJTIwJTIwJTA5JTdEJTJDJTBBJTIwJTIwJTIwJTIwJTIwJTIwJTIwJTIwJTA5JTJGJTJBYW1vdW50X2Rlc2NyaXB0aW9ucyUzQSUyMCU1QiUwQSUyMCUyMCUyMCUyMCUyMCUyMCUyMCUyMCUyMCUwOSUwOSU3QiUwQSUyMCUyMCUyMCUyMCUyMCUyMCUyMCUyMCUyMCUyMCUwOSUwOSUwOSUyMmlmJTIyJTNBJTIwJTIycGF5bWVudFR5cGUlMjglMjklMjAlM0QlM0QlMjBvbmV0aW1lJTIyJTJDJTBBJTIwJTIwJTIwJTIwJTIwJTIwJTIwJTIwJTIwJTIwJTA5JTA5JTA5JTIydGhlbiUyMiUzQSUyMCU1QiUwQSUyMCUyMCUyMCUyMCUyMCUyMCUyMCUyMCUyMCUyMCUyMCUyMCUwOSUwOSUwOSU3QiUwQSUyMCUyMCUyMCUyMCUyMCUyMCUyMCUyMCUyMCUyMCUyMCUyMCUyMCUyMCUyMCUwOSUwOSUwOSUwOSUyMmlmJTIyJTNBJTIwJTIyYW1vdW50JTI4JTI5JTIwJTNEJTNEJTIwNTAlMjIlMkMlMEElMjAlMjAlMjAlMjAlMjAlMjAlMjAlMjAlMjAlMjAlMjAlMjAlMjAlMjAlMjAlMDklMDklMDklMDklMjJ0aGVuJTIyJTNBJTIwJTIyVEVYVDElMjIlMEElMjAlMjAlMjAlMjAlMjAlMjAlMjAlMjAlMjAlMjAlMjAlMjAlMjAlMDklMDklMDklN0QlMkMlMEElMjAlMjAlMjAlMjAlMjAlMjAlMjAlMjAlMjAlMjAlMjAlMjAlMjAlMDklMDklMDklN0IlMEElMjAlMjAlMjAlMjAlMjAlMjAlMjAlMjAlMjAlMjAlMjAlMjAlMjAlMjAlMjAlMDklMDklMDklMDklMjJpZiUyMiUzQSUyMCUyMmFtb3VudCUyOCUyOSUyMCUzRCUzRCUyMDEwMCUyMiUyQyUwQSUyMCUyMCUyMCUyMCUyMCUyMCUyMCUyMCUyMCUyMCUyMCUyMCUyMCUyMCUyMCUwOSUwOSUwOSUwOSUyMnRoZW4lMjIlM0ElMjAlMjJURVhUMiUyMiUwQSUyMCUyMCUyMCUyMCUyMCUyMCUyMCUyMCUyMCUyMCUyMCUyMCUyMCUwOSUwOSUwOSU3RCUyQyUwQSUyMCUyMCUyMCUyMCUyMCUyMCUyMCUyMCUyMCUyMCUyMCUyMCUyMCUwOSUwOSUwOSU3QiUwQSUyMCUyMCUyMCUyMCUyMCUyMCUyMCUyMCUyMCUyMCUyMCUyMCUyMCUyMCUyMCUwOSUwOSUwOSUwOSUyMmlmJTIyJTNBJTIwJTIyYW1vdW50JTI4JTI5JTIwJTNEJTNEJTIwMjAwJTIyJTJDJTBBJTIwJTIwJTIwJTIwJTIwJTIwJTIwJTIwJTIwJTIwJTIwJTIwJTIwJTIwJTIwJTA5JTA5JTA5JTA5JTIydGhlbiUyMiUzQSUyMCUyMlRFWFQzJTIyJTBBJTIwJTIwJTIwJTIwJTIwJTIwJTIwJTIwJTIwJTIwJTIwJTIwJTIwJTA5JTA5JTA5JTdEJTJDJTBBJTIwJTIwJTIwJTIwJTIwJTIwJTIwJTIwJTIwJTIwJTIwJTIwJTIwJTA5JTA5JTA5JTdCJTBBJTIwJTIwJTIwJTIwJTIwJTIwJTIwJTIwJTIwJTIwJTIwJTIwJTIwJTIwJTIwJTA5JTA5JTA5JTA5JTIyaWYlMjIlM0ElMjAlMjJhbW91bnQlMjglMjklMjAlM0QlM0QlMjA0MDAlMjIlMkMlMEElMjAlMjAlMjAlMjAlMjAlMjAlMjAlMjAlMjAlMjAlMjAlMjAlMjAlMjAlMjAlMDklMDklMDklMDklMjJ0aGVuJTIyJTNBJTIwJTIyVEVYVDQlMjIlMEElMjAlMjAlMjAlMjAlMjAlMjAlMjAlMjAlMjAlMjAlMjAlMjAlMjAlMDklMDklMDklN0QlMkMlMEElMjAlMjAlMjAlMjAlMjAlMjAlMjAlMjAlMjAlMjAlMjAlMjAlMjAlMDklMDklMDklN0IlMEElMjAlMjAlMjAlMjAlMjAlMjAlMjAlMjAlMjAlMjAlMjAlMjAlMjAlMjAlMjAlMDklMDklMDklMDklMjJpZiUyMiUzQSUyMCUyMmFtb3VudCUyOCUyOSUyMCUzRCUzRCUyMGN1c3RvbV9hbW91bnQlMjIlMkMlMEElMjAlMjAlMjAlMjAlMjAlMjAlMjAlMjAlMjAlMjAlMjAlMjAlMjAlMjAlMjAlMDklMDklMDklMDklMjJ0aGVuJTIyJTNBJTIwJTIyVEVYVDUlMjIlMEElMjAlMjAlMjAlMjAlMjAlMjAlMjAlMjAlMjAlMjAlMjAlMjAlMjAlMDklMDklMDklN0QlMEElMjAlMjAlMjAlMjAlMjAlMjAlMjAlMjAlMjAlMjAlMjAlMDklMDklMDklNUQlMEElMjAlMjAlMjAlMjAlMjAlMjAlMjAlMjAlMjAlMDklMDklN0QlMkMlMEElMjAlMjAlMjAlMjAlMjAlMjAlMjAlMDklMDklNUQlMkElMkYlMEElMjAlMjAlMjAlMjAlMDklN0QlMkMlMEElMjAlMjAlMjAlMjAlMDlpdCUzQSUyMCU3QiUwQSUyMCUyMCUyMCUyMCUyMCUyMCUyMCUyMCUwOXB1cnBvc2VzJTNBJTIwJTdCJTBBJTIwJTIwJTIwJTIwJTIwJTIwJTIwJTIwJTIwJTIwJTIwJTA5JTA5cDElM0ElMjAlMjdMYSUyMHBvdmVydCVDMyVBMCUyMG5vbiUyMCVDMyVBOCUyMHVuJTIwcmVhdG8lMjclMkMlMEElMjAlMjAlMjAlMjAlMjAlMjAlMjAlMjAlMDklN0QlMkMlMEElMjAlMjAlMjAlMjAlMjAlMjAlMjAlMjAlMDklMkYlMkFhbW91bnRfZGVzY3JpcHRpb25zJTNBJTIwJTVCJTBBJTIwJTIwJTIwJTIwJTIwJTIwJTIwJTIwJTIwJTA5JTA5JTdCJTBBJTIwJTIwJTIwJTIwJTIwJTIwJTIwJTIwJTIwJTIwJTA5JTA5JTA5JTIyaWYlMjIlM0ElMjAlMjJwYXltZW50VHlwZSUyOCUyOSUyMCUzRCUzRCUyMG9uZXRpbWUlMjIlMkMlMEElMjAlMjAlMjAlMjAlMjAlMjAlMjAlMjAlMjAlMjAlMDklMDklMDklMjJ0aGVuJTIyJTNBJTIwJTVCJTBBJTIwJTIwJTIwJTIwJTIwJTIwJTIwJTIwJTIwJTIwJTIwJTIwJTA5JTA5JTA5JTdCJTBBJTIwJTIwJTIwJTIwJTIwJTIwJTIwJTIwJTIwJTIwJTIwJTIwJTIwJTIwJTIwJTA5JTA5JTA5JTA5JTIyaWYlMjIlM0ElMjAlMjJhbW91bnQlMjglMjklMjAlM0QlM0QlMjA1MCUyMiUyQyUwQSUyMCUyMCUyMCUyMCUyMCUyMCUyMCUyMCUyMCUyMCUyMCUyMCUyMCUyMCUyMCUwOSUwOSUwOSUwOSUyMnRoZW4lMjIlM0ElMjAlMjJURVhUMSUyMiUwQSUyMCUyMCUyMCUyMCUyMCUyMCUyMCUyMCUyMCUyMCUyMCUyMCUyMCUwOSUwOSUwOSU3RCUyQyUwQSUyMCUyMCUyMCUyMCUyMCUyMCUyMCUyMCUyMCUyMCUyMCUyMCUyMCUwOSUwOSUwOSU3QiUwQSUyMCUyMCUyMCUyMCUyMCUyMCUyMCUyMCUyMCUyMCUyMCUyMCUyMCUyMCUyMCUwOSUwOSUwOSUwOSUyMmlmJTIyJTNBJTIwJTIyYW1vdW50JTI4JTI5JTIwJTNEJTNEJTIwMTAwJTIyJTJDJTBBJTIwJTIwJTIwJTIwJTIwJTIwJTIwJTIwJTIwJTIwJTIwJTIwJTIwJTIwJTIwJTA5JTA5JTA5JTA5JTIydGhlbiUyMiUzQSUyMCUyMlRFWFQyJTIyJTBBJTIwJTIwJTIwJTIwJTIwJTIwJTIwJTIwJTIwJTIwJTIwJTIwJTIwJTA5JTA5JTA5JTdEJTJDJTBBJTIwJTIwJTIwJTIwJTIwJTIwJTIwJTIwJTIwJTIwJTIwJTIwJTIwJTA5JTA5JTA5JTdCJTBBJTIwJTIwJTIwJTIwJTIwJTIwJTIwJTIwJTIwJTIwJTIwJTIwJTIwJTIwJTIwJTA5JTA5JTA5JTA5JTIyaWYlMjIlM0ElMjAlMjJhbW91bnQlMjglMjklMjAlM0QlM0QlMjAyMDAlMjIlMkMlMEElMjAlMjAlMjAlMjAlMjAlMjAlMjAlMjAlMjAlMjAlMjAlMjAlMjAlMjAlMjAlMDklMDklMDklMDklMjJ0aGVuJTIyJTNBJTIwJTIyVEVYVDMlMjIlMEElMjAlMjAlMjAlMjAlMjAlMjAlMjAlMjAlMjAlMjAlMjAlMjAlMjAlMDklMDklMDklN0QlMkMlMEElMjAlMjAlMjAlMjAlMjAlMjAlMjAlMjAlMjAlMjAlMjAlMjAlMjAlMDklMDklMDklN0IlMEElMjAlMjAlMjAlMjAlMjAlMjAlMjAlMjAlMjAlMjAlMjAlMjAlMjAlMjAlMjAlMDklMDklMDklMDklMjJpZiUyMiUzQSUyMCUyMmFtb3VudCUyOCUyOSUyMCUzRCUzRCUyMDQwMCUyMiUyQyUwQSUyMCUyMCUyMCUyMCUyMCUyMCUyMCUyMCUyMCUyMCUyMCUyMCUyMCUyMCUyMCUwOSUwOSUwOSUwOSUyMnRoZW4lMjIlM0ElMjAlMjJURVhUNCUyMiUwQSUyMCUyMCUyMCUyMCUyMCUyMCUyMCUyMCUyMCUyMCUyMCUyMCUyMCUwOSUwOSUwOSU3RCUyQyUwQSUyMCUyMCUyMCUyMCUyMCUyMCUyMCUyMCUyMCUyMCUyMCUyMCUyMCUwOSUwOSUwOSU3QiUwQSUyMCUyMCUyMCUyMCUyMCUyMCUyMCUyMCUyMCUyMCUyMCUyMCUyMCUyMCUyMCUwOSUwOSUwOSUwOSUyMmlmJTIyJTNBJTIwJTIyYW1vdW50JTI4JTI5JTIwJTNEJTNEJTIwY3VzdG9tX2Ftb3VudCUyMiUyQyUwQSUyMCUyMCUyMCUyMCUyMCUyMCUyMCUyMCUyMCUyMCUyMCUyMCUyMCUyMCUyMCUwOSUwOSUwOSUwOSUyMnRoZW4lMjIlM0ElMjAlMjJURVhUNSUyMiUwQSUyMCUyMCUyMCUyMCUyMCUyMCUyMCUyMCUyMCUyMCUyMCUyMCUyMCUwOSUwOSUwOSU3RCUwQSUyMCUyMCUyMCUyMCUyMCUyMCUyMCUyMCUyMCUyMCUyMCUwOSUwOSUwOSU1RCUwQSUyMCUyMCUyMCUyMCUyMCUyMCUyMCUyMCUyMCUwOSUwOSU3RCUyQyUwQSUyMCUyMCUyMCUyMCUyMCUyMCUyMCUwOSUwOSU1RCUyQSUyRiUwQSUyMCUyMCUyMCUyMCUwOSU3RCUyQyUyMCUwQSUyMCUyMCUyMCUyMCU3RCUyQyUwQSUwOXNob3dTdG9yZWRDdXN0b21lckVtYWlsUGVybWlzc2lvbiUzQSUyMGZhbHNlJTJDJTBBJTA5cGF5bWVudEZvcm1QcmVmaWxsJTNBJTIwJTdCJTBBJTIwJTIwJTIwJTIwJTIwJTA5c3RvcmVkX2N1c3RvbWVyX2VtYWlsX3Blcm1pc3Npb24lM0ElMjB0cnVlJTJDJTBBJTIwJTIwJTIwJTIwJTIwJTA5c3RvcmVkX2N1c3RvbWVyX2RvbmF0aW9uX3JlY2VpcHQlM0ElMjB0cnVlJTJDJTBBJTIwJTIwJTIwJTIwJTIwJTA5c3RvcmVkX2N1c3RvbWVyX2NvdW50cnklM0ElMjAlMjdDSCUyNyUyQyUwQSUyMCUyMCUyMCUyMCUyMCUwOXN0b3JlZF9zeHRfYWRkcmVzc19zb3VyY2UlM0ElMjAlMjcxMDA4JTI3JTJDJTBBJTIwJTIwJTIwJTIwJTIwJTA5JTJGJTJGc3RvcmVkX2hpZGRlbl9wYXJhbWV0ZXIlM0ElMjAlMjdteVZhbHVlJTI3JTJDJTBBJTIwJTIwJTIwJTIwJTdEJTJDJTBBJTIwJTIwJTIwJTIwYW1vdW50cyUzQSUyMCU1QiUwQSUyMCUyMCUyMCUyMCUwOSU3QiUwQSUyMCUyMCUyMCUyMCUwOSUwOSUyMmlmJTIyJTNBJTIwJTIycGF5bWVudFR5cGUlMjglMjklMjAlM0QlM0QlMjBvbmV0aW1lJTIyJTJDJTBBJTIwJTIwJTIwJTIwJTIwJTIwJTIwJTIwJTIwJTIwJTA5JTIydGhlbiUyMiUzQSUyMCU1QjI1JTJDNTAlMkMxMDAlMkMyMDAlNUQlMkMlMEElMjAlMjAlMjAlMjAlMDklN0QlMkMlMEElMjAlMjAlMjAlMjAlMDklN0IlMEElMjAlMjAlMjAlMjAlMjAlMjAlMjAlMDklMDklMjJpZiUyMiUzQSUyMCUyMnJlY3VycmluZ0ludGVydmFsJTI4JTI5JTIwJTNEJTNEJTIwbW9udGhseSUyMCUyNiUyNiUyMHBheW1lbnRUeXBlJTI4JTI5JTIwJTNEJTNEJTIwcmVjdXJyaW5nJTIyJTJDJTBBJTIwJTIwJTIwJTIwJTIwJTIwJTIwJTA5JTA5JTIydGhlbiUyMiUzQSUyMCU1QjEwJTJDMjAlMkMzMCUyQzUwJTVEJTJDJTBBJTIwJTIwJTIwJTIwJTA5JTdEJTJDJTBBJTIwJTIwJTIwJTIwJTA5JTdCJTBBJTIwJTIwJTIwJTIwJTIwJTIwJTIwJTA5JTA5JTIyaWYlMjIlM0ElMjAlMjJyZWN1cnJpbmdJbnRlcnZhbCUyOCUyOSUyMCUzRCUzRCUyMHF1YXJ0ZXJseSUyMCUyNiUyNiUyMHBheW1lbnRUeXBlJTI4JTI5JTIwJTNEJTNEJTIwcmVjdXJyaW5nJTIyJTJDJTBBJTIwJTIwJTIwJTIwJTIwJTIwJTIwJTA5JTA5JTIydGhlbiUyMiUzQSUyMCU1QjMwJTJDNjAlMkM5MCUyQzE1MCU1RCUyQyUwQSUyMCUyMCUyMCUyMCUwOSU3RCUyQyUwQSUyMCUyMCUyMCUyMCUwOSU3QiUwQSUyMCUyMCUyMCUyMCUyMCUyMCUyMCUwOSUwOSUyMmlmJTIyJTNBJTIwJTIycmVjdXJyaW5nSW50ZXJ2YWwlMjglMjklMjAlM0QlM0QlMjBzZW1lc3RyYWwlMjAlMjYlMjYlMjBwYXltZW50VHlwZSUyOCUyOSUyMCUzRCUzRCUyMHJlY3VycmluZyUyMiUyQyUwQSUyMCUyMCUyMCUyMCUyMCUyMCUyMCUwOSUwOSUyMnRoZW4lMjIlM0ElMjAlNUI2MCUyQzEyMCUyQzE4MCUyQzMwMCU1RCUyQyUwQSUyMCUyMCUyMCUyMCUwOSU3RCUyQyUwQSUyMCUyMCUyMCUyMCUwOSU3QiUwQSUyMCUyMCUyMCUyMCUyMCUyMCUyMCUwOSUwOSUyMmlmJTIyJTNBJTIwJTIycmVjdXJyaW5nSW50ZXJ2YWwlMjglMjklMjAlM0QlM0QlMjB5ZWFybHklMjAlMjYlMjYlMjBwYXltZW50VHlwZSUyOCUyOSUyMCUzRCUzRCUyMHJlY3VycmluZyUyMiUyQyUwQSUyMCUyMCUyMCUyMCUyMCUyMCUyMCUwOSUwOSUyMnRoZW4lMjIlM0ElMjAlNUIxMjAlMkMyNDAlMkMzNjAlMkM2MDAlNUQlMkMlMEElMjAlMjAlMjAlMjAlMDklN0QlMkMlMEElMjAlMjAlMjAlMjAlNUQlMkMlMEElMjAlMjAlMjAlMjBwYXltZW50U2xpcERlbGl2ZXJ5VHlwZXMlM0ElMjAlNUIlMEElMDklMDklN0IlMEElMjAlMjAlMjAlMjAlMDklMDklMjJpZiUyMiUzQSUyMCUyMnBheW1lbnRUeXBlJTI4JTI5JTIwJTNEJTNEJTIwb25ldGltZSUyMiUyQyUwQSUyMCUyMCUyMCUyMCUyMCUyMCUyMCUyMCUyMCUyMCUwOSUyMnRoZW4lMjIlM0ElMjAlNUIlMjdkb3dubG9hZCUyNyUyQyUyN21haWwlMjclNUQlMkMlMEElMjAlMjAlMjAlMjAlMDklN0QlMkMlMEElMjAlMjAlMjAlMjAlMDklN0IlMEElMjAlMjAlMjAlMjAlMDklMDklMjJpZiUyMiUzQSUyMCUyMnBheW1lbnRUeXBlJTI4JTI5JTIwJTNEJTNEJTIwcmVjdXJyaW5nJTIyJTJDJTBBJTIwJTIwJTIwJTIwJTIwJTIwJTIwJTIwJTIwJTIwJTA5JTIydGhlbiUyMiUzQSUyMCU1QiUyN21haWwlMjclNUQlMkMlMEElMjAlMjAlMjAlMjAlMDklN0QlMkMlMEElMjAlMjAlMjAlMjAlNUQlMkMlMEElMjAlMjAlMjAlMjAlMkYlMkZtaW5pbXVtQ3VzdG9tQW1vdW50JTNBJTIwJTVCMTUlNUQlMkMlMEElMjAlMjAlMjAlMjAlMkYlMkZhbGxvd0N1c3RvbUFtb3VudCUzQSUyMHRydWUlMkMlMEElMjAlMjAlMjAlMjAlMkYlMkZsYXlvdXQlM0ElMjAlMjdsaXN0JTI3JTJDJTBBJTdEJTI5JTBBJTNDJTJGc2NyaXB0JTNFJTBBJTBBJTNDc3R5bGUlM0UlMEElMDklM0Fyb290JTIwJTdCJTBBJTIwJTIwJTIwJTIwJTIwJTIwLS10YW1hcm8tcHJpbWFyeS1jb2xvciUzQSUyMCUyM2U0MDIyZCUzQiUwQSUyMCUyMCUyMCUyMCUyMCUyMC0tdGFtYXJvLXByaW1hcnktY29sb3JfX2hvdmVyJTNBJTIwcmdiYSUyODIyOCUyQzIlMkM0NSUyQzAuNzUlMjklM0IlMEElMjAlMjAlMjAlMjAlMjAlMjAtLXRhbWFyby1wcmltYXJ5LWJnLWNvbG9yJTNBJTIwcmdiYSUyODIyOCUyQzIlMkM0NSUyQzAuMDMlMjklM0IlMEElMjAlMjAlMjAlMjAlMjAlMjAtLXRhbWFyby1ib3JkZXItY29sb3IlM0ElMjAlMjNiNWI1YjUlM0IlMEElMjAlMjAlMjAlMjAlMjAlMjAlMjAlMjAlMkYlMkFmb250LXNpemUlM0ElMjBpbmhlcml0JTNCJTJBJTJGJTBBJTIwJTIwJTIwJTIwJTdEJTIwJTIwJTIwJTIwJTIwJTIwJTBBJTNDJTJGc3R5bGUlM0U=[\/vc_raw_html][\/vc_column][\/vc_row]<\/p>\n<\/div>","protected":false},"excerpt":{"rendered":"<p>[vc_row][vc_column][vc_column_text]Le durcissement constant de la Loi sur les \u00e9trangers\/\u00e8res et l\u2019int\u00e9gration peut d\u00e9truire la vie de nombreuses personnes. Mais cela reste trop souvent invisible\u00a0! Nous voulons rassembler et mobiliser des personnes engag\u00e9es et directement concern\u00e9es afin d&rsquo;augmenter la pression sur les institutions. Nous en sommes convaincu-e-s : la pauvret\u00e9 n&rsquo;est pas un crime. Nous aiderez-vous &hellip; <a href=\"https:\/\/poverty-is-not-a-crime.ch\/fr\/faire-un-don\/\" title=\"Faire un don\" class=\"read-more\">Read More<\/a><\/p>\n","protected":false},"author":1,"featured_media":0,"parent":0,"menu_order":0,"comment_status":"closed","ping_status":"closed","template":"","meta":{"footnotes":""},"class_list":["post-433","page","type-page","status-publish","hentry"],"yoast_head":"<!-- This site is optimized with the Yoast SEO plugin v27.3 - https:\/\/yoast.com\/product\/yoast-seo-wordpress\/ -->\n<title>Faire un don - Poverty is not a crime!<\/title>\n<meta name=\"robots\" content=\"index, follow, max-snippet:-1, max-image-preview:large, max-video-preview:-1\" \/>\n<link rel=\"canonical\" href=\"https:\/\/poverty-is-not-a-crime.ch\/fr\/faire-un-don\/\" \/>\n<meta property=\"og:locale\" content=\"fr_FR\" \/>\n<meta property=\"og:type\" content=\"article\" \/>\n<meta property=\"og:title\" content=\"Faire un don - Poverty is not a crime!\" \/>\n<meta property=\"og:description\" content=\"[vc_row][vc_column][vc_column_text]Le durcissement constant de la Loi sur les \u00e9trangers\/\u00e8res et l\u2019int\u00e9gration peut d\u00e9truire la vie de nombreuses personnes. Mais cela reste trop souvent invisible\u00a0! Nous voulons rassembler et mobiliser des personnes engag\u00e9es et directement concern\u00e9es afin d&rsquo;augmenter la pression sur les institutions. Nous en sommes convaincu-e-s : la pauvret\u00e9 n&rsquo;est pas un crime. Nous aiderez-vous [&hellip;]\" \/>\n<meta property=\"og:url\" content=\"https:\/\/poverty-is-not-a-crime.ch\/fr\/faire-un-don\/\" \/>\n<meta property=\"og:site_name\" content=\"Poverty is not a crime!\" \/>\n<meta property=\"article:modified_time\" content=\"2021-02-03T17:26:22+00:00\" \/>\n<meta name=\"twitter:card\" content=\"summary_large_image\" \/>\n<meta name=\"twitter:label1\" content=\"Dur\u00e9e de lecture estim\u00e9e\" \/>\n\t<meta name=\"twitter:data1\" content=\"1 minute\" \/>\n<script type=\"application\/ld+json\" class=\"yoast-schema-graph\">{\"@context\":\"https:\\\/\\\/schema.org\",\"@graph\":[{\"@type\":\"WebPage\",\"@id\":\"https:\\\/\\\/poverty-is-not-a-crime.ch\\\/fr\\\/faire-un-don\\\/\",\"url\":\"https:\\\/\\\/poverty-is-not-a-crime.ch\\\/fr\\\/faire-un-don\\\/\",\"name\":\"Faire un don - Poverty is not a crime!\",\"isPartOf\":{\"@id\":\"https:\\\/\\\/poverty-is-not-a-crime.ch\\\/fr\\\/#website\"},\"datePublished\":\"2021-01-22T00:10:28+00:00\",\"dateModified\":\"2021-02-03T17:26:22+00:00\",\"breadcrumb\":{\"@id\":\"https:\\\/\\\/poverty-is-not-a-crime.ch\\\/fr\\\/faire-un-don\\\/#breadcrumb\"},\"inLanguage\":\"fr-FR\",\"potentialAction\":[{\"@type\":\"ReadAction\",\"target\":[\"https:\\\/\\\/poverty-is-not-a-crime.ch\\\/fr\\\/faire-un-don\\\/\"]}]},{\"@type\":\"BreadcrumbList\",\"@id\":\"https:\\\/\\\/poverty-is-not-a-crime.ch\\\/fr\\\/faire-un-don\\\/#breadcrumb\",\"itemListElement\":[{\"@type\":\"ListItem\",\"position\":1,\"name\":\"Startseite\",\"item\":\"https:\\\/\\\/poverty-is-not-a-crime.ch\\\/fr\\\/\"},{\"@type\":\"ListItem\",\"position\":2,\"name\":\"Faire un don\"}]},{\"@type\":\"WebSite\",\"@id\":\"https:\\\/\\\/poverty-is-not-a-crime.ch\\\/fr\\\/#website\",\"url\":\"https:\\\/\\\/poverty-is-not-a-crime.ch\\\/fr\\\/\",\"name\":\"Poverty is not a crime!\",\"description\":\"Armut ist kein Verbrechen!\",\"publisher\":{\"@id\":\"https:\\\/\\\/poverty-is-not-a-crime.ch\\\/fr\\\/#organization\"},\"potentialAction\":[{\"@type\":\"SearchAction\",\"target\":{\"@type\":\"EntryPoint\",\"urlTemplate\":\"https:\\\/\\\/poverty-is-not-a-crime.ch\\\/fr\\\/?s={search_term_string}\"},\"query-input\":{\"@type\":\"PropertyValueSpecification\",\"valueRequired\":true,\"valueName\":\"search_term_string\"}}],\"inLanguage\":\"fr-FR\"},{\"@type\":\"Organization\",\"@id\":\"https:\\\/\\\/poverty-is-not-a-crime.ch\\\/fr\\\/#organization\",\"name\":\"Poverty is not a crime!\",\"url\":\"https:\\\/\\\/poverty-is-not-a-crime.ch\\\/fr\\\/\",\"logo\":{\"@type\":\"ImageObject\",\"inLanguage\":\"fr-FR\",\"@id\":\"https:\\\/\\\/poverty-is-not-a-crime.ch\\\/fr\\\/#\\\/schema\\\/logo\\\/image\\\/\",\"url\":\"https:\\\/\\\/poverty-is-not-a-crime.ch\\\/wp-content\\\/uploads\\\/2021\\\/01\\\/Visual_EN.png\",\"contentUrl\":\"https:\\\/\\\/poverty-is-not-a-crime.ch\\\/wp-content\\\/uploads\\\/2021\\\/01\\\/Visual_EN.png\",\"width\":1200,\"height\":620,\"caption\":\"Poverty is not a crime!\"},\"image\":{\"@id\":\"https:\\\/\\\/poverty-is-not-a-crime.ch\\\/fr\\\/#\\\/schema\\\/logo\\\/image\\\/\"}}]}<\/script>\n<!-- \/ Yoast SEO plugin. -->","yoast_head_json":{"title":"Faire un don - Poverty is not a crime!","robots":{"index":"index","follow":"follow","max-snippet":"max-snippet:-1","max-image-preview":"max-image-preview:large","max-video-preview":"max-video-preview:-1"},"canonical":"https:\/\/poverty-is-not-a-crime.ch\/fr\/faire-un-don\/","og_locale":"fr_FR","og_type":"article","og_title":"Faire un don - Poverty is not a crime!","og_description":"[vc_row][vc_column][vc_column_text]Le durcissement constant de la Loi sur les \u00e9trangers\/\u00e8res et l\u2019int\u00e9gration peut d\u00e9truire la vie de nombreuses personnes. Mais cela reste trop souvent invisible\u00a0! Nous voulons rassembler et mobiliser des personnes engag\u00e9es et directement concern\u00e9es afin d&rsquo;augmenter la pression sur les institutions. Nous en sommes convaincu-e-s : la pauvret\u00e9 n&rsquo;est pas un crime. Nous aiderez-vous [&hellip;]","og_url":"https:\/\/poverty-is-not-a-crime.ch\/fr\/faire-un-don\/","og_site_name":"Poverty is not a crime!","article_modified_time":"2021-02-03T17:26:22+00:00","twitter_card":"summary_large_image","twitter_misc":{"Dur\u00e9e de lecture estim\u00e9e":"1 minute"},"schema":{"@context":"https:\/\/schema.org","@graph":[{"@type":"WebPage","@id":"https:\/\/poverty-is-not-a-crime.ch\/fr\/faire-un-don\/","url":"https:\/\/poverty-is-not-a-crime.ch\/fr\/faire-un-don\/","name":"Faire un don - Poverty is not a crime!","isPartOf":{"@id":"https:\/\/poverty-is-not-a-crime.ch\/fr\/#website"},"datePublished":"2021-01-22T00:10:28+00:00","dateModified":"2021-02-03T17:26:22+00:00","breadcrumb":{"@id":"https:\/\/poverty-is-not-a-crime.ch\/fr\/faire-un-don\/#breadcrumb"},"inLanguage":"fr-FR","potentialAction":[{"@type":"ReadAction","target":["https:\/\/poverty-is-not-a-crime.ch\/fr\/faire-un-don\/"]}]},{"@type":"BreadcrumbList","@id":"https:\/\/poverty-is-not-a-crime.ch\/fr\/faire-un-don\/#breadcrumb","itemListElement":[{"@type":"ListItem","position":1,"name":"Startseite","item":"https:\/\/poverty-is-not-a-crime.ch\/fr\/"},{"@type":"ListItem","position":2,"name":"Faire un don"}]},{"@type":"WebSite","@id":"https:\/\/poverty-is-not-a-crime.ch\/fr\/#website","url":"https:\/\/poverty-is-not-a-crime.ch\/fr\/","name":"Poverty is not a crime!","description":"Armut ist kein Verbrechen!","publisher":{"@id":"https:\/\/poverty-is-not-a-crime.ch\/fr\/#organization"},"potentialAction":[{"@type":"SearchAction","target":{"@type":"EntryPoint","urlTemplate":"https:\/\/poverty-is-not-a-crime.ch\/fr\/?s={search_term_string}"},"query-input":{"@type":"PropertyValueSpecification","valueRequired":true,"valueName":"search_term_string"}}],"inLanguage":"fr-FR"},{"@type":"Organization","@id":"https:\/\/poverty-is-not-a-crime.ch\/fr\/#organization","name":"Poverty is not a crime!","url":"https:\/\/poverty-is-not-a-crime.ch\/fr\/","logo":{"@type":"ImageObject","inLanguage":"fr-FR","@id":"https:\/\/poverty-is-not-a-crime.ch\/fr\/#\/schema\/logo\/image\/","url":"https:\/\/poverty-is-not-a-crime.ch\/wp-content\/uploads\/2021\/01\/Visual_EN.png","contentUrl":"https:\/\/poverty-is-not-a-crime.ch\/wp-content\/uploads\/2021\/01\/Visual_EN.png","width":1200,"height":620,"caption":"Poverty is not a crime!"},"image":{"@id":"https:\/\/poverty-is-not-a-crime.ch\/fr\/#\/schema\/logo\/image\/"}}]}},"_links":{"self":[{"href":"https:\/\/poverty-is-not-a-crime.ch\/fr\/wp-json\/wp\/v2\/pages\/433","targetHints":{"allow":["GET"]}}],"collection":[{"href":"https:\/\/poverty-is-not-a-crime.ch\/fr\/wp-json\/wp\/v2\/pages"}],"about":[{"href":"https:\/\/poverty-is-not-a-crime.ch\/fr\/wp-json\/wp\/v2\/types\/page"}],"author":[{"embeddable":true,"href":"https:\/\/poverty-is-not-a-crime.ch\/fr\/wp-json\/wp\/v2\/users\/1"}],"replies":[{"embeddable":true,"href":"https:\/\/poverty-is-not-a-crime.ch\/fr\/wp-json\/wp\/v2\/comments?post=433"}],"version-history":[{"count":5,"href":"https:\/\/poverty-is-not-a-crime.ch\/fr\/wp-json\/wp\/v2\/pages\/433\/revisions"}],"predecessor-version":[{"id":613,"href":"https:\/\/poverty-is-not-a-crime.ch\/fr\/wp-json\/wp\/v2\/pages\/433\/revisions\/613"}],"wp:attachment":[{"href":"https:\/\/poverty-is-not-a-crime.ch\/fr\/wp-json\/wp\/v2\/media?parent=433"}],"curies":[{"name":"wp","href":"https:\/\/api.w.org\/{rel}","templated":true}]}}