{"id":419,"date":"2021-01-22T00:21:08","date_gmt":"2021-01-22T00:21:08","guid":{"rendered":"https:\/\/poverty-is-not-a-crime.ch\/allianz\/"},"modified":"2022-04-11T07:16:35","modified_gmt":"2022-04-11T07:16:35","slug":"alliance","status":"publish","type":"page","link":"https:\/\/poverty-is-not-a-crime.ch\/fr\/alliance\/","title":{"rendered":"Alliance"},"content":{"rendered":"<div class=\"wpb-content-wrapper\"><p>[vc_row][vc_column width=\u00a0\u00bb1\/4&Prime;][\/vc_column][vc_column width=\u00a0\u00bb1\/2&Prime;][vc_custom_heading text=\u00a0\u00bbNous en sommes convaincu-e-s : La pauvret\u00e9 n&rsquo;est pas un crime !\u00a0\u00bb use_theme_fonts=\u00a0\u00bbyes\u00a0\u00bb][vc_column_text]L\u2019Alliance a \u00e9t\u00e9 \u00e9tablie par les organisations suivantes : Le PS, Unia, l\u2019Observatoire suisse du droit d\u2019asile et des \u00e9trangers (ODAE-Suisse).\u00a0 <strong>Elle compte aujourd\u2019hui sur le soutien de plus de 80 organisations.<\/strong>[\/vc_column_text][vc_custom_heading text=\u00a0\u00bbOrganisations\u00a0\u00bb font_container=\u00a0\u00bbtag:h3|text_align:left\u00a0\u00bb use_theme_fonts=\u00a0\u00bbyes\u00a0\u00bb][\/vc_column][vc_column width=\u00a0\u00bb1\/4&Prime;][\/vc_column][\/vc_row][vc_row][vc_column]<div class=\"weston-carousel carousel-height dark dots\" data-columns=\"8\" data-tabletcolumns=\"4\" data-nav=\"true\" data-pagination=\"false\" data-autoplay=\"true\" data-loop=\"true\" data-animationtime=\"4000\">[vc_column_text]Associazione Solidariet\u00e0 e Diritti[\/vc_column_text][vc_single_image image=\u00a0\u00bb756&Prime; img_size=\u00a0\u00bblarge\u00a0\u00bb][vc_single_image image=\u00a0\u00bb986&Prime; img_size=\u00a0\u00bblarge\u00a0\u00bb][vc_single_image image=\u00a0\u00bb815&Prime; img_size=\u00a0\u00bblarge\u00a0\u00bb][vc_single_image image=\u00a0\u00bb831&Prime; img_size=\u00a0\u00bblarge\u00a0\u00bb][vc_single_image image=\u00a0\u00bb1048&Prime; img_size=\u00a0\u00bblarge\u00a0\u00bb][vc_single_image image=\u00a0\u00bb751&Prime; img_size=\u00a0\u00bblarge\u00a0\u00bb][vc_single_image image=\u00a0\u00bb958&Prime; img_size=\u00a0\u00bblarge\u00a0\u00bb][vc_single_image image=\u00a0\u00bb788&Prime; img_size=\u00a0\u00bblarge\u00a0\u00bb][vc_single_image image=\u00a0\u00bb856&Prime; img_size=\u00a0\u00bblarge\u00a0\u00bb][vc_single_image image=\u00a0\u00bb846&Prime; img_size=\u00a0\u00bblarge\u00a0\u00bb][vc_single_image image=\u00a0\u00bb841&Prime; img_size=\u00a0\u00bblarge\u00a0\u00bb][vc_single_image image=\u00a0\u00bb738&Prime; img_size=\u00a0\u00bblarge\u00a0\u00bb][vc_single_image image=\u00a0\u00bb861&Prime; img_size=\u00a0\u00bblarge\u00a0\u00bb][vc_single_image image=\u00a0\u00bb651&Prime; img_size=\u00a0\u00bblarge\u00a0\u00bb][vc_single_image image=\u00a0\u00bb851&Prime; img_size=\u00a0\u00bblarge\u00a0\u00bb][vc_column_text]Alevitisches Kulturzentrum Biel[\/vc_column_text][vc_single_image image=\u00a0\u00bb710&Prime; img_size=\u00a0\u00bblarge\u00a0\u00bb][vc_column_text]Solidarit\u00e4t mit den K\u00e4mpfen des Irans[\/vc_column_text][vc_single_image image=\u00a0\u00bb701&Prime; img_size=\u00a0\u00bblarge\u00a0\u00bb][vc_column_text]Bern kurdische Kultur Verein[\/vc_column_text][vc_single_image image=\u00a0\u00bb694&Prime; img_size=\u00a0\u00bblarge\u00a0\u00bb][vc_column_text]Anlaufstelle f\u00fcr Sans-Papiers Basel[\/vc_column_text][vc_column_text]Ref. Kirche St. Jakob Z\u00fcrich[\/vc_column_text][vc_single_image image=\u00a0\u00bb571&Prime; img_size=\u00a0\u00bblarge\u00a0\u00bb][vc_single_image image=\u00a0\u00bb867&Prime; img_size=\u00a0\u00bblarge\u00a0\u00bb][vc_single_image image=\u00a0\u00bb873&Prime; img_size=\u00a0\u00bblarge\u00a0\u00bb][vc_single_image image=\u00a0\u00bb560&Prime; img_size=\u00a0\u00bblarge\u00a0\u00bb][vc_single_image image=\u00a0\u00bb576&Prime; img_size=\u00a0\u00bblarge\u00a0\u00bb][vc_single_image image=\u00a0\u00bb581&Prime; img_size=\u00a0\u00bblarge\u00a0\u00bb][vc_single_image image=\u00a0\u00bb593&Prime; img_size=\u00a0\u00bblarge\u00a0\u00bb][vc_single_image image=\u00a0\u00bb586&Prime; img_size=\u00a0\u00bblarge\u00a0\u00bb][vc_single_image image=\u00a0\u00bb541&Prime; img_size=\u00a0\u00bblarge\u00a0\u00bb][vc_single_image image=\u00a0\u00bb136&Prime; img_size=\u00a0\u00bblarge\u00a0\u00bb][vc_single_image image=\u00a0\u00bb141&Prime; img_size=\u00a0\u00bblarge\u00a0\u00bb][vc_single_image image=\u00a0\u00bb146&Prime; img_size=\u00a0\u00bblarge\u00a0\u00bb][vc_single_image image=\u00a0\u00bb151&Prime; img_size=\u00a0\u00bblarge\u00a0\u00bb][vc_single_image image=\u00a0\u00bb156&Prime; img_size=\u00a0\u00bblarge\u00a0\u00bb][vc_single_image image=\u00a0\u00bb161&Prime; img_size=\u00a0\u00bblarge\u00a0\u00bb][vc_single_image image=\u00a0\u00bb166&Prime; img_size=\u00a0\u00bblarge\u00a0\u00bb][vc_single_image image=\u00a0\u00bb171&Prime; img_size=\u00a0\u00bblarge\u00a0\u00bb][vc_single_image image=\u00a0\u00bb176&Prime; img_size=\u00a0\u00bblarge\u00a0\u00bb][vc_single_image image=\u00a0\u00bb181&Prime; img_size=\u00a0\u00bblarge\u00a0\u00bb][vc_single_image image=\u00a0\u00bb186&Prime; img_size=\u00a0\u00bblarge\u00a0\u00bb][vc_single_image image=\u00a0\u00bb191&Prime; img_size=\u00a0\u00bblarge\u00a0\u00bb][vc_single_image image=\u00a0\u00bb196&Prime; img_size=\u00a0\u00bblarge\u00a0\u00bb][vc_single_image image=\u00a0\u00bb201&Prime; img_size=\u00a0\u00bblarge\u00a0\u00bb][vc_single_image image=\u00a0\u00bb206&Prime; img_size=\u00a0\u00bblarge\u00a0\u00bb][vc_single_image image=\u00a0\u00bb211&Prime; img_size=\u00a0\u00bblarge\u00a0\u00bb][vc_single_image image=\u00a0\u00bb216&Prime; img_size=\u00a0\u00bblarge\u00a0\u00bb][vc_single_image image=\u00a0\u00bb221&Prime; img_size=\u00a0\u00bblarge\u00a0\u00bb][vc_single_image image=\u00a0\u00bb226&Prime; img_size=\u00a0\u00bblarge\u00a0\u00bb][vc_single_image image=\u00a0\u00bb231&Prime; img_size=\u00a0\u00bblarge\u00a0\u00bb][vc_single_image image=\u00a0\u00bb236&Prime; img_size=\u00a0\u00bblarge\u00a0\u00bb][vc_single_image image=\u00a0\u00bb241&Prime; img_size=\u00a0\u00bblarge\u00a0\u00bb][vc_single_image image=\u00a0\u00bb246&Prime; img_size=\u00a0\u00bbmedium\u00a0\u00bb][vc_single_image image=\u00a0\u00bb251&Prime; img_size=\u00a0\u00bblarge\u00a0\u00bb][vc_single_image image=\u00a0\u00bb256&Prime; img_size=\u00a0\u00bblarge\u00a0\u00bb][vc_single_image image=\u00a0\u00bb261&Prime; img_size=\u00a0\u00bblarge\u00a0\u00bb][vc_single_image image=\u00a0\u00bb266&Prime; img_size=\u00a0\u00bblarge\u00a0\u00bb][vc_single_image image=\u00a0\u00bb276&Prime; img_size=\u00a0\u00bblarge\u00a0\u00bb][vc_single_image image=\u00a0\u00bb281&Prime; img_size=\u00a0\u00bblarge\u00a0\u00bb][vc_single_image image=\u00a0\u00bb286&Prime; img_size=\u00a0\u00bblarge\u00a0\u00bb][vc_single_image image=\u00a0\u00bb291&Prime; img_size=\u00a0\u00bblarge\u00a0\u00bb][vc_single_image image=\u00a0\u00bb548&Prime; img_size=\u00a0\u00bblarge\u00a0\u00bb][vc_single_image image=\u00a0\u00bb301&Prime; img_size=\u00a0\u00bblarge\u00a0\u00bb][vc_single_image image=\u00a0\u00bb306&Prime; img_size=\u00a0\u00bbfull\u00a0\u00bb][vc_single_image image=\u00a0\u00bb311&Prime; img_size=\u00a0\u00bblarge\u00a0\u00bb][vc_single_image image=\u00a0\u00bb316&Prime; img_size=\u00a0\u00bblarge\u00a0\u00bb][vc_single_image image=\u00a0\u00bb321&Prime; img_size=\u00a0\u00bblarge\u00a0\u00bb][vc_single_image image=\u00a0\u00bb326&Prime; img_size=\u00a0\u00bblarge\u00a0\u00bb][vc_single_image image=\u00a0\u00bb331&Prime; img_size=\u00a0\u00bblarge\u00a0\u00bb][vc_single_image image=\u00a0\u00bb336&Prime; img_size=\u00a0\u00bblarge\u00a0\u00bb][vc_single_image image=\u00a0\u00bb341&Prime; img_size=\u00a0\u00bblarge\u00a0\u00bb][vc_single_image image=\u00a0\u00bb346&Prime; img_size=\u00a0\u00bblarge\u00a0\u00bb][vc_single_image image=\u00a0\u00bb363&Prime; img_size=\u00a0\u00bblarge\u00a0\u00bb][vc_single_image image=\u00a0\u00bb643&Prime; img_size=\u00a0\u00bblarge\u00a0\u00bb][vc_single_image image=\u00a0\u00bb975&Prime; img_size=\u00a0\u00bblarge\u00a0\u00bb][vc_column_text]Aktionsgruppe Nothilfe[\/vc_column_text][vc_column_text]Fachstelle Frauenhandel und Frauenmigration[\/vc_column_text][vc_column_text]Riggi-Asyl[\/vc_column_text][vc_column_text]Sans-Papiers Anlaufstelle Z\u00fcrich (SPAZ)[\/vc_column_text]<\/div>[\/vc_column][\/vc_row][vc_row el_id=\u00a0\u00bbFAQ\u00a0\u00bb][vc_column width=\u00a0\u00bb1\/4&Prime;][\/vc_column][vc_column width=\u00a0\u00bb1\/2&Prime;][vc_custom_heading text=\u00a0\u00bbFoire aux questions\u00a0\u00bb use_theme_fonts=\u00a0\u00bbyes\u00a0\u00bb][vc_column_text]Vous souhaitez en savoir plus sur l&rsquo;aide sociale, les permis de s\u00e9jour ou les modifications de la Loi sur les \u00e9trangers et l\u2019int\u00e9gration (LEI) ?<br \/>\nPlus d&rsquo;informations dans les <a href=\"https:\/\/drive.google.com\/file\/d\/1YT3M5ww3Bzf8YUVR6tuut6AhrFnpMMT-\/view?usp=sharing\">FAQ<\/a>.[\/vc_column_text][\/vc_column][vc_column width=\u00a0\u00bb1\/4&Prime;][\/vc_column][\/vc_row][vc_row][vc_column width=\u00a0\u00bb1\/4&Prime;][\/vc_column][vc_column width=\u00a0\u00bb1\/2&Prime;][vc_custom_heading text=\u00a0\u00bbNos alliance dans les m\u00e9dias\u00a0\u00bb use_theme_fonts=\u00a0\u00bbyes\u00a0\u00bb][vc_column_text]<\/p>\n<ul>\n<li><a href=\"https:\/\/www.woz.ch\/t\/wobei-armut\">wobei \u2013 Armut<\/a>, WOZ, 25.11.21<\/li>\n<li>\u00ab\u00a0<a href=\"https:\/\/daslamm.ch\/ohne-schweizer-pass-kann-sozialhilfebezug-gefaehrlich-werden\/\">Ohne Schweizer Pass kann Sozialhilfebezug gef\u00e4hrlich werden<\/a>\u00ab\u00a0, das Lamm, 3.11.21<\/li>\n<li><a href=\"https:\/\/sagw.ch\/sagw\/aktuell\/blog\/details\/news\/armut-ist-kein-verbrechen-unbedingte-wohlfahrt-in-der-schweizer-rechtsprechung\/\">\u00abArmut ist kein Verbrechen\u00bb \u2013 (Un)bedingte Wohlfahrt in der Schweizer Rechtsprechung<\/a>, sagw, 7.04.21<\/li>\n<li>\u00ab\u00a0<a href=\"https:\/\/sconfinamenti.info\/la-poverta-non-e-un-reato\/\">La povert\u00e0 non \u00e8 un reato<\/a>\u00ab\u00a0, Sconfinamenti, 9.04.2021<\/li>\n<li>\u00ab\u00a0<a href=\"https:\/\/jusletter.weblaw.ch\/juslissues\/2021\/1058\/auslandische-sozialh_259ca3b7e5.html__ONCE&amp;login=false\">Ausl\u00e4ndische Sozialhilfebeziehende im Fokus der Migrationsbeh\u00f6rde<\/a>\u00ab\u00a0, Jusletter, 8.03.2021<\/li>\n<li>\u00ab\u00a0P<a href=\"https:\/\/www.unia.ch\/fileadmin\/user_upload\/Publikationen\/Horizonte\/2021\/2021-02-19_Horizonte-SPAN.pdf\">orque la pobreza no es un crimen<\/a>\u00ab\u00a0, Horizonte, 02.2021 (anche in <a href=\"https:\/\/www.unia.ch\/fileadmin\/user_upload\/Publikationen\/Horizonte\/2021\/2021-02-19_Horizonte-PORT.pdf\">portoghese<\/a>, <a href=\"https:\/\/www.unia.ch\/de\/aktuell\/publikationen\/horizonte\/tuerkce\">turco<\/a>, <a href=\"https:\/\/www.unia.ch\/fileadmin\/user_upload\/Publikationen\/Horizonte\/2021\/2021-02-19_Horizonte-BALK.pdf\">serbo-croato<\/a>, <a href=\"https:\/\/www.unia.ch\/fileadmin\/user_upload\/Publikationen\/Horizonte\/2021\/2021-02-19_Horizonte-ALB.pdf\">albanese<\/a> e <a href=\"https:\/\/www.unia.ch\/de\/arbeitswelt\/von-a-z\/migrantinnen\/polnische-infos\">polacco<\/a>)<\/li>\n<li>\u00ab\u00a0<a href=\"https:\/\/jusletter.weblaw.ch\/juslissues\/2021\/1058\/auslandische-sozialh_259ca3b7e5.html__ONCE&amp;login=false\">Ausl\u00e4ndische Sozialhilfebeziehende im Fokus der Migrationsbeh\u00f6rde<\/a>\u00ab\u00a0, Jusletter, 8.03.2021<\/li>\n<li>\u00ab\u00a0<a href=\"https:\/\/beobachtungsstelle.ch\/fileadmin\/Publikationen\/2021\/Fokus_02_2021_F.pdf\">Quand l&rsquo;aide sociale sert \u00e0 contr\u00f4ler les migrations<\/a>\u00ab\u00a0, Fokus, 02.2021<\/li>\n<li>\u00ab\u00a0<a href=\"https:\/\/beobachtungsstelle.ch\/fileadmin\/Publikationen\/2021\/Fokus_02_2021_D.pdf\">Sozialhilfe als Instrument der Migrationskontrolle<\/a>\u00ab\u00a0, Fokus, 02.2021<\/li>\n<li>\u00ab\u00a0<a href=\"http:\/\/www.caffe.ch\/stories\/Fatti\/67781_fermiamo_le_espulsioni_la_povert_non__un_reato\/\">Fermiamo le espulsioni, la povert\u00e0 non \u00e8 un reato<\/a>\u00ab\u00a0, il caff\u00e8, 20.02.2021<\/li>\n<li>\u00ab\u00a0<a href=\"https:\/\/www.workzeitung.ch\/2021\/01\/armut-ist-kein-verbrechen\/\">Armut ist kein Verbrechen<\/a>\u00ab\u00a0, Workzeitung, 22.01.2021<\/li>\n<li><a href=\"https:\/\/www.evenement.ch\/articles\/la-pauvrete-nest-pas-un-crime\">\u00ab\u00a0La pauvret\u00e9 n\u2019est pas un crime\u00a0\u00bb<\/a>, L&rsquo;evenement, 17.2.2021<\/li>\n<li>\u00ab\u00a0<a href=\"https:\/\/www.unia.ch\/it\/attualita\/attualita\/articolo\/a\/17593\">L\u2019alleanza solidale cresce<\/a>\u00ab\u00a0, Area, 12.2.2020<\/li>\n<li>\u00ab\u00a0A<a href=\"https:\/\/www.blick.ch\/schweiz\/auslaendergesetz-knallhart-unverschuldeter-sozialhilfe-bezug-kann-zu-landesverweis-fuehren-id16333795.html\">usl\u00e4ndergesetz knallhart: Unverschuldeter Sozialhilfe-Bezug kann zu Landesverweis f\u00fchren<\/a>\u00ab\u00a0, SonntagsBlick, 7.2.2020<\/li>\n<\/ul>\n<p>[\/vc_column_text][\/vc_column][vc_column width=\u00a0\u00bb1\/4&Prime;][\/vc_column][\/vc_row]<\/p>\n<\/div>","protected":false},"excerpt":{"rendered":"<p>[vc_row][vc_column width=\u00a0\u00bb1\/4&Prime;][\/vc_column][vc_column width=\u00a0\u00bb1\/2&Prime;][vc_custom_heading text=\u00a0\u00bbNous en sommes convaincu-e-s : La pauvret\u00e9 n&rsquo;est pas un crime !\u00a0\u00bb use_theme_fonts=\u00a0\u00bbyes\u00a0\u00bb][vc_column_text]L\u2019Alliance a \u00e9t\u00e9 \u00e9tablie par les organisations suivantes : Le PS, Unia, l\u2019Observatoire suisse du droit d\u2019asile et des \u00e9trangers (ODAE-Suisse).\u00a0 Elle compte aujourd\u2019hui sur le soutien de plus de 80 organisations.[\/vc_column_text][vc_custom_heading text=\u00a0\u00bbOrganisations\u00a0\u00bb font_container=\u00a0\u00bbtag:h3|text_align:left\u00a0\u00bb use_theme_fonts=\u00a0\u00bbyes\u00a0\u00bb][\/vc_column][vc_column width=\u00a0\u00bb1\/4&Prime;][\/vc_column][\/vc_row][vc_row][vc_column][\/vc_column][\/vc_row][vc_row el_id=\u00a0\u00bbFAQ\u00a0\u00bb][vc_column width=\u00a0\u00bb1\/4&Prime;][\/vc_column][vc_column width=\u00a0\u00bb1\/2&Prime;][vc_custom_heading text=\u00a0\u00bbFoire &hellip; <a href=\"https:\/\/poverty-is-not-a-crime.ch\/fr\/alliance\/\" title=\"Alliance\" class=\"read-more\">Read More<\/a><\/p>\n","protected":false},"author":1,"featured_media":0,"parent":0,"menu_order":0,"comment_status":"closed","ping_status":"closed","template":"","meta":{"footnotes":""},"class_list":["post-419","page","type-page","status-publish","hentry"],"yoast_head":"<!-- This site is optimized with the Yoast SEO plugin v27.3 - https:\/\/yoast.com\/product\/yoast-seo-wordpress\/ -->\n<title>Alliance - Poverty is not a crime!<\/title>\n<meta name=\"robots\" content=\"index, follow, max-snippet:-1, max-image-preview:large, max-video-preview:-1\" \/>\n<link rel=\"canonical\" href=\"https:\/\/poverty-is-not-a-crime.ch\/fr\/alliance\/\" \/>\n<meta property=\"og:locale\" content=\"fr_FR\" \/>\n<meta property=\"og:type\" content=\"article\" \/>\n<meta property=\"og:title\" content=\"T\u00e9moignez de votre soutien !\" \/>\n<meta property=\"og:description\" content=\"Dites-nous pourquoi vous avez sign\u00e9 la lettre ouverte, pourquoi vous vous int\u00e9ressez \u00e0 la cause.\" \/>\n<meta property=\"og:url\" content=\"https:\/\/poverty-is-not-a-crime.ch\/fr\/alliance\/\" \/>\n<meta property=\"og:site_name\" content=\"Poverty is not a crime!\" \/>\n<meta property=\"article:modified_time\" content=\"2022-04-11T07:16:35+00:00\" \/>\n<meta property=\"og:image\" content=\"https:\/\/poverty-is-not-a-crime.ch\/wp-content\/uploads\/2021\/01\/Visual_FR.png\" \/>\n\t<meta property=\"og:image:width\" content=\"1200\" \/>\n\t<meta property=\"og:image:height\" content=\"620\" \/>\n\t<meta property=\"og:image:type\" content=\"image\/png\" \/>\n<meta name=\"twitter:card\" content=\"summary_large_image\" \/>\n<meta name=\"twitter:title\" content=\"T\u00e9moignez de votre soutien !\" \/>\n<meta name=\"twitter:description\" content=\"Dites-nous pourquoi vous avez sign\u00e9 la lettre ouverte, pourquoi vous vous int\u00e9ressez \u00e0 la cause.\" \/>\n<meta name=\"twitter:image\" content=\"https:\/\/poverty-is-not-a-crime.ch\/wp-content\/uploads\/2021\/01\/Visual_FR-1.png\" \/>\n<meta name=\"twitter:label1\" content=\"Dur\u00e9e de lecture estim\u00e9e\" \/>\n\t<meta name=\"twitter:data1\" content=\"3 minutes\" \/>\n<script type=\"application\/ld+json\" class=\"yoast-schema-graph\">{\"@context\":\"https:\\\/\\\/schema.org\",\"@graph\":[{\"@type\":\"WebPage\",\"@id\":\"https:\\\/\\\/poverty-is-not-a-crime.ch\\\/fr\\\/alliance\\\/\",\"url\":\"https:\\\/\\\/poverty-is-not-a-crime.ch\\\/fr\\\/alliance\\\/\",\"name\":\"Alliance - Poverty is not a crime!\",\"isPartOf\":{\"@id\":\"https:\\\/\\\/poverty-is-not-a-crime.ch\\\/fr\\\/#website\"},\"datePublished\":\"2021-01-22T00:21:08+00:00\",\"dateModified\":\"2022-04-11T07:16:35+00:00\",\"breadcrumb\":{\"@id\":\"https:\\\/\\\/poverty-is-not-a-crime.ch\\\/fr\\\/alliance\\\/#breadcrumb\"},\"inLanguage\":\"fr-FR\",\"potentialAction\":[{\"@type\":\"ReadAction\",\"target\":[\"https:\\\/\\\/poverty-is-not-a-crime.ch\\\/fr\\\/alliance\\\/\"]}]},{\"@type\":\"BreadcrumbList\",\"@id\":\"https:\\\/\\\/poverty-is-not-a-crime.ch\\\/fr\\\/alliance\\\/#breadcrumb\",\"itemListElement\":[{\"@type\":\"ListItem\",\"position\":1,\"name\":\"Startseite\",\"item\":\"https:\\\/\\\/poverty-is-not-a-crime.ch\\\/fr\\\/\"},{\"@type\":\"ListItem\",\"position\":2,\"name\":\"Alliance\"}]},{\"@type\":\"WebSite\",\"@id\":\"https:\\\/\\\/poverty-is-not-a-crime.ch\\\/fr\\\/#website\",\"url\":\"https:\\\/\\\/poverty-is-not-a-crime.ch\\\/fr\\\/\",\"name\":\"Poverty is not a crime!\",\"description\":\"Armut ist kein Verbrechen!\",\"publisher\":{\"@id\":\"https:\\\/\\\/poverty-is-not-a-crime.ch\\\/fr\\\/#organization\"},\"potentialAction\":[{\"@type\":\"SearchAction\",\"target\":{\"@type\":\"EntryPoint\",\"urlTemplate\":\"https:\\\/\\\/poverty-is-not-a-crime.ch\\\/fr\\\/?s={search_term_string}\"},\"query-input\":{\"@type\":\"PropertyValueSpecification\",\"valueRequired\":true,\"valueName\":\"search_term_string\"}}],\"inLanguage\":\"fr-FR\"},{\"@type\":\"Organization\",\"@id\":\"https:\\\/\\\/poverty-is-not-a-crime.ch\\\/fr\\\/#organization\",\"name\":\"Poverty is not a crime!\",\"url\":\"https:\\\/\\\/poverty-is-not-a-crime.ch\\\/fr\\\/\",\"logo\":{\"@type\":\"ImageObject\",\"inLanguage\":\"fr-FR\",\"@id\":\"https:\\\/\\\/poverty-is-not-a-crime.ch\\\/fr\\\/#\\\/schema\\\/logo\\\/image\\\/\",\"url\":\"https:\\\/\\\/poverty-is-not-a-crime.ch\\\/wp-content\\\/uploads\\\/2021\\\/01\\\/Visual_EN.png\",\"contentUrl\":\"https:\\\/\\\/poverty-is-not-a-crime.ch\\\/wp-content\\\/uploads\\\/2021\\\/01\\\/Visual_EN.png\",\"width\":1200,\"height\":620,\"caption\":\"Poverty is not a crime!\"},\"image\":{\"@id\":\"https:\\\/\\\/poverty-is-not-a-crime.ch\\\/fr\\\/#\\\/schema\\\/logo\\\/image\\\/\"}}]}<\/script>\n<!-- \/ Yoast SEO plugin. -->","yoast_head_json":{"title":"Alliance - Poverty is not a crime!","robots":{"index":"index","follow":"follow","max-snippet":"max-snippet:-1","max-image-preview":"max-image-preview:large","max-video-preview":"max-video-preview:-1"},"canonical":"https:\/\/poverty-is-not-a-crime.ch\/fr\/alliance\/","og_locale":"fr_FR","og_type":"article","og_title":"T\u00e9moignez de votre soutien !","og_description":"Dites-nous pourquoi vous avez sign\u00e9 la lettre ouverte, pourquoi vous vous int\u00e9ressez \u00e0 la cause.","og_url":"https:\/\/poverty-is-not-a-crime.ch\/fr\/alliance\/","og_site_name":"Poverty is not a crime!","article_modified_time":"2022-04-11T07:16:35+00:00","og_image":[{"width":1200,"height":620,"url":"https:\/\/poverty-is-not-a-crime.ch\/wp-content\/uploads\/2021\/01\/Visual_FR.png","type":"image\/png"}],"twitter_card":"summary_large_image","twitter_title":"T\u00e9moignez de votre soutien !","twitter_description":"Dites-nous pourquoi vous avez sign\u00e9 la lettre ouverte, pourquoi vous vous int\u00e9ressez \u00e0 la cause.","twitter_image":"https:\/\/poverty-is-not-a-crime.ch\/wp-content\/uploads\/2021\/01\/Visual_FR-1.png","twitter_misc":{"Dur\u00e9e de lecture estim\u00e9e":"3 minutes"},"schema":{"@context":"https:\/\/schema.org","@graph":[{"@type":"WebPage","@id":"https:\/\/poverty-is-not-a-crime.ch\/fr\/alliance\/","url":"https:\/\/poverty-is-not-a-crime.ch\/fr\/alliance\/","name":"Alliance - Poverty is not a crime!","isPartOf":{"@id":"https:\/\/poverty-is-not-a-crime.ch\/fr\/#website"},"datePublished":"2021-01-22T00:21:08+00:00","dateModified":"2022-04-11T07:16:35+00:00","breadcrumb":{"@id":"https:\/\/poverty-is-not-a-crime.ch\/fr\/alliance\/#breadcrumb"},"inLanguage":"fr-FR","potentialAction":[{"@type":"ReadAction","target":["https:\/\/poverty-is-not-a-crime.ch\/fr\/alliance\/"]}]},{"@type":"BreadcrumbList","@id":"https:\/\/poverty-is-not-a-crime.ch\/fr\/alliance\/#breadcrumb","itemListElement":[{"@type":"ListItem","position":1,"name":"Startseite","item":"https:\/\/poverty-is-not-a-crime.ch\/fr\/"},{"@type":"ListItem","position":2,"name":"Alliance"}]},{"@type":"WebSite","@id":"https:\/\/poverty-is-not-a-crime.ch\/fr\/#website","url":"https:\/\/poverty-is-not-a-crime.ch\/fr\/","name":"Poverty is not a crime!","description":"Armut ist kein Verbrechen!","publisher":{"@id":"https:\/\/poverty-is-not-a-crime.ch\/fr\/#organization"},"potentialAction":[{"@type":"SearchAction","target":{"@type":"EntryPoint","urlTemplate":"https:\/\/poverty-is-not-a-crime.ch\/fr\/?s={search_term_string}"},"query-input":{"@type":"PropertyValueSpecification","valueRequired":true,"valueName":"search_term_string"}}],"inLanguage":"fr-FR"},{"@type":"Organization","@id":"https:\/\/poverty-is-not-a-crime.ch\/fr\/#organization","name":"Poverty is not a crime!","url":"https:\/\/poverty-is-not-a-crime.ch\/fr\/","logo":{"@type":"ImageObject","inLanguage":"fr-FR","@id":"https:\/\/poverty-is-not-a-crime.ch\/fr\/#\/schema\/logo\/image\/","url":"https:\/\/poverty-is-not-a-crime.ch\/wp-content\/uploads\/2021\/01\/Visual_EN.png","contentUrl":"https:\/\/poverty-is-not-a-crime.ch\/wp-content\/uploads\/2021\/01\/Visual_EN.png","width":1200,"height":620,"caption":"Poverty is not a crime!"},"image":{"@id":"https:\/\/poverty-is-not-a-crime.ch\/fr\/#\/schema\/logo\/image\/"}}]}},"_links":{"self":[{"href":"https:\/\/poverty-is-not-a-crime.ch\/fr\/wp-json\/wp\/v2\/pages\/419","targetHints":{"allow":["GET"]}}],"collection":[{"href":"https:\/\/poverty-is-not-a-crime.ch\/fr\/wp-json\/wp\/v2\/pages"}],"about":[{"href":"https:\/\/poverty-is-not-a-crime.ch\/fr\/wp-json\/wp\/v2\/types\/page"}],"author":[{"embeddable":true,"href":"https:\/\/poverty-is-not-a-crime.ch\/fr\/wp-json\/wp\/v2\/users\/1"}],"replies":[{"embeddable":true,"href":"https:\/\/poverty-is-not-a-crime.ch\/fr\/wp-json\/wp\/v2\/comments?post=419"}],"version-history":[{"count":38,"href":"https:\/\/poverty-is-not-a-crime.ch\/fr\/wp-json\/wp\/v2\/pages\/419\/revisions"}],"predecessor-version":[{"id":1052,"href":"https:\/\/poverty-is-not-a-crime.ch\/fr\/wp-json\/wp\/v2\/pages\/419\/revisions\/1052"}],"wp:attachment":[{"href":"https:\/\/poverty-is-not-a-crime.ch\/fr\/wp-json\/wp\/v2\/media?parent=419"}],"curies":[{"name":"wp","href":"https:\/\/api.w.org\/{rel}","templated":true}]}}