{"id":359,"date":"2021-01-22T10:26:38","date_gmt":"2021-01-22T10:26:38","guid":{"rendered":"https:\/\/poverty-is-not-a-crime.ch\/?page_id=359"},"modified":"2023-06-08T19:04:30","modified_gmt":"2023-06-08T19:04:30","slug":"petition","status":"publish","type":"page","link":"https:\/\/poverty-is-not-a-crime.ch\/fr\/","title":{"rendered":"P\u00e9tition"},"content":{"rendered":"<div class=\"wpb-content-wrapper\"><p>[vc_row full_width=\u00a0\u00bbstretch_row\u00a0\u00bb full_height=\u00a0\u00bbyes\u00a0\u00bb content_placement=\u00a0\u00bbbottom\u00a0\u00bb css=\u00a0\u00bb.vc_custom_1611319891259{background-color: #000000 !important;}\u00a0\u00bb][vc_column width=\u00a0\u00bb1\/4&Prime;][\/vc_column][vc_column width=\u00a0\u00bb1\/2&Prime;][vc_row_inner][vc_column_inner offset=\u00a0\u00bbvc_hidden-xs\u00a0\u00bb][vc_empty_space height=\u00a0\u00bb180px\u00a0\u00bb][\/vc_column_inner][\/vc_row_inner][vc_column_text el_class=\u00a0\u00bbwhite\u00a0\u00bb]&nbsp;<\/p>\n<p><span style=\"color: #ffffff;\">Gr\u00e2ce \u00e0 les signatures et de 16\u2019914 personnes, le Conseil national a d\u00e9j\u00e0 dit OUI \u00e0 l\u2019initiative parlementaire \u00ab\u00a0La pauvret\u00e9 n\u2019est pas un crime\u00a0\u00bb. Le 12 juin, le Conseil des \u00c9tats prendra sa d\u00e9cision finale.<\/span><\/p>\n<p><span style=\"color: #ffffff;\">Aujourd&rsquo;hui, nous avons d\u00e9pos\u00e9 les signatures de la p\u00e9tition. Maintenant, les conseill\u00e8res et conseillers aux \u00c9tats doivent eux aussi reconna\u00eetre que la pauvret\u00e9 n&rsquo;est pas un crime <\/span>[\/vc_column_text][vc_single_image image=\u00a0\u00bb1068&Prime; img_size=\u00a0\u00bbfull\u00a0\u00bb][\/vc_column][vc_column width=\u00a0\u00bb1\/4&Prime;][\/vc_column][\/vc_row][vc_row el_id=\u00a0\u00bbsign\u00a0\u00bb][vc_column width=\u00a0\u00bb1\/4&Prime;][\/vc_column][vc_column width=\u00a0\u00bb1\/4&Prime;][\/vc_column][\/vc_row][vc_row][vc_column width=\u00a0\u00bb1\/4&Prime;][\/vc_column][vc_column width=\u00a0\u00bb1\/2&Prime;][vc_empty_space][vc_custom_heading text=\u00a0\u00bbNos revendications\u00a0\u00bb use_theme_fonts=\u00a0\u00bbyes\u00a0\u00bb][vc_column_text]Chers et ch\u00e8res membres du Conseil national,<\/p>\n<p>La pauvret\u00e9 peut nous toucher toutes et tous. Que ce soit en raison d&rsquo;une perte d&#8217;emploi, d&rsquo;un accident, d&rsquo;une crise \u00e9conomique, d&rsquo;une maladie, d&rsquo;un divorce ou de toute autre urgence personnelle. La crise du coronavirus, en particulier, l&rsquo;a d\u00e9montr\u00e9 de mani\u00e8re impressionnante. Notre syst\u00e8me social est donc l\u00e0 pour nous garantir \u00e0 toutes et tous une vie d\u00e9cente dans de telles situations.<\/p>\n<p>Mais cela ne s&rsquo;applique pas \u00e0 tout le monde. Plus de 2 millions de personnes sans passeport suisse vivent et travaillent en Suisse et y paient des imp\u00f4ts. Beaucoup d&rsquo;entre elles sont n\u00e9es ici ou sont venues en Suisse dans leur enfance. Le fait de recevoir des prestations d&rsquo;aide sociale peut avoir des cons\u00e9quences importantes pour elles : des personnes sont expuls\u00e9es m\u00eame apr\u00e8s des d\u00e9cennies de r\u00e9sidence en Suisse. Depuis le 1er janvier 2019, cela s&rsquo;applique m\u00eame aux r\u00e9sident-e-s qui sont en Suisse depuis plus de 15 ans.<\/p>\n<p>Des familles sont ainsi d\u00e9chir\u00e9es, des personnes vivant dans la pauvret\u00e9 et des malades sont expuls\u00e9s de Suisse apr\u00e8s de nombreuses ann\u00e9es, alors que ce pays est devenu leur foyer depuis longtemps. Cette menace pousse de plus en plus les gens \u00e0 renoncer totalement au soutien n\u00e9cessaire. La crise du coronavirus, en particulier, a encore aggrav\u00e9 ce probl\u00e8me et a m\u00eame remis en question des moyens de subsistance auparavant s\u00fbrs. Les longues files d&rsquo;attente devant les points de distribution montrent que pour beaucoup de gens, les services sociaux ne sont plus une v\u00e9ritable aide aujourd&rsquo;hui.<\/p>\n<p>Des changements l\u00e9gislatifs sont n\u00e9cessaires de toute urgence et vous aurez bient\u00f4t l&rsquo;occasion d&rsquo;y r\u00e9pondre : Acceptez l&rsquo;initiative parlementaire 20.451 \u00ab\u00a0La pauvret\u00e9 n&rsquo;est pas un crime\u00a0\u00bb et contribuez \u00e0 corriger cette injustice.[\/vc_column_text][\/vc_column][vc_column width=\u00a0\u00bb1\/4&Prime;][\/vc_column][\/vc_row]<\/p>\n<\/div>","protected":false},"excerpt":{"rendered":"<p>[vc_row full_width=\u00a0\u00bbstretch_row\u00a0\u00bb full_height=\u00a0\u00bbyes\u00a0\u00bb content_placement=\u00a0\u00bbbottom\u00a0\u00bb css=\u00a0\u00bb.vc_custom_1611319891259{background-color: #000000 !important;}\u00a0\u00bb][vc_column width=\u00a0\u00bb1\/4&Prime;][\/vc_column][vc_column width=\u00a0\u00bb1\/2&Prime;][vc_row_inner][vc_column_inner offset=\u00a0\u00bbvc_hidden-xs\u00a0\u00bb][vc_empty_space height=\u00a0\u00bb180px\u00a0\u00bb][\/vc_column_inner][\/vc_row_inner][vc_column_text el_class=\u00a0\u00bbwhite\u00a0\u00bb]&nbsp; Gr\u00e2ce \u00e0 les signatures et de 16\u2019914 personnes, le Conseil national a d\u00e9j\u00e0 dit OUI \u00e0 l\u2019initiative parlementaire \u00ab\u00a0La pauvret\u00e9 n\u2019est pas un crime\u00a0\u00bb. Le 12 juin, le Conseil des \u00c9tats prendra sa d\u00e9cision finale. Aujourd&rsquo;hui, nous avons d\u00e9pos\u00e9 les signatures de la &hellip; <a href=\"https:\/\/poverty-is-not-a-crime.ch\/fr\/\" title=\"P\u00e9tition\" class=\"read-more\">Read More<\/a><\/p>\n","protected":false},"author":1,"featured_media":0,"parent":0,"menu_order":0,"comment_status":"closed","ping_status":"closed","template":"","meta":{"footnotes":""},"class_list":["post-359","page","type-page","status-publish","hentry"],"yoast_head":"<!-- This site is optimized with the Yoast SEO plugin v27.4 - https:\/\/yoast.com\/product\/yoast-seo-wordpress\/ -->\n<title>P\u00e9tition - Poverty is not a crime!<\/title>\n<meta name=\"robots\" content=\"index, follow, max-snippet:-1, max-image-preview:large, max-video-preview:-1\" \/>\n<link rel=\"canonical\" href=\"https:\/\/poverty-is-not-a-crime.ch\/fr\/\" \/>\n<meta property=\"og:locale\" content=\"fr_FR\" \/>\n<meta property=\"og:type\" content=\"article\" \/>\n<meta property=\"og:title\" content=\"Signez en ligne maintenant !\" \/>\n<meta property=\"og:description\" content=\"La pauvret\u00e9 peut nous toucher toutes et tous. La crise du coronavirus, en particulier, l\u2019a d\u00e9montr\u00e9 de mani\u00e8re impressionnante. Notre syst\u00e8me social est donc l\u00e0 pour nous garantir \u00e0 toutes et tous une vie d\u00e9cente dans de telles situations. Mais cela ne s\u2019applique pas \u00e0 tout le monde.\" \/>\n<meta property=\"og:url\" content=\"https:\/\/poverty-is-not-a-crime.ch\/fr\/\" \/>\n<meta property=\"og:site_name\" content=\"Poverty is not a crime!\" \/>\n<meta property=\"article:modified_time\" content=\"2023-06-08T19:04:30+00:00\" \/>\n<meta property=\"og:image\" content=\"https:\/\/poverty-is-not-a-crime.ch\/wp-content\/uploads\/2021\/01\/Visual_FR-1.png\" \/>\n\t<meta property=\"og:image:width\" content=\"1200\" \/>\n\t<meta property=\"og:image:height\" content=\"620\" \/>\n\t<meta property=\"og:image:type\" content=\"image\/png\" \/>\n<meta name=\"twitter:card\" content=\"summary_large_image\" \/>\n<meta name=\"twitter:title\" content=\"Signez en ligne maintenant !\" \/>\n<meta name=\"twitter:description\" content=\"La pauvret\u00e9 peut nous toucher toutes et tous. Notre syst\u00e8me social est donc l\u00e0 pour nous garantir \u00e0 toutes et tous une vie d\u00e9cente dans de telles situations. Mais cela ne s\u2019applique pas \u00e0 tout le monde.\" \/>\n<meta name=\"twitter:image\" content=\"https:\/\/poverty-is-not-a-crime.ch\/wp-content\/uploads\/2021\/01\/Visual_FR-1.png\" \/>\n<meta name=\"twitter:label1\" content=\"Dur\u00e9e de lecture estim\u00e9e\" \/>\n\t<meta name=\"twitter:data1\" content=\"3 minutes\" \/>\n<script type=\"application\/ld+json\" class=\"yoast-schema-graph\">{\"@context\":\"https:\\\/\\\/schema.org\",\"@graph\":[{\"@type\":\"WebPage\",\"@id\":\"https:\\\/\\\/poverty-is-not-a-crime.ch\\\/fr\\\/\",\"url\":\"https:\\\/\\\/poverty-is-not-a-crime.ch\\\/fr\\\/\",\"name\":\"P\u00e9tition - Poverty is not a crime!\",\"isPartOf\":{\"@id\":\"https:\\\/\\\/poverty-is-not-a-crime.ch\\\/fr\\\/#website\"},\"datePublished\":\"2021-01-22T10:26:38+00:00\",\"dateModified\":\"2023-06-08T19:04:30+00:00\",\"breadcrumb\":{\"@id\":\"https:\\\/\\\/poverty-is-not-a-crime.ch\\\/fr\\\/#breadcrumb\"},\"inLanguage\":\"fr-FR\",\"potentialAction\":[{\"@type\":\"ReadAction\",\"target\":[\"https:\\\/\\\/poverty-is-not-a-crime.ch\\\/fr\\\/\"]}]},{\"@type\":\"BreadcrumbList\",\"@id\":\"https:\\\/\\\/poverty-is-not-a-crime.ch\\\/fr\\\/#breadcrumb\",\"itemListElement\":[{\"@type\":\"ListItem\",\"position\":1,\"name\":\"Startseite\",\"item\":\"https:\\\/\\\/poverty-is-not-a-crime.ch\\\/fr\\\/\"},{\"@type\":\"ListItem\",\"position\":2,\"name\":\"P\u00e9tition\"}]},{\"@type\":\"WebSite\",\"@id\":\"https:\\\/\\\/poverty-is-not-a-crime.ch\\\/fr\\\/#website\",\"url\":\"https:\\\/\\\/poverty-is-not-a-crime.ch\\\/fr\\\/\",\"name\":\"Poverty is not a crime!\",\"description\":\"Armut ist kein Verbrechen!\",\"publisher\":{\"@id\":\"https:\\\/\\\/poverty-is-not-a-crime.ch\\\/fr\\\/#organization\"},\"potentialAction\":[{\"@type\":\"SearchAction\",\"target\":{\"@type\":\"EntryPoint\",\"urlTemplate\":\"https:\\\/\\\/poverty-is-not-a-crime.ch\\\/fr\\\/?s={search_term_string}\"},\"query-input\":{\"@type\":\"PropertyValueSpecification\",\"valueRequired\":true,\"valueName\":\"search_term_string\"}}],\"inLanguage\":\"fr-FR\"},{\"@type\":\"Organization\",\"@id\":\"https:\\\/\\\/poverty-is-not-a-crime.ch\\\/fr\\\/#organization\",\"name\":\"Poverty is not a crime!\",\"url\":\"https:\\\/\\\/poverty-is-not-a-crime.ch\\\/fr\\\/\",\"logo\":{\"@type\":\"ImageObject\",\"inLanguage\":\"fr-FR\",\"@id\":\"https:\\\/\\\/poverty-is-not-a-crime.ch\\\/fr\\\/#\\\/schema\\\/logo\\\/image\\\/\",\"url\":\"https:\\\/\\\/poverty-is-not-a-crime.ch\\\/wp-content\\\/uploads\\\/2021\\\/01\\\/Visual_EN.png\",\"contentUrl\":\"https:\\\/\\\/poverty-is-not-a-crime.ch\\\/wp-content\\\/uploads\\\/2021\\\/01\\\/Visual_EN.png\",\"width\":1200,\"height\":620,\"caption\":\"Poverty is not a crime!\"},\"image\":{\"@id\":\"https:\\\/\\\/poverty-is-not-a-crime.ch\\\/fr\\\/#\\\/schema\\\/logo\\\/image\\\/\"}}]}<\/script>\n<!-- \/ Yoast SEO plugin. -->","yoast_head_json":{"title":"P\u00e9tition - Poverty is not a crime!","robots":{"index":"index","follow":"follow","max-snippet":"max-snippet:-1","max-image-preview":"max-image-preview:large","max-video-preview":"max-video-preview:-1"},"canonical":"https:\/\/poverty-is-not-a-crime.ch\/fr\/","og_locale":"fr_FR","og_type":"article","og_title":"Signez en ligne maintenant !","og_description":"La pauvret\u00e9 peut nous toucher toutes et tous. La crise du coronavirus, en particulier, l\u2019a d\u00e9montr\u00e9 de mani\u00e8re impressionnante. Notre syst\u00e8me social est donc l\u00e0 pour nous garantir \u00e0 toutes et tous une vie d\u00e9cente dans de telles situations. Mais cela ne s\u2019applique pas \u00e0 tout le monde.","og_url":"https:\/\/poverty-is-not-a-crime.ch\/fr\/","og_site_name":"Poverty is not a crime!","article_modified_time":"2023-06-08T19:04:30+00:00","og_image":[{"width":1200,"height":620,"url":"https:\/\/poverty-is-not-a-crime.ch\/wp-content\/uploads\/2021\/01\/Visual_FR-1.png","type":"image\/png"}],"twitter_card":"summary_large_image","twitter_title":"Signez en ligne maintenant !","twitter_description":"La pauvret\u00e9 peut nous toucher toutes et tous. Notre syst\u00e8me social est donc l\u00e0 pour nous garantir \u00e0 toutes et tous une vie d\u00e9cente dans de telles situations. Mais cela ne s\u2019applique pas \u00e0 tout le monde.","twitter_image":"https:\/\/poverty-is-not-a-crime.ch\/wp-content\/uploads\/2021\/01\/Visual_FR-1.png","twitter_misc":{"Dur\u00e9e de lecture estim\u00e9e":"3 minutes"},"schema":{"@context":"https:\/\/schema.org","@graph":[{"@type":"WebPage","@id":"https:\/\/poverty-is-not-a-crime.ch\/fr\/","url":"https:\/\/poverty-is-not-a-crime.ch\/fr\/","name":"P\u00e9tition - Poverty is not a crime!","isPartOf":{"@id":"https:\/\/poverty-is-not-a-crime.ch\/fr\/#website"},"datePublished":"2021-01-22T10:26:38+00:00","dateModified":"2023-06-08T19:04:30+00:00","breadcrumb":{"@id":"https:\/\/poverty-is-not-a-crime.ch\/fr\/#breadcrumb"},"inLanguage":"fr-FR","potentialAction":[{"@type":"ReadAction","target":["https:\/\/poverty-is-not-a-crime.ch\/fr\/"]}]},{"@type":"BreadcrumbList","@id":"https:\/\/poverty-is-not-a-crime.ch\/fr\/#breadcrumb","itemListElement":[{"@type":"ListItem","position":1,"name":"Startseite","item":"https:\/\/poverty-is-not-a-crime.ch\/fr\/"},{"@type":"ListItem","position":2,"name":"P\u00e9tition"}]},{"@type":"WebSite","@id":"https:\/\/poverty-is-not-a-crime.ch\/fr\/#website","url":"https:\/\/poverty-is-not-a-crime.ch\/fr\/","name":"Poverty is not a crime!","description":"Armut ist kein Verbrechen!","publisher":{"@id":"https:\/\/poverty-is-not-a-crime.ch\/fr\/#organization"},"potentialAction":[{"@type":"SearchAction","target":{"@type":"EntryPoint","urlTemplate":"https:\/\/poverty-is-not-a-crime.ch\/fr\/?s={search_term_string}"},"query-input":{"@type":"PropertyValueSpecification","valueRequired":true,"valueName":"search_term_string"}}],"inLanguage":"fr-FR"},{"@type":"Organization","@id":"https:\/\/poverty-is-not-a-crime.ch\/fr\/#organization","name":"Poverty is not a crime!","url":"https:\/\/poverty-is-not-a-crime.ch\/fr\/","logo":{"@type":"ImageObject","inLanguage":"fr-FR","@id":"https:\/\/poverty-is-not-a-crime.ch\/fr\/#\/schema\/logo\/image\/","url":"https:\/\/poverty-is-not-a-crime.ch\/wp-content\/uploads\/2021\/01\/Visual_EN.png","contentUrl":"https:\/\/poverty-is-not-a-crime.ch\/wp-content\/uploads\/2021\/01\/Visual_EN.png","width":1200,"height":620,"caption":"Poverty is not a crime!"},"image":{"@id":"https:\/\/poverty-is-not-a-crime.ch\/fr\/#\/schema\/logo\/image\/"}}]}},"_links":{"self":[{"href":"https:\/\/poverty-is-not-a-crime.ch\/fr\/wp-json\/wp\/v2\/pages\/359","targetHints":{"allow":["GET"]}}],"collection":[{"href":"https:\/\/poverty-is-not-a-crime.ch\/fr\/wp-json\/wp\/v2\/pages"}],"about":[{"href":"https:\/\/poverty-is-not-a-crime.ch\/fr\/wp-json\/wp\/v2\/types\/page"}],"author":[{"embeddable":true,"href":"https:\/\/poverty-is-not-a-crime.ch\/fr\/wp-json\/wp\/v2\/users\/1"}],"replies":[{"embeddable":true,"href":"https:\/\/poverty-is-not-a-crime.ch\/fr\/wp-json\/wp\/v2\/comments?post=359"}],"version-history":[{"count":18,"href":"https:\/\/poverty-is-not-a-crime.ch\/fr\/wp-json\/wp\/v2\/pages\/359\/revisions"}],"predecessor-version":[{"id":1082,"href":"https:\/\/poverty-is-not-a-crime.ch\/fr\/wp-json\/wp\/v2\/pages\/359\/revisions\/1082"}],"wp:attachment":[{"href":"https:\/\/poverty-is-not-a-crime.ch\/fr\/wp-json\/wp\/v2\/media?parent=359"}],"curies":[{"name":"wp","href":"https:\/\/api.w.org\/{rel}","templated":true}]}}