{"id":675,"date":"2021-01-21T13:37:32","date_gmt":"2021-01-21T13:37:32","guid":{"rendered":"https:\/\/poverty-is-not-a-crime.ch\/datenschutzerklaerung\/"},"modified":"2021-02-04T16:12:46","modified_gmt":"2021-02-04T16:12:46","slug":"datenschutzerklaerung","status":"publish","type":"page","link":"https:\/\/poverty-is-not-a-crime.ch\/en\/datenschutzerklaerung\/","title":{"rendered":"Datenschutzerkl\u00e4rung"},"content":{"rendered":"<div class=\"wpb-content-wrapper\"><p>[vc_row][vc_column][vc_column_text]<\/p>\r\n<p>Informationen \u00fcber die politischen Ansichten und die Weltanschauung von Personen sind besonders sch\u00fctzenswerte Daten im Sinne des Schweizer Datenschutzgesetzes. Die Allianz liegt gr\u00f6ssten Wert auf einen sicheren, transparenten und gesetzeskonformen Umgang mit ihren Daten.<\/p>\r\n<p><strong>Die Allianz versichert, niemals personenbezogene Daten an Dritte weiterzugeben<\/strong>, wo dies nicht gesetzlich vorgeschrieben oder f\u00fcr den Zweck notwendig ist, dem eine Person zugestimmt hat (siehe unten).<\/p>\r\n<p><strong>Die Allianz sichert das Recht auf Auskunft <\/strong>\u00fcber alle zur eigenen Person gespeicherten Daten zu.<\/p>\r\n<p><strong>Die Allianz sichert das Recht auf L\u00f6schung<\/strong> aller zur eigenen Person gespeicherten Daten zu. Davon ausgenommen sind Daten, bei zu deren Aufbewahrung wir von Gesetzes wegen verpflichtet sind. Dabei geht es z.B. um Zahlungsbelege, die wir gem\u00e4ss OR w\u00e4hrend 10 Jahren aufbewahren m\u00fcssen.<\/p>\r\n<p><strong>Die Allianz sichert das Recht auf Berichtigung<\/strong> aller zur eigenen Person gespeicherten Daten zu.<\/p>\r\n<p>Zum Speichern und Bearbeiten von personenbezogenen Daten braucht es in jedem Fall eine Zustimmung. Es gibt verschiedene Kan\u00e4le, auf denen eine Person der Allianz ihre Zustimmung erteilen kann, Personendaten \u00fcber sich zu speichern und zu bearbeiten. Dazu geh\u00f6ren beispielsweise die Teilnahme an einer Petition.<\/p>\r\n<p>Um Interessierte auf dem Laufenden zu halten und mit ihnen zu kommunizieren, verwendet die Allianz Email. Die Allianz l\u00f6scht personenbezogene Daten, wenn die Daten f\u00fcr den bei der Zustimmung erw\u00e4hnten Zweck nicht mehr ben\u00f6tigt werden, wenn eine Person die Zustimmung zur Nutzung ihrer Daten widerruft oder wenn die Allianz gel\u00f6st wird.<\/p>\r\n<p>Die Allianz arbeitet mit Drittanbietern zusammen und \u00fcbermittelt ihnen, wo dies n\u00f6tig ist, personenbezogene Daten. Wenn immer m\u00f6glich arbeiten wir mit Anbietern in der Schweiz zusammen. Zu den Anbietern, mit denen wir zusammenarbeiten, z\u00e4hlen:<\/p>\r\n<ul>\r\n<li>Verschiedene Email-Provider. F\u00fcr den Versand von Newslettern verwenden wir das <strong>MailChimp-Konto <\/strong>der SP Schweiz. MailChimp ist eine Firma, welche ihre Server in den USA betreibt. MailChimp wird durch einen Vielzahl von Organisationen genutzt und ist der Marktf\u00fchrer beim Versand von Newslettern &#8211; auch unter politischen Organisationen in der Schweiz. MailChimp ist durch das <a href=\"https:\/\/www.privacyshield.gov\/Swiss-US-Privacy-Shield-FAQs\">Swiss-U.S Privacy Shield Framework.<\/a> Die SP Schweiz hat mit Mailchimp zus\u00e4tzlich ein Data Processing Agreement vereinbart. Mehr Informationen zu Mailchimp finden sich <a href=\"https:\/\/mailchimp.com\">hier<\/a>.<\/li>\r\n<li>Die Allianz nutzt zur Abwicklung von Spenden das Spendenformular der SP Schweiz.\u00a0<a href=\"https:\/\/www.raisenow.com\/de-ch\"><strong>RaiseNow<\/strong><\/a> gew\u00e4hrleistet ein sicheres und einfaches Bezahlen und Spenden im Internet. Die zertifizierte E-Payment-Plattform ist speziell f\u00fcr gemeinn\u00fctzige Organisationen und Hilfswerke entwickelt worden. Die SP erhebt und verarbeitet Ihre Daten zur Abwicklung Ihrer Spende, zur Pflege der Spenderbeziehung und um Ihnen Informationen \u00fcber unsere aktuellen Projekte zuzusenden. Beteiligte Kreditinstitute erhalten Ihre Daten nur, soweit es f\u00fcr die Abwicklung der Zahlung erforderlich ist.<\/li>\r\n<\/ul>\r\n<p>F\u00fcr Fragen im Zusammenhang mit dieser Datenschutz-Policy stehen wir unter datenschutz@spschweiz.ch gerne zur Verf\u00fcgung.<\/p>\r\n<p>&nbsp;<\/p>\r\n<p>\u00a0<\/p>\r\n<p>[\/vc_column_text][vc_custom_heading text=&#8221;Statements entfernen lassen&#8221; use_theme_fonts=&#8221;yes&#8221;][vc_wp_text]<div id=\"katb-remove-testimonial-wrap\"><div class=\"katb-remove-intro\">Datenschutzauflagen sehen vor, dass sie als Ersteller:in eines Statements in der Lage sind ein Statement entfernen zu lassen.\r\nBitte geben Sie uns Ihre Emailadresse und ein optionaler Kommentar mit der Begr\u00fcndung f\u00fcr die Entfernung im Formular unterhalb an. Die Admins der Webseite werden daraufhin kontaktiert um das Statement zu entfernen. Bedenken Sie, dass die Emailadresse mit jener des\/der Ersteller:in \u00fcbereinstimmen muss.\t\t\t\t\t\t<\/div><div class=\"katb-remove-testimonial-details\">Sie haben kein Statement ausgew\u00e4hlt. Bitte geben Sie zus\u00e4tzliche Informationen an, damit das Statement identifiziert werden kann.\t\t\t\t\t\t<\/div><\/div><form class=\"katb-remove-form\" method=\"POST\"><label class=\"katb-remove-email-label\">Ihre E-Mailadresse *<\/label><input type=\"text\" size=\"75\" name=\"remove_request_email\" value=\" \" \/><br\/><label class=\"katb-remove-comment-label\">Comment or reason for removal:<\/label><br\/><textarea class=\"katb-input-textarea\" rows=\"5\" name=\"remover_reason\" ><\/textarea><span class=\"katb-remove-submit-wrap\"><input class=\"katb-remove-submit\" type=\"submit\" name=\"katb_remove_submitted\" value=\"Absenden\" \/><input type=\"hidden\" id=\"katb_main_form_nonce\" name=\"katb_main_form_nonce\" value=\"3df842a81c\" \/><\/span><span class=\"katb_span_custom3\">This input should not be filled out<input class=\"custom_3\" type=\"text\" maxlength=\"100\" name=\"tb_custom3\" value=\"\" tabindex=\"-1\" autocomplete=\"off\" \/><\/span><\/form>[\/vc_wp_text][\/vc_column][\/vc_row]<\/p><\/div>","protected":false},"excerpt":{"rendered":"<p>[vc_row][vc_column][vc_column_text] Informationen \u00fcber die politischen Ansichten und die Weltanschauung von Personen sind besonders sch\u00fctzenswerte Daten im Sinne des Schweizer Datenschutzgesetzes. Die Allianz liegt gr\u00f6ssten Wert auf einen sicheren, transparenten und gesetzeskonformen Umgang mit ihren Daten. Die Allianz versichert, niemals personenbezogene Daten an Dritte weiterzugeben, wo dies nicht gesetzlich vorgeschrieben oder f\u00fcr den Zweck notwendig ist, &hellip; <a href=\"https:\/\/poverty-is-not-a-crime.ch\/en\/datenschutzerklaerung\/\" title=\"Datenschutzerkl\u00e4rung\" class=\"read-more\">Read More<\/a><\/p>\n","protected":false},"author":1,"featured_media":0,"parent":0,"menu_order":0,"comment_status":"closed","ping_status":"open","template":"","meta":{"footnotes":""},"class_list":["post-675","page","type-page","status-publish","hentry"],"yoast_head":"<!-- This site is optimized with the Yoast SEO plugin v27.3 - https:\/\/yoast.com\/product\/yoast-seo-wordpress\/ -->\n<title>Datenschutzerkl\u00e4rung - Poverty is not a crime!<\/title>\n<meta name=\"robots\" content=\"index, follow, max-snippet:-1, max-image-preview:large, max-video-preview:-1\" \/>\n<link rel=\"canonical\" href=\"https:\/\/poverty-is-not-a-crime.ch\/en\/datenschutzerklaerung\/\" \/>\n<meta property=\"og:locale\" content=\"en_US\" \/>\n<meta property=\"og:type\" content=\"article\" \/>\n<meta property=\"og:title\" content=\"Datenschutzerkl\u00e4rung - Poverty is not a crime!\" \/>\n<meta property=\"og:description\" content=\"[vc_row][vc_column][vc_column_text] Informationen \u00fcber die politischen Ansichten und die Weltanschauung von Personen sind besonders sch\u00fctzenswerte Daten im Sinne des Schweizer Datenschutzgesetzes. Die Allianz liegt gr\u00f6ssten Wert auf einen sicheren, transparenten und gesetzeskonformen Umgang mit ihren Daten. Die Allianz versichert, niemals personenbezogene Daten an Dritte weiterzugeben, wo dies nicht gesetzlich vorgeschrieben oder f\u00fcr den Zweck notwendig ist, [&hellip;]\" \/>\n<meta property=\"og:url\" content=\"https:\/\/poverty-is-not-a-crime.ch\/en\/datenschutzerklaerung\/\" \/>\n<meta property=\"og:site_name\" content=\"Poverty is not a crime!\" \/>\n<meta property=\"article:modified_time\" content=\"2021-02-04T16:12:46+00:00\" \/>\n<meta name=\"twitter:card\" content=\"summary_large_image\" \/>\n<meta name=\"twitter:label1\" content=\"Est. reading time\" \/>\n\t<meta name=\"twitter:data1\" content=\"2 minutes\" \/>\n<script type=\"application\/ld+json\" class=\"yoast-schema-graph\">{\"@context\":\"https:\\\/\\\/schema.org\",\"@graph\":[{\"@type\":\"WebPage\",\"@id\":\"https:\\\/\\\/poverty-is-not-a-crime.ch\\\/en\\\/datenschutzerklaerung\\\/\",\"url\":\"https:\\\/\\\/poverty-is-not-a-crime.ch\\\/en\\\/datenschutzerklaerung\\\/\",\"name\":\"Datenschutzerkl\u00e4rung - Poverty is not a crime!\",\"isPartOf\":{\"@id\":\"https:\\\/\\\/poverty-is-not-a-crime.ch\\\/en\\\/#website\"},\"datePublished\":\"2021-01-21T13:37:32+00:00\",\"dateModified\":\"2021-02-04T16:12:46+00:00\",\"breadcrumb\":{\"@id\":\"https:\\\/\\\/poverty-is-not-a-crime.ch\\\/en\\\/datenschutzerklaerung\\\/#breadcrumb\"},\"inLanguage\":\"en-US\",\"potentialAction\":[{\"@type\":\"ReadAction\",\"target\":[\"https:\\\/\\\/poverty-is-not-a-crime.ch\\\/en\\\/datenschutzerklaerung\\\/\"]}]},{\"@type\":\"BreadcrumbList\",\"@id\":\"https:\\\/\\\/poverty-is-not-a-crime.ch\\\/en\\\/datenschutzerklaerung\\\/#breadcrumb\",\"itemListElement\":[{\"@type\":\"ListItem\",\"position\":1,\"name\":\"Startseite\",\"item\":\"https:\\\/\\\/poverty-is-not-a-crime.ch\\\/en\\\/\"},{\"@type\":\"ListItem\",\"position\":2,\"name\":\"Datenschutzerkl\u00e4rung\"}]},{\"@type\":\"WebSite\",\"@id\":\"https:\\\/\\\/poverty-is-not-a-crime.ch\\\/en\\\/#website\",\"url\":\"https:\\\/\\\/poverty-is-not-a-crime.ch\\\/en\\\/\",\"name\":\"Poverty is not a crime!\",\"description\":\"Armut ist kein Verbrechen!\",\"publisher\":{\"@id\":\"https:\\\/\\\/poverty-is-not-a-crime.ch\\\/en\\\/#organization\"},\"potentialAction\":[{\"@type\":\"SearchAction\",\"target\":{\"@type\":\"EntryPoint\",\"urlTemplate\":\"https:\\\/\\\/poverty-is-not-a-crime.ch\\\/en\\\/?s={search_term_string}\"},\"query-input\":{\"@type\":\"PropertyValueSpecification\",\"valueRequired\":true,\"valueName\":\"search_term_string\"}}],\"inLanguage\":\"en-US\"},{\"@type\":\"Organization\",\"@id\":\"https:\\\/\\\/poverty-is-not-a-crime.ch\\\/en\\\/#organization\",\"name\":\"Poverty is not a crime!\",\"url\":\"https:\\\/\\\/poverty-is-not-a-crime.ch\\\/en\\\/\",\"logo\":{\"@type\":\"ImageObject\",\"inLanguage\":\"en-US\",\"@id\":\"https:\\\/\\\/poverty-is-not-a-crime.ch\\\/en\\\/#\\\/schema\\\/logo\\\/image\\\/\",\"url\":\"https:\\\/\\\/poverty-is-not-a-crime.ch\\\/wp-content\\\/uploads\\\/2021\\\/01\\\/Visual_EN.png\",\"contentUrl\":\"https:\\\/\\\/poverty-is-not-a-crime.ch\\\/wp-content\\\/uploads\\\/2021\\\/01\\\/Visual_EN.png\",\"width\":1200,\"height\":620,\"caption\":\"Poverty is not a crime!\"},\"image\":{\"@id\":\"https:\\\/\\\/poverty-is-not-a-crime.ch\\\/en\\\/#\\\/schema\\\/logo\\\/image\\\/\"}}]}<\/script>\n<!-- \/ Yoast SEO plugin. -->","yoast_head_json":{"title":"Datenschutzerkl\u00e4rung - Poverty is not a crime!","robots":{"index":"index","follow":"follow","max-snippet":"max-snippet:-1","max-image-preview":"max-image-preview:large","max-video-preview":"max-video-preview:-1"},"canonical":"https:\/\/poverty-is-not-a-crime.ch\/en\/datenschutzerklaerung\/","og_locale":"en_US","og_type":"article","og_title":"Datenschutzerkl\u00e4rung - Poverty is not a crime!","og_description":"[vc_row][vc_column][vc_column_text] Informationen \u00fcber die politischen Ansichten und die Weltanschauung von Personen sind besonders sch\u00fctzenswerte Daten im Sinne des Schweizer Datenschutzgesetzes. Die Allianz liegt gr\u00f6ssten Wert auf einen sicheren, transparenten und gesetzeskonformen Umgang mit ihren Daten. Die Allianz versichert, niemals personenbezogene Daten an Dritte weiterzugeben, wo dies nicht gesetzlich vorgeschrieben oder f\u00fcr den Zweck notwendig ist, [&hellip;]","og_url":"https:\/\/poverty-is-not-a-crime.ch\/en\/datenschutzerklaerung\/","og_site_name":"Poverty is not a crime!","article_modified_time":"2021-02-04T16:12:46+00:00","twitter_card":"summary_large_image","twitter_misc":{"Est. reading time":"2 minutes"},"schema":{"@context":"https:\/\/schema.org","@graph":[{"@type":"WebPage","@id":"https:\/\/poverty-is-not-a-crime.ch\/en\/datenschutzerklaerung\/","url":"https:\/\/poverty-is-not-a-crime.ch\/en\/datenschutzerklaerung\/","name":"Datenschutzerkl\u00e4rung - Poverty is not a crime!","isPartOf":{"@id":"https:\/\/poverty-is-not-a-crime.ch\/en\/#website"},"datePublished":"2021-01-21T13:37:32+00:00","dateModified":"2021-02-04T16:12:46+00:00","breadcrumb":{"@id":"https:\/\/poverty-is-not-a-crime.ch\/en\/datenschutzerklaerung\/#breadcrumb"},"inLanguage":"en-US","potentialAction":[{"@type":"ReadAction","target":["https:\/\/poverty-is-not-a-crime.ch\/en\/datenschutzerklaerung\/"]}]},{"@type":"BreadcrumbList","@id":"https:\/\/poverty-is-not-a-crime.ch\/en\/datenschutzerklaerung\/#breadcrumb","itemListElement":[{"@type":"ListItem","position":1,"name":"Startseite","item":"https:\/\/poverty-is-not-a-crime.ch\/en\/"},{"@type":"ListItem","position":2,"name":"Datenschutzerkl\u00e4rung"}]},{"@type":"WebSite","@id":"https:\/\/poverty-is-not-a-crime.ch\/en\/#website","url":"https:\/\/poverty-is-not-a-crime.ch\/en\/","name":"Poverty is not a crime!","description":"Armut ist kein Verbrechen!","publisher":{"@id":"https:\/\/poverty-is-not-a-crime.ch\/en\/#organization"},"potentialAction":[{"@type":"SearchAction","target":{"@type":"EntryPoint","urlTemplate":"https:\/\/poverty-is-not-a-crime.ch\/en\/?s={search_term_string}"},"query-input":{"@type":"PropertyValueSpecification","valueRequired":true,"valueName":"search_term_string"}}],"inLanguage":"en-US"},{"@type":"Organization","@id":"https:\/\/poverty-is-not-a-crime.ch\/en\/#organization","name":"Poverty is not a crime!","url":"https:\/\/poverty-is-not-a-crime.ch\/en\/","logo":{"@type":"ImageObject","inLanguage":"en-US","@id":"https:\/\/poverty-is-not-a-crime.ch\/en\/#\/schema\/logo\/image\/","url":"https:\/\/poverty-is-not-a-crime.ch\/wp-content\/uploads\/2021\/01\/Visual_EN.png","contentUrl":"https:\/\/poverty-is-not-a-crime.ch\/wp-content\/uploads\/2021\/01\/Visual_EN.png","width":1200,"height":620,"caption":"Poverty is not a crime!"},"image":{"@id":"https:\/\/poverty-is-not-a-crime.ch\/en\/#\/schema\/logo\/image\/"}}]}},"_links":{"self":[{"href":"https:\/\/poverty-is-not-a-crime.ch\/en\/wp-json\/wp\/v2\/pages\/675","targetHints":{"allow":["GET"]}}],"collection":[{"href":"https:\/\/poverty-is-not-a-crime.ch\/en\/wp-json\/wp\/v2\/pages"}],"about":[{"href":"https:\/\/poverty-is-not-a-crime.ch\/en\/wp-json\/wp\/v2\/types\/page"}],"author":[{"embeddable":true,"href":"https:\/\/poverty-is-not-a-crime.ch\/en\/wp-json\/wp\/v2\/users\/1"}],"replies":[{"embeddable":true,"href":"https:\/\/poverty-is-not-a-crime.ch\/en\/wp-json\/wp\/v2\/comments?post=675"}],"version-history":[{"count":1,"href":"https:\/\/poverty-is-not-a-crime.ch\/en\/wp-json\/wp\/v2\/pages\/675\/revisions"}],"predecessor-version":[{"id":679,"href":"https:\/\/poverty-is-not-a-crime.ch\/en\/wp-json\/wp\/v2\/pages\/675\/revisions\/679"}],"wp:attachment":[{"href":"https:\/\/poverty-is-not-a-crime.ch\/en\/wp-json\/wp\/v2\/media?parent=675"}],"curies":[{"name":"wp","href":"https:\/\/api.w.org\/{rel}","templated":true}]}}