{"id":63,"date":"2021-01-22T00:21:08","date_gmt":"2021-01-22T00:21:08","guid":{"rendered":"https:\/\/poverty-is-not-a-crime.ch\/?page_id=63"},"modified":"2022-04-11T07:16:12","modified_gmt":"2022-04-11T07:16:12","slug":"allianz","status":"publish","type":"page","link":"https:\/\/poverty-is-not-a-crime.ch\/de\/allianz\/","title":{"rendered":"Allianz"},"content":{"rendered":"<div class=\"wpb-content-wrapper\"><p>[vc_row][vc_column width=&#8220;1\/4&#8243;][\/vc_column][vc_column width=&#8220;1\/2&#8243;][vc_custom_heading text=&#8220;Wir sind \u00fcberzeugt: Armut ist kein Verbrechen!&#8220; use_theme_fonts=&#8220;yes&#8220;][vc_column_text]<span style=\"font-weight: 400;\">Die Allianz wurde von den folgenden Organisationen ins Leben gerufen: Die SP, die Unia, die Schweizerische Beobachtungsstelle f\u00fcr Asyl- und Ausl\u00e4nderrecht (SBAA). <strong>Sie z\u00e4hlt inzwischen auf die Unterst\u00fctzung von mehr als <a href=\"https:\/\/docs.google.com\/spreadsheets\/d\/1gcfm07DdprgpDKqlPmzmu_7qVcijtnoOaQT86fMklRA\/edit#gid=0\">80 Organisationen<\/a>.<\/strong><\/span>[\/vc_column_text][vc_custom_heading text=&#8220;Organisationen&#8220; font_container=&#8220;tag:h3|text_align:left&#8220; use_theme_fonts=&#8220;yes&#8220;][\/vc_column][vc_column width=&#8220;1\/4&#8243;][\/vc_column][\/vc_row][vc_row][vc_column]<div class=\"weston-carousel carousel-height dark dots\" data-columns=\"8\" data-tabletcolumns=\"4\" data-nav=\"true\" data-pagination=\"false\" data-autoplay=\"true\" data-loop=\"true\" data-animationtime=\"4000\">[vc_column_text]Associazione Solidariet\u00e0 e Diritti[\/vc_column_text][vc_single_image image=&#8220;984&#8243; img_size=&#8220;large&#8220;][vc_single_image image=&#8220;754&#8243; img_size=&#8220;large&#8220;][vc_single_image image=&#8220;813&#8243; img_size=&#8220;large&#8220;][vc_single_image image=&#8220;829&#8243; img_size=&#8220;large&#8220;][vc_single_image image=&#8220;1046&#8243; img_size=&#8220;large&#8220;][vc_single_image image=&#8220;749&#8243; img_size=&#8220;large&#8220;][vc_single_image image=&#8220;959&#8243; img_size=&#8220;large&#8220;][vc_single_image image=&#8220;783&#8243; img_size=&#8220;large&#8220;][vc_single_image image=&#8220;854&#8243; img_size=&#8220;large&#8220;][vc_single_image image=&#8220;844&#8243; img_size=&#8220;large&#8220;][vc_single_image image=&#8220;839&#8243; img_size=&#8220;large&#8220;][vc_single_image image=&#8220;740&#8243; img_size=&#8220;large&#8220;][vc_single_image image=&#8220;859&#8243; img_size=&#8220;large&#8220;][vc_single_image image=&#8220;649&#8243; img_size=&#8220;large&#8220;][vc_single_image image=&#8220;849&#8243; img_size=&#8220;large&#8220;][vc_column_text]Alevitisches Kulturzentrum Biel[\/vc_column_text][vc_single_image image=&#8220;708&#8243; img_size=&#8220;large&#8220;][vc_column_text]Solidarit\u00e4t mit den K\u00e4mpfen des Irans[\/vc_column_text][vc_single_image image=&#8220;699&#8243; img_size=&#8220;large&#8220;][vc_column_text]Bern kurdische Kultur Verein[\/vc_column_text][vc_single_image image=&#8220;692&#8243; img_size=&#8220;large&#8220;][vc_column_text]Anlaufstelle f\u00fcr Sans-Papiers Basel[\/vc_column_text][vc_column_text]Ref. Kirche St. Jakob Z\u00fcrich[\/vc_column_text][vc_single_image image=&#8220;569&#8243; img_size=&#8220;large&#8220;][vc_single_image image=&#8220;865&#8243; img_size=&#8220;large&#8220;][vc_single_image image=&#8220;871&#8243; img_size=&#8220;large&#8220;][vc_single_image image=&#8220;561&#8243; img_size=&#8220;large&#8220;][vc_single_image image=&#8220;574&#8243; img_size=&#8220;large&#8220;][vc_single_image image=&#8220;579&#8243; img_size=&#8220;large&#8220;][vc_single_image image=&#8220;591&#8243; img_size=&#8220;large&#8220;][vc_single_image image=&#8220;584&#8243; img_size=&#8220;large&#8220;][vc_single_image image=&#8220;539&#8243; img_size=&#8220;large&#8220;][vc_single_image image=&#8220;134&#8243; img_size=&#8220;large&#8220;][vc_single_image image=&#8220;139&#8243; img_size=&#8220;large&#8220;][vc_single_image image=&#8220;144&#8243; img_size=&#8220;large&#8220;][vc_single_image image=&#8220;149&#8243; img_size=&#8220;large&#8220;][vc_single_image image=&#8220;154&#8243; img_size=&#8220;large&#8220;][vc_single_image image=&#8220;159&#8243; img_size=&#8220;large&#8220;][vc_single_image image=&#8220;164&#8243; img_size=&#8220;large&#8220;][vc_single_image image=&#8220;169&#8243; img_size=&#8220;large&#8220;][vc_single_image image=&#8220;174&#8243; img_size=&#8220;large&#8220;][vc_single_image image=&#8220;179&#8243; img_size=&#8220;large&#8220;][vc_single_image image=&#8220;184&#8243; img_size=&#8220;large&#8220;][vc_single_image image=&#8220;189&#8243; img_size=&#8220;large&#8220;][vc_single_image image=&#8220;194&#8243; img_size=&#8220;large&#8220;][vc_single_image image=&#8220;199&#8243; img_size=&#8220;large&#8220;][vc_single_image image=&#8220;204&#8243; img_size=&#8220;large&#8220;][vc_single_image image=&#8220;209&#8243; img_size=&#8220;large&#8220;][vc_single_image image=&#8220;214&#8243; img_size=&#8220;large&#8220;][vc_single_image image=&#8220;219&#8243; img_size=&#8220;large&#8220;][vc_single_image image=&#8220;224&#8243; img_size=&#8220;large&#8220;][vc_single_image image=&#8220;229&#8243; img_size=&#8220;large&#8220;][vc_single_image image=&#8220;234&#8243; img_size=&#8220;large&#8220;][vc_single_image image=&#8220;239&#8243; img_size=&#8220;large&#8220;][vc_single_image image=&#8220;244&#8243; img_size=&#8220;medium&#8220;][vc_single_image image=&#8220;249&#8243; img_size=&#8220;large&#8220;][vc_single_image image=&#8220;254&#8243; img_size=&#8220;large&#8220;][vc_single_image image=&#8220;259&#8243; img_size=&#8220;large&#8220;][vc_single_image image=&#8220;264&#8243; img_size=&#8220;large&#8220;][vc_single_image image=&#8220;274&#8243; img_size=&#8220;large&#8220;][vc_single_image image=&#8220;279&#8243; img_size=&#8220;large&#8220;][vc_single_image image=&#8220;284&#8243; img_size=&#8220;large&#8220;][vc_single_image image=&#8220;289&#8243; img_size=&#8220;large&#8220;][vc_single_image image=&#8220;546&#8243; img_size=&#8220;large&#8220;][vc_single_image image=&#8220;299&#8243; img_size=&#8220;large&#8220;][vc_single_image image=&#8220;304&#8243; img_size=&#8220;full&#8220;][vc_single_image image=&#8220;309&#8243; img_size=&#8220;large&#8220;][vc_single_image image=&#8220;314&#8243; img_size=&#8220;large&#8220;][vc_single_image image=&#8220;319&#8243; img_size=&#8220;large&#8220;][vc_single_image image=&#8220;324&#8243; img_size=&#8220;large&#8220;][vc_single_image image=&#8220;329&#8243; img_size=&#8220;large&#8220;][vc_single_image image=&#8220;334&#8243; img_size=&#8220;large&#8220;][vc_single_image image=&#8220;339&#8243; img_size=&#8220;large&#8220;][vc_single_image image=&#8220;344&#8243; img_size=&#8220;large&#8220;][vc_single_image image=&#8220;361&#8243; img_size=&#8220;large&#8220;][vc_single_image image=&#8220;641&#8243; img_size=&#8220;large&#8220;][vc_single_image image=&#8220;973&#8243; img_size=&#8220;large&#8220;][vc_single_image image=&#8220;984&#8243; img_size=&#8220;large&#8220;][vc_column_text]Aktionsgruppe Nothilfe[\/vc_column_text][vc_column_text]Fachstelle Frauenhandel und Frauenmigration[\/vc_column_text][vc_column_text]Riggi-Asyl[\/vc_column_text][vc_column_text]Sans-Papiers Anlaufstelle Z\u00fcrich (SPAZ)[\/vc_column_text]<\/div>[\/vc_column][\/vc_row][vc_row el_id=&#8220;FAQ&#8220;][vc_column width=&#8220;1\/4&#8243;][\/vc_column][vc_column width=&#8220;1\/2&#8243;][vc_custom_heading text=&#8220;FAQs&#8220; use_theme_fonts=&#8220;yes&#8220;][vc_column_text]Wollen Sie mehr \u00fcber Sozialhilfe, Aufenthaltsbewilligungen oder die \u00c4nderungen des Ausl\u00e4nder- und Integrationsgesetzes (AIG) wissen?<br \/>\nMehr Informationen in den <a href=\"https:\/\/drive.google.com\/file\/d\/1zMT1HQ6lr_VtdgjTD--km9Lta68B2nI0\/view?usp=sharing\">FAQs<\/a>[\/vc_column_text][\/vc_column][vc_column width=&#8220;1\/4&#8243;][\/vc_column][\/vc_row][vc_row][vc_column width=&#8220;1\/4&#8243;][\/vc_column][vc_column width=&#8220;1\/2&#8243;][vc_custom_heading text=&#8220;Presseberichte&#8220; use_theme_fonts=&#8220;yes&#8220;][vc_column_text]<\/p>\n<ul>\n<li><a href=\"https:\/\/www.sozialinfo.ch\/dossiers\/verzicht-auf-sozialhilfe-aus-angst-vor-landesverweis\">Verzicht auf Sozialhilfe aus Angst vor Landesverweis<\/a>, sozialinfo.ch, M\u00e4rz 22<\/li>\n<li><a href=\"https:\/\/www.woz.ch\/t\/wobei-armut\">wobei \u2013 Armut<\/a>, WOZ, 25.11.21<\/li>\n<li>&#8222;<a href=\"https:\/\/daslamm.ch\/ohne-schweizer-pass-kann-sozialhilfebezug-gefaehrlich-werden\/\">Ohne Schweizer Pass kann Sozialhilfebezug gef\u00e4hrlich werden<\/a>&#8222;, das Lamm, 3.11.21<\/li>\n<li><a href=\"https:\/\/sagw.ch\/sagw\/aktuell\/blog\/details\/news\/armut-ist-kein-verbrechen-unbedingte-wohlfahrt-in-der-schweizer-rechtsprechung\/\">\u00abArmut ist kein Verbrechen\u00bb \u2013 (Un)bedingte Wohlfahrt in der Schweizer Rechtsprechung<\/a>, sagw, 7.04.21<\/li>\n<li>&#8222;<a href=\"https:\/\/sconfinamenti.info\/la-poverta-non-e-un-reato\/\">La povert\u00e0 non \u00e8 un reato<\/a>&#8222;, Sconfinamenti, 9.04.2021<\/li>\n<li>&#8222;<a href=\"https:\/\/jusletter.weblaw.ch\/juslissues\/2021\/1058\/auslandische-sozialh_259ca3b7e5.html__ONCE&amp;login=false\">Ausl\u00e4ndische Sozialhilfebeziehende im Fokus der Migrationsbeh\u00f6rde<\/a>&#8222;, Jusletter, 8.03.2021<\/li>\n<li>&#8222;P<a href=\"https:\/\/www.unia.ch\/fileadmin\/user_upload\/Publikationen\/Horizonte\/2021\/2021-02-19_Horizonte-SPAN.pdf\">orque la pobreza no es un crimen<\/a>&#8222;, Horizonte, 02.2021 (anche in <a href=\"https:\/\/www.unia.ch\/fileadmin\/user_upload\/Publikationen\/Horizonte\/2021\/2021-02-19_Horizonte-PORT.pdf\">portoghese<\/a>, <a href=\"https:\/\/www.unia.ch\/de\/aktuell\/publikationen\/horizonte\/tuerkce\">turco<\/a>, <a href=\"https:\/\/www.unia.ch\/fileadmin\/user_upload\/Publikationen\/Horizonte\/2021\/2021-02-19_Horizonte-BALK.pdf\">serbo-croato<\/a>, <a href=\"https:\/\/www.unia.ch\/fileadmin\/user_upload\/Publikationen\/Horizonte\/2021\/2021-02-19_Horizonte-ALB.pdf\">albanese<\/a> e <a href=\"https:\/\/www.unia.ch\/de\/arbeitswelt\/von-a-z\/migrantinnen\/polnische-infos\">polacco<\/a>)<\/li>\n<li>&#8222;<a href=\"https:\/\/jusletter.weblaw.ch\/juslissues\/2021\/1058\/auslandische-sozialh_259ca3b7e5.html__ONCE&amp;login=false\">Ausl\u00e4ndische Sozialhilfebeziehende im Fokus der Migrationsbeh\u00f6rde<\/a>&#8222;, Jusletter, 8.03.2021<\/li>\n<li>&#8222;<a href=\"https:\/\/beobachtungsstelle.ch\/fileadmin\/Publikationen\/2021\/Fokus_02_2021_F.pdf\">Quand l&#8217;aide sociale sert \u00e0 contr\u00f4ler les migrations<\/a>&#8222;, Fokus, 02.2021<\/li>\n<li>&#8222;<a href=\"https:\/\/beobachtungsstelle.ch\/fileadmin\/Publikationen\/2021\/Fokus_02_2021_D.pdf\">Sozialhilfe als Instrument der Migrationskontrolle<\/a>&#8222;, Fokus, 02.2021<\/li>\n<li>&#8222;<a href=\"http:\/\/www.caffe.ch\/stories\/Fatti\/67781_fermiamo_le_espulsioni_la_povert_non__un_reato\/\">Fermiamo le espulsioni, la povert\u00e0 non \u00e8 un reato<\/a>&#8222;, il caff\u00e8, 20.02.2021<\/li>\n<li>&#8222;<a href=\"https:\/\/www.workzeitung.ch\/2021\/01\/armut-ist-kein-verbrechen\/\">Armut ist kein Verbrechen<\/a>&#8222;, Workzeitung, 22.01.2021<\/li>\n<li><a href=\"https:\/\/www.evenement.ch\/articles\/la-pauvrete-nest-pas-un-crime\">&#8222;La pauvret\u00e9 n\u2019est pas un crime&#8220;<\/a>, L&#8217;evenement, 17.2.2021<\/li>\n<li>&#8222;<a href=\"https:\/\/www.unia.ch\/it\/attualita\/attualita\/articolo\/a\/17593\">L\u2019alleanza solidale cresce<\/a>&#8222;, Area, 12.2.2020<\/li>\n<li>&#8222;A<a href=\"https:\/\/www.blick.ch\/schweiz\/auslaendergesetz-knallhart-unverschuldeter-sozialhilfe-bezug-kann-zu-landesverweis-fuehren-id16333795.html\">usl\u00e4ndergesetz knallhart: Unverschuldeter Sozialhilfe-Bezug kann zu Landesverweis f\u00fchren<\/a>&#8222;, SonntagsBlick, 7.2.2020<\/li>\n<\/ul>\n<p>[\/vc_column_text][\/vc_column][vc_column width=&#8220;1\/4&#8243;][\/vc_column][\/vc_row]<\/p>\n<\/div>","protected":false},"excerpt":{"rendered":"<p>[vc_row][vc_column width=&#8220;1\/4&#8243;][\/vc_column][vc_column width=&#8220;1\/2&#8243;][vc_custom_heading text=&#8220;Wir sind \u00fcberzeugt: Armut ist kein Verbrechen!&#8220; use_theme_fonts=&#8220;yes&#8220;][vc_column_text]Die Allianz wurde von den folgenden Organisationen ins Leben gerufen: Die SP, die Unia, die Schweizerische Beobachtungsstelle f\u00fcr Asyl- und Ausl\u00e4nderrecht (SBAA). Sie z\u00e4hlt inzwischen auf die Unterst\u00fctzung von mehr als 80 Organisationen.[\/vc_column_text][vc_custom_heading text=&#8220;Organisationen&#8220; font_container=&#8220;tag:h3|text_align:left&#8220; use_theme_fonts=&#8220;yes&#8220;][\/vc_column][vc_column width=&#8220;1\/4&#8243;][\/vc_column][\/vc_row][vc_row][vc_column][\/vc_column][\/vc_row][vc_row el_id=&#8220;FAQ&#8220;][vc_column width=&#8220;1\/4&#8243;][\/vc_column][vc_column width=&#8220;1\/2&#8243;][vc_custom_heading text=&#8220;FAQs&#8220; use_theme_fonts=&#8220;yes&#8220;][vc_column_text]Wollen Sie mehr \u00fcber &hellip; <a href=\"https:\/\/poverty-is-not-a-crime.ch\/de\/allianz\/\" title=\"Allianz\" class=\"read-more\">Read More<\/a><\/p>\n","protected":false},"author":1,"featured_media":0,"parent":0,"menu_order":0,"comment_status":"closed","ping_status":"closed","template":"","meta":{"footnotes":""},"class_list":["post-63","page","type-page","status-publish","hentry"],"yoast_head":"<!-- This site is optimized with the Yoast SEO plugin v27.3 - https:\/\/yoast.com\/product\/yoast-seo-wordpress\/ -->\n<title>Allianz - Poverty is not a crime!<\/title>\n<meta name=\"robots\" content=\"index, follow, max-snippet:-1, max-image-preview:large, max-video-preview:-1\" \/>\n<link rel=\"canonical\" href=\"https:\/\/poverty-is-not-a-crime.ch\/de\/allianz\/\" \/>\n<meta property=\"og:locale\" content=\"de_DE\" \/>\n<meta property=\"og:type\" content=\"article\" \/>\n<meta property=\"og:title\" content=\"Wir sind \u00fcberzeugt: Armut ist kein Verbrechen!\" \/>\n<meta property=\"og:description\" content=\"Erz\u00e4hlen Sie uns, warum Sie den offenen Brief unterschrieben haben, warum Ihnen das Anliegen am Herzen liegt.\" \/>\n<meta property=\"og:url\" content=\"https:\/\/poverty-is-not-a-crime.ch\/de\/allianz\/\" \/>\n<meta property=\"og:site_name\" content=\"Poverty is not a crime!\" \/>\n<meta property=\"article:modified_time\" content=\"2022-04-11T07:16:12+00:00\" \/>\n<meta property=\"og:image\" content=\"https:\/\/poverty-is-not-a-crime.ch\/wp-content\/uploads\/2021\/01\/Visual.png\" \/>\n\t<meta property=\"og:image:width\" content=\"1200\" \/>\n\t<meta property=\"og:image:height\" content=\"620\" \/>\n\t<meta property=\"og:image:type\" content=\"image\/png\" \/>\n<meta name=\"twitter:card\" content=\"summary_large_image\" \/>\n<meta name=\"twitter:title\" content=\"Wir sind \u00fcberzeugt: Armut ist kein Verbrechen!\" \/>\n<meta name=\"twitter:description\" content=\"Erz\u00e4hlen Sie uns, warum Sie den offenen Brief unterschrieben haben, warum Ihnen das Anliegen am Herzen liegt.\" \/>\n<meta name=\"twitter:image\" content=\"https:\/\/poverty-is-not-a-crime.ch\/wp-content\/uploads\/2021\/01\/Visual.png\" \/>\n<meta name=\"twitter:label1\" content=\"Gesch\u00e4tzte Lesezeit\" \/>\n\t<meta name=\"twitter:data1\" content=\"3\u00a0Minuten\" \/>\n<script type=\"application\/ld+json\" class=\"yoast-schema-graph\">{\"@context\":\"https:\\\/\\\/schema.org\",\"@graph\":[{\"@type\":\"WebPage\",\"@id\":\"https:\\\/\\\/poverty-is-not-a-crime.ch\\\/de\\\/allianz\\\/\",\"url\":\"https:\\\/\\\/poverty-is-not-a-crime.ch\\\/de\\\/allianz\\\/\",\"name\":\"Allianz - Poverty is not a crime!\",\"isPartOf\":{\"@id\":\"https:\\\/\\\/poverty-is-not-a-crime.ch\\\/de\\\/#website\"},\"datePublished\":\"2021-01-22T00:21:08+00:00\",\"dateModified\":\"2022-04-11T07:16:12+00:00\",\"breadcrumb\":{\"@id\":\"https:\\\/\\\/poverty-is-not-a-crime.ch\\\/de\\\/allianz\\\/#breadcrumb\"},\"inLanguage\":\"de\",\"potentialAction\":[{\"@type\":\"ReadAction\",\"target\":[\"https:\\\/\\\/poverty-is-not-a-crime.ch\\\/de\\\/allianz\\\/\"]}]},{\"@type\":\"BreadcrumbList\",\"@id\":\"https:\\\/\\\/poverty-is-not-a-crime.ch\\\/de\\\/allianz\\\/#breadcrumb\",\"itemListElement\":[{\"@type\":\"ListItem\",\"position\":1,\"name\":\"Startseite\",\"item\":\"https:\\\/\\\/poverty-is-not-a-crime.ch\\\/de\\\/\"},{\"@type\":\"ListItem\",\"position\":2,\"name\":\"Allianz\"}]},{\"@type\":\"WebSite\",\"@id\":\"https:\\\/\\\/poverty-is-not-a-crime.ch\\\/de\\\/#website\",\"url\":\"https:\\\/\\\/poverty-is-not-a-crime.ch\\\/de\\\/\",\"name\":\"Poverty is not a crime!\",\"description\":\"Armut ist kein Verbrechen!\",\"publisher\":{\"@id\":\"https:\\\/\\\/poverty-is-not-a-crime.ch\\\/de\\\/#organization\"},\"potentialAction\":[{\"@type\":\"SearchAction\",\"target\":{\"@type\":\"EntryPoint\",\"urlTemplate\":\"https:\\\/\\\/poverty-is-not-a-crime.ch\\\/de\\\/?s={search_term_string}\"},\"query-input\":{\"@type\":\"PropertyValueSpecification\",\"valueRequired\":true,\"valueName\":\"search_term_string\"}}],\"inLanguage\":\"de\"},{\"@type\":\"Organization\",\"@id\":\"https:\\\/\\\/poverty-is-not-a-crime.ch\\\/de\\\/#organization\",\"name\":\"Poverty is not a crime!\",\"url\":\"https:\\\/\\\/poverty-is-not-a-crime.ch\\\/de\\\/\",\"logo\":{\"@type\":\"ImageObject\",\"inLanguage\":\"de\",\"@id\":\"https:\\\/\\\/poverty-is-not-a-crime.ch\\\/de\\\/#\\\/schema\\\/logo\\\/image\\\/\",\"url\":\"https:\\\/\\\/poverty-is-not-a-crime.ch\\\/wp-content\\\/uploads\\\/2021\\\/01\\\/Visual_EN.png\",\"contentUrl\":\"https:\\\/\\\/poverty-is-not-a-crime.ch\\\/wp-content\\\/uploads\\\/2021\\\/01\\\/Visual_EN.png\",\"width\":1200,\"height\":620,\"caption\":\"Poverty is not a crime!\"},\"image\":{\"@id\":\"https:\\\/\\\/poverty-is-not-a-crime.ch\\\/de\\\/#\\\/schema\\\/logo\\\/image\\\/\"}}]}<\/script>\n<!-- \/ Yoast SEO plugin. -->","yoast_head_json":{"title":"Allianz - Poverty is not a crime!","robots":{"index":"index","follow":"follow","max-snippet":"max-snippet:-1","max-image-preview":"max-image-preview:large","max-video-preview":"max-video-preview:-1"},"canonical":"https:\/\/poverty-is-not-a-crime.ch\/de\/allianz\/","og_locale":"de_DE","og_type":"article","og_title":"Wir sind \u00fcberzeugt: Armut ist kein Verbrechen!","og_description":"Erz\u00e4hlen Sie uns, warum Sie den offenen Brief unterschrieben haben, warum Ihnen das Anliegen am Herzen liegt.","og_url":"https:\/\/poverty-is-not-a-crime.ch\/de\/allianz\/","og_site_name":"Poverty is not a crime!","article_modified_time":"2022-04-11T07:16:12+00:00","og_image":[{"width":1200,"height":620,"url":"https:\/\/poverty-is-not-a-crime.ch\/wp-content\/uploads\/2021\/01\/Visual.png","type":"image\/png"}],"twitter_card":"summary_large_image","twitter_title":"Wir sind \u00fcberzeugt: Armut ist kein Verbrechen!","twitter_description":"Erz\u00e4hlen Sie uns, warum Sie den offenen Brief unterschrieben haben, warum Ihnen das Anliegen am Herzen liegt.","twitter_image":"https:\/\/poverty-is-not-a-crime.ch\/wp-content\/uploads\/2021\/01\/Visual.png","twitter_misc":{"Gesch\u00e4tzte Lesezeit":"3\u00a0Minuten"},"schema":{"@context":"https:\/\/schema.org","@graph":[{"@type":"WebPage","@id":"https:\/\/poverty-is-not-a-crime.ch\/de\/allianz\/","url":"https:\/\/poverty-is-not-a-crime.ch\/de\/allianz\/","name":"Allianz - Poverty is not a crime!","isPartOf":{"@id":"https:\/\/poverty-is-not-a-crime.ch\/de\/#website"},"datePublished":"2021-01-22T00:21:08+00:00","dateModified":"2022-04-11T07:16:12+00:00","breadcrumb":{"@id":"https:\/\/poverty-is-not-a-crime.ch\/de\/allianz\/#breadcrumb"},"inLanguage":"de","potentialAction":[{"@type":"ReadAction","target":["https:\/\/poverty-is-not-a-crime.ch\/de\/allianz\/"]}]},{"@type":"BreadcrumbList","@id":"https:\/\/poverty-is-not-a-crime.ch\/de\/allianz\/#breadcrumb","itemListElement":[{"@type":"ListItem","position":1,"name":"Startseite","item":"https:\/\/poverty-is-not-a-crime.ch\/de\/"},{"@type":"ListItem","position":2,"name":"Allianz"}]},{"@type":"WebSite","@id":"https:\/\/poverty-is-not-a-crime.ch\/de\/#website","url":"https:\/\/poverty-is-not-a-crime.ch\/de\/","name":"Poverty is not a crime!","description":"Armut ist kein Verbrechen!","publisher":{"@id":"https:\/\/poverty-is-not-a-crime.ch\/de\/#organization"},"potentialAction":[{"@type":"SearchAction","target":{"@type":"EntryPoint","urlTemplate":"https:\/\/poverty-is-not-a-crime.ch\/de\/?s={search_term_string}"},"query-input":{"@type":"PropertyValueSpecification","valueRequired":true,"valueName":"search_term_string"}}],"inLanguage":"de"},{"@type":"Organization","@id":"https:\/\/poverty-is-not-a-crime.ch\/de\/#organization","name":"Poverty is not a crime!","url":"https:\/\/poverty-is-not-a-crime.ch\/de\/","logo":{"@type":"ImageObject","inLanguage":"de","@id":"https:\/\/poverty-is-not-a-crime.ch\/de\/#\/schema\/logo\/image\/","url":"https:\/\/poverty-is-not-a-crime.ch\/wp-content\/uploads\/2021\/01\/Visual_EN.png","contentUrl":"https:\/\/poverty-is-not-a-crime.ch\/wp-content\/uploads\/2021\/01\/Visual_EN.png","width":1200,"height":620,"caption":"Poverty is not a crime!"},"image":{"@id":"https:\/\/poverty-is-not-a-crime.ch\/de\/#\/schema\/logo\/image\/"}}]}},"_links":{"self":[{"href":"https:\/\/poverty-is-not-a-crime.ch\/de\/wp-json\/wp\/v2\/pages\/63","targetHints":{"allow":["GET"]}}],"collection":[{"href":"https:\/\/poverty-is-not-a-crime.ch\/de\/wp-json\/wp\/v2\/pages"}],"about":[{"href":"https:\/\/poverty-is-not-a-crime.ch\/de\/wp-json\/wp\/v2\/types\/page"}],"author":[{"embeddable":true,"href":"https:\/\/poverty-is-not-a-crime.ch\/de\/wp-json\/wp\/v2\/users\/1"}],"replies":[{"embeddable":true,"href":"https:\/\/poverty-is-not-a-crime.ch\/de\/wp-json\/wp\/v2\/comments?post=63"}],"version-history":[{"count":72,"href":"https:\/\/poverty-is-not-a-crime.ch\/de\/wp-json\/wp\/v2\/pages\/63\/revisions"}],"predecessor-version":[{"id":1051,"href":"https:\/\/poverty-is-not-a-crime.ch\/de\/wp-json\/wp\/v2\/pages\/63\/revisions\/1051"}],"wp:attachment":[{"href":"https:\/\/poverty-is-not-a-crime.ch\/de\/wp-json\/wp\/v2\/media?parent=63"}],"curies":[{"name":"wp","href":"https:\/\/api.w.org\/{rel}","templated":true}]}}