{"id":55,"date":"2021-01-22T00:10:28","date_gmt":"2021-01-22T00:10:28","guid":{"rendered":"https:\/\/poverty-is-not-a-crime.ch\/?page_id=55"},"modified":"2021-01-22T16:10:24","modified_gmt":"2021-01-22T16:10:24","slug":"spenden","status":"publish","type":"page","link":"https:\/\/poverty-is-not-a-crime.ch\/de\/spenden\/","title":{"rendered":"Spenden"},"content":{"rendered":"<div class=\"wpb-content-wrapper\"><p>[vc_row][vc_column][vc_column_text]Die st\u00e4ndige Versch\u00e4rfung des Ausl\u00e4nder:innen- und Integrationsgesetzes kann das Leben von vielen Menschen zerst\u00f6ren. Doch dies wird nur allzu oft verschwiegen!<\/p>\n<p>Wir wollen engagierte Menschen wie Sie sowie direkt Betroffene zusammenbringen und mobilisieren, um den Druck auf die Institutionen zu erh\u00f6hen. Wir sind \u00fcberzeugt: Armut ist kein Verbrechen.<\/p>\n<p>Helfen Sie uns mit einer Spende noch mehr Menschen zu erreichen?<\/p>\n<p><em>Spenden an die Allianz werden von der SP Schweiz abgewickelt und k\u00f6nnen von den Steuern abgezogen werden. Die SP Schweiz versendet eine Spendenbest\u00e4tigung.<\/em>[\/vc_column_text][\/vc_column][\/vc_row][vc_row][vc_column][vc_raw_html]JTNDZGl2JTIwY2xhc3MlM0QlMjJybnctd2lkZ2V0LWNvbnRhaW5lciUyMiUzRSUzQyUyRmRpdiUzRSUwQSUzQ3NjcmlwdCUyMHNyYyUzRCUyMmh0dHBzJTNBJTJGJTJGdGFtYXJvLnJhaXNlbm93LmNvbSUyRnNwLXNjaHdlaXolMkZsYXRlc3QlMkZ3aWRnZXQuanMlMjIlM0UlM0MlMkZzY3JpcHQlM0UlMEElM0NzY3JpcHQlM0UlMEF3aW5kb3cucm53LnRhbWFyby5ydW5XaWRnZXQlMjglMjcucm53LXdpZGdldC1jb250YWluZXIlMjclMkMlMjAlN0IlMEElMDlsYW5ndWFnZSUzQSUyMCUyN2RlJTI3JTJDJTBBJTA5dGVzdE1vZGUlM0ElMjBmYWxzZSUyQyUwQSUwOWRlYnVnJTNBJTIwZmFsc2UlMkMlMEElMDlwdXJwb3NlcyUzQSUyMCU1QiUyN3AxJTI3JTVEJTJDJTBBJTA5cHVycG9zZURldGFpbHMlM0ElMjAlN0IlMEElMjAlMjAlMjAlMjAlMDlwMSUzQSUyMCU3QiUwQSUyMCUyMCUyMCUyMCUwOSUwOXN0b3JlZF9jYW1wYWlnbl9pZCUzQSUyMDI4ODg2MDUzJTJDJTBBJTIwJTIwJTIwJTIwJTA5JTdEJTJDJTBBJTIwJTIwJTIwJTIwJTdEJTJDJTBBJTIwJTIwJTIwJTIwcGF5bWVudFR5cGVzJTNBJTIwJTVCJTBBJUMyJUEwJUMyJUEwJUMyJUEwJTIwJTA5JTI3b25ldGltZSUyNyUyQyUwQSVDMiVBMCVDMiVBMCVDMiVBMCUyMCUwOSUyRiUyRiUyN3JlY3VycmluZyUyNyUwQSVDMiVBMCUyMCVDMiVBMCVDMiVBMCU1RCUyQyUwQSUyMCUyMCUyMCUyMHRyYW5zbGF0aW9ucyUzQSUyMCU3QiUwQSUyMCUyMCUyMCUyMCUyMCUyMCUyMCUyMGRlJTNBJTIwJTdCJTBBJTIwJTIwJTIwJTIwJTIwJTIwJTIwJTIwJTA5cHVycG9zZXMlM0ElMjAlN0IlMEElMjAlMjAlMjAlMjAlMjAlMjAlMjAlMjAlMjAlMjAlMjAlMDklMDlwMSUzQSUyMCUyN0FybXV0JTIwaXN0JTIwa2VpbiUyMFZlcmJyZWNoZW4lMjclMkMlMEElMjAlMjAlMjAlMjAlMjAlMjAlMjAlMjAlMDklN0QlMkMlMEElMjAlMjAlMjAlMjAlMjAlMjAlMjAlMjAlMDklMkYlMkFhbW91bnRfZGVzY3JpcHRpb25zJTNBJTIwJTVCJTBBJTIwJTIwJTIwJTIwJTIwJTIwJTIwJTIwJTIwJTA5JTA5JTdCJTBBJTIwJTIwJTIwJTIwJTIwJTIwJTIwJTIwJTIwJTIwJTA5JTA5JTA5JTIyaWYlMjIlM0ElMjAlMjJwYXltZW50VHlwZSUyOCUyOSUyMCUzRCUzRCUyMG9uZXRpbWUlMjIlMkMlMEElMjAlMjAlMjAlMjAlMjAlMjAlMjAlMjAlMjAlMjAlMDklMDklMDklMjJ0aGVuJTIyJTNBJTIwJTVCJTBBJTIwJTIwJTIwJTIwJTIwJTIwJTIwJTIwJTIwJTIwJTIwJTIwJTA5JTA5JTA5JTdCJTBBJTIwJTIwJTIwJTIwJTIwJTIwJTIwJTIwJTIwJTIwJTIwJTIwJTIwJTIwJTIwJTA5JTA5JTA5JTA5JTIyaWYlMjIlM0ElMjAlMjJhbW91bnQlMjglMjklMjAlM0QlM0QlMjA1MCUyMiUyQyUwQSUyMCUyMCUyMCUyMCUyMCUyMCUyMCUyMCUyMCUyMCUyMCUyMCUyMCUyMCUyMCUwOSUwOSUwOSUwOSUyMnRoZW4lMjIlM0ElMjAlMjJURVhUMSUyMiUwQSUyMCUyMCUyMCUyMCUyMCUyMCUyMCUyMCUyMCUyMCUyMCUyMCUyMCUwOSUwOSUwOSU3RCUyQyUwQSUyMCUyMCUyMCUyMCUyMCUyMCUyMCUyMCUyMCUyMCUyMCUyMCUyMCUwOSUwOSUwOSU3QiUwQSUyMCUyMCUyMCUyMCUyMCUyMCUyMCUyMCUyMCUyMCUyMCUyMCUyMCUyMCUyMCUwOSUwOSUwOSUwOSUyMmlmJTIyJTNBJTIwJTIyYW1vdW50JTI4JTI5JTIwJTNEJTNEJTIwMTAwJTIyJTJDJTBBJTIwJTIwJTIwJTIwJTIwJTIwJTIwJTIwJTIwJTIwJTIwJTIwJTIwJTIwJTIwJTA5JTA5JTA5JTA5JTIydGhlbiUyMiUzQSUyMCUyMlRFWFQyJTIyJTBBJTIwJTIwJTIwJTIwJTIwJTIwJTIwJTIwJTIwJTIwJTIwJTIwJTIwJTA5JTA5JTA5JTdEJTJDJTBBJTIwJTIwJTIwJTIwJTIwJTIwJTIwJTIwJTIwJTIwJTIwJTIwJTIwJTA5JTA5JTA5JTdCJTBBJTIwJTIwJTIwJTIwJTIwJTIwJTIwJTIwJTIwJTIwJTIwJTIwJTIwJTIwJTIwJTA5JTA5JTA5JTA5JTIyaWYlMjIlM0ElMjAlMjJhbW91bnQlMjglMjklMjAlM0QlM0QlMjAyMDAlMjIlMkMlMEElMjAlMjAlMjAlMjAlMjAlMjAlMjAlMjAlMjAlMjAlMjAlMjAlMjAlMjAlMjAlMDklMDklMDklMDklMjJ0aGVuJTIyJTNBJTIwJTIyVEVYVDMlMjIlMEElMjAlMjAlMjAlMjAlMjAlMjAlMjAlMjAlMjAlMjAlMjAlMjAlMjAlMDklMDklMDklN0QlMkMlMEElMjAlMjAlMjAlMjAlMjAlMjAlMjAlMjAlMjAlMjAlMjAlMjAlMjAlMDklMDklMDklN0IlMEElMjAlMjAlMjAlMjAlMjAlMjAlMjAlMjAlMjAlMjAlMjAlMjAlMjAlMjAlMjAlMDklMDklMDklMDklMjJpZiUyMiUzQSUyMCUyMmFtb3VudCUyOCUyOSUyMCUzRCUzRCUyMDQwMCUyMiUyQyUwQSUyMCUyMCUyMCUyMCUyMCUyMCUyMCUyMCUyMCUyMCUyMCUyMCUyMCUyMCUyMCUwOSUwOSUwOSUwOSUyMnRoZW4lMjIlM0ElMjAlMjJURVhUNCUyMiUwQSUyMCUyMCUyMCUyMCUyMCUyMCUyMCUyMCUyMCUyMCUyMCUyMCUyMCUwOSUwOSUwOSU3RCUyQyUwQSUyMCUyMCUyMCUyMCUyMCUyMCUyMCUyMCUyMCUyMCUyMCUyMCUyMCUwOSUwOSUwOSU3QiUwQSUyMCUyMCUyMCUyMCUyMCUyMCUyMCUyMCUyMCUyMCUyMCUyMCUyMCUyMCUyMCUwOSUwOSUwOSUwOSUyMmlmJTIyJTNBJTIwJTIyYW1vdW50JTI4JTI5JTIwJTNEJTNEJTIwY3VzdG9tX2Ftb3VudCUyMiUyQyUwQSUyMCUyMCUyMCUyMCUyMCUyMCUyMCUyMCUyMCUyMCUyMCUyMCUyMCUyMCUyMCUwOSUwOSUwOSUwOSUyMnRoZW4lMjIlM0ElMjAlMjJURVhUNSUyMiUwQSUyMCUyMCUyMCUyMCUyMCUyMCUyMCUyMCUyMCUyMCUyMCUyMCUyMCUwOSUwOSUwOSU3RCUwQSUyMCUyMCUyMCUyMCUyMCUyMCUyMCUyMCUyMCUyMCUyMCUwOSUwOSUwOSU1RCUwQSUyMCUyMCUyMCUyMCUyMCUyMCUyMCUyMCUyMCUwOSUwOSU3RCUyQyUwQSUyMCUyMCUyMCUyMCUyMCUyMCUyMCUwOSUwOSU1RCUyQSUyRiUwQSUyMCUyMCUyMCUyMCUwOSU3RCUyQyUwQSUyMCUyMCUyMCUyMCUwOWZyJTNBJTIwJTdCJTBBJTIwJTIwJTIwJTIwJTIwJTIwJTIwJTIwJTA5cHVycG9zZXMlM0ElMjAlN0IlMEElMjAlMjAlMjAlMjAlMjAlMjAlMjAlMjAlMjAlMjAlMjAlMDklMDlwMSUzQSUyMCUyN0xhJTIwcGF1dnJldCVDMyVBOSUyMG4lNUMlMjdlc3QlMjBwYXMlMjB1biUyMGNyaW1lJTI3JTJDJTBBJTIwJTIwJTIwJTIwJTIwJTIwJTIwJTIwJTA5JTdEJTJDJTBBJTIwJTIwJTIwJTIwJTIwJTIwJTIwJTIwJTA5JTJGJTJBYW1vdW50X2Rlc2NyaXB0aW9ucyUzQSUyMCU1QiUwQSUyMCUyMCUyMCUyMCUyMCUyMCUyMCUyMCUyMCUwOSUwOSU3QiUwQSUyMCUyMCUyMCUyMCUyMCUyMCUyMCUyMCUyMCUyMCUwOSUwOSUwOSUyMmlmJTIyJTNBJTIwJTIycGF5bWVudFR5cGUlMjglMjklMjAlM0QlM0QlMjBvbmV0aW1lJTIyJTJDJTBBJTIwJTIwJTIwJTIwJTIwJTIwJTIwJTIwJTIwJTIwJTA5JTA5JTA5JTIydGhlbiUyMiUzQSUyMCU1QiUwQSUyMCUyMCUyMCUyMCUyMCUyMCUyMCUyMCUyMCUyMCUyMCUyMCUwOSUwOSUwOSU3QiUwQSUyMCUyMCUyMCUyMCUyMCUyMCUyMCUyMCUyMCUyMCUyMCUyMCUyMCUyMCUyMCUwOSUwOSUwOSUwOSUyMmlmJTIyJTNBJTIwJTIyYW1vdW50JTI4JTI5JTIwJTNEJTNEJTIwNTAlMjIlMkMlMEElMjAlMjAlMjAlMjAlMjAlMjAlMjAlMjAlMjAlMjAlMjAlMjAlMjAlMjAlMjAlMDklMDklMDklMDklMjJ0aGVuJTIyJTNBJTIwJTIyVEVYVDElMjIlMEElMjAlMjAlMjAlMjAlMjAlMjAlMjAlMjAlMjAlMjAlMjAlMjAlMjAlMDklMDklMDklN0QlMkMlMEElMjAlMjAlMjAlMjAlMjAlMjAlMjAlMjAlMjAlMjAlMjAlMjAlMjAlMDklMDklMDklN0IlMEElMjAlMjAlMjAlMjAlMjAlMjAlMjAlMjAlMjAlMjAlMjAlMjAlMjAlMjAlMjAlMDklMDklMDklMDklMjJpZiUyMiUzQSUyMCUyMmFtb3VudCUyOCUyOSUyMCUzRCUzRCUyMDEwMCUyMiUyQyUwQSUyMCUyMCUyMCUyMCUyMCUyMCUyMCUyMCUyMCUyMCUyMCUyMCUyMCUyMCUyMCUwOSUwOSUwOSUwOSUyMnRoZW4lMjIlM0ElMjAlMjJURVhUMiUyMiUwQSUyMCUyMCUyMCUyMCUyMCUyMCUyMCUyMCUyMCUyMCUyMCUyMCUyMCUwOSUwOSUwOSU3RCUyQyUwQSUyMCUyMCUyMCUyMCUyMCUyMCUyMCUyMCUyMCUyMCUyMCUyMCUyMCUwOSUwOSUwOSU3QiUwQSUyMCUyMCUyMCUyMCUyMCUyMCUyMCUyMCUyMCUyMCUyMCUyMCUyMCUyMCUyMCUwOSUwOSUwOSUwOSUyMmlmJTIyJTNBJTIwJTIyYW1vdW50JTI4JTI5JTIwJTNEJTNEJTIwMjAwJTIyJTJDJTBBJTIwJTIwJTIwJTIwJTIwJTIwJTIwJTIwJTIwJTIwJTIwJTIwJTIwJTIwJTIwJTA5JTA5JTA5JTA5JTIydGhlbiUyMiUzQSUyMCUyMlRFWFQzJTIyJTBBJTIwJTIwJTIwJTIwJTIwJTIwJTIwJTIwJTIwJTIwJTIwJTIwJTIwJTA5JTA5JTA5JTdEJTJDJTBBJTIwJTIwJTIwJTIwJTIwJTIwJTIwJTIwJTIwJTIwJTIwJTIwJTIwJTA5JTA5JTA5JTdCJTBBJTIwJTIwJTIwJTIwJTIwJTIwJTIwJTIwJTIwJTIwJTIwJTIwJTIwJTIwJTIwJTA5JTA5JTA5JTA5JTIyaWYlMjIlM0ElMjAlMjJhbW91bnQlMjglMjklMjAlM0QlM0QlMjA0MDAlMjIlMkMlMEElMjAlMjAlMjAlMjAlMjAlMjAlMjAlMjAlMjAlMjAlMjAlMjAlMjAlMjAlMjAlMDklMDklMDklMDklMjJ0aGVuJTIyJTNBJTIwJTIyVEVYVDQlMjIlMEElMjAlMjAlMjAlMjAlMjAlMjAlMjAlMjAlMjAlMjAlMjAlMjAlMjAlMDklMDklMDklN0QlMkMlMEElMjAlMjAlMjAlMjAlMjAlMjAlMjAlMjAlMjAlMjAlMjAlMjAlMjAlMDklMDklMDklN0IlMEElMjAlMjAlMjAlMjAlMjAlMjAlMjAlMjAlMjAlMjAlMjAlMjAlMjAlMjAlMjAlMDklMDklMDklMDklMjJpZiUyMiUzQSUyMCUyMmFtb3VudCUyOCUyOSUyMCUzRCUzRCUyMGN1c3RvbV9hbW91bnQlMjIlMkMlMEElMjAlMjAlMjAlMjAlMjAlMjAlMjAlMjAlMjAlMjAlMjAlMjAlMjAlMjAlMjAlMDklMDklMDklMDklMjJ0aGVuJTIyJTNBJTIwJTIyVEVYVDUlMjIlMEElMjAlMjAlMjAlMjAlMjAlMjAlMjAlMjAlMjAlMjAlMjAlMjAlMjAlMDklMDklMDklN0QlMEElMjAlMjAlMjAlMjAlMjAlMjAlMjAlMjAlMjAlMjAlMjAlMDklMDklMDklNUQlMEElMjAlMjAlMjAlMjAlMjAlMjAlMjAlMjAlMjAlMDklMDklN0QlMkMlMEElMjAlMjAlMjAlMjAlMjAlMjAlMjAlMDklMDklNUQlMkElMkYlMEElMjAlMjAlMjAlMjAlMDklN0QlMkMlMEElMjAlMjAlMjAlMjAlMDlpdCUzQSUyMCU3QiUwQSUyMCUyMCUyMCUyMCUyMCUyMCUyMCUyMCUwOXB1cnBvc2VzJTNBJTIwJTdCJTBBJTIwJTIwJTIwJTIwJTIwJTIwJTIwJTIwJTIwJTIwJTIwJTA5JTA5cDElM0ElMjAlMjdMYSUyMHBvdmVydCVDMyVBMCUyMG5vbiUyMCVDMyVBOCUyMHVuJTIwcmVhdG8lMjclMkMlMEElMjAlMjAlMjAlMjAlMjAlMjAlMjAlMjAlMDklN0QlMkMlMEElMjAlMjAlMjAlMjAlMjAlMjAlMjAlMjAlMDklMkYlMkFhbW91bnRfZGVzY3JpcHRpb25zJTNBJTIwJTVCJTBBJTIwJTIwJTIwJTIwJTIwJTIwJTIwJTIwJTIwJTA5JTA5JTdCJTBBJTIwJTIwJTIwJTIwJTIwJTIwJTIwJTIwJTIwJTIwJTA5JTA5JTA5JTIyaWYlMjIlM0ElMjAlMjJwYXltZW50VHlwZSUyOCUyOSUyMCUzRCUzRCUyMG9uZXRpbWUlMjIlMkMlMEElMjAlMjAlMjAlMjAlMjAlMjAlMjAlMjAlMjAlMjAlMDklMDklMDklMjJ0aGVuJTIyJTNBJTIwJTVCJTBBJTIwJTIwJTIwJTIwJTIwJTIwJTIwJTIwJTIwJTIwJTIwJTIwJTA5JTA5JTA5JTdCJTBBJTIwJTIwJTIwJTIwJTIwJTIwJTIwJTIwJTIwJTIwJTIwJTIwJTIwJTIwJTIwJTA5JTA5JTA5JTA5JTIyaWYlMjIlM0ElMjAlMjJhbW91bnQlMjglMjklMjAlM0QlM0QlMjA1MCUyMiUyQyUwQSUyMCUyMCUyMCUyMCUyMCUyMCUyMCUyMCUyMCUyMCUyMCUyMCUyMCUyMCUyMCUwOSUwOSUwOSUwOSUyMnRoZW4lMjIlM0ElMjAlMjJURVhUMSUyMiUwQSUyMCUyMCUyMCUyMCUyMCUyMCUyMCUyMCUyMCUyMCUyMCUyMCUyMCUwOSUwOSUwOSU3RCUyQyUwQSUyMCUyMCUyMCUyMCUyMCUyMCUyMCUyMCUyMCUyMCUyMCUyMCUyMCUwOSUwOSUwOSU3QiUwQSUyMCUyMCUyMCUyMCUyMCUyMCUyMCUyMCUyMCUyMCUyMCUyMCUyMCUyMCUyMCUwOSUwOSUwOSUwOSUyMmlmJTIyJTNBJTIwJTIyYW1vdW50JTI4JTI5JTIwJTNEJTNEJTIwMTAwJTIyJTJDJTBBJTIwJTIwJTIwJTIwJTIwJTIwJTIwJTIwJTIwJTIwJTIwJTIwJTIwJTIwJTIwJTA5JTA5JTA5JTA5JTIydGhlbiUyMiUzQSUyMCUyMlRFWFQyJTIyJTBBJTIwJTIwJTIwJTIwJTIwJTIwJTIwJTIwJTIwJTIwJTIwJTIwJTIwJTA5JTA5JTA5JTdEJTJDJTBBJTIwJTIwJTIwJTIwJTIwJTIwJTIwJTIwJTIwJTIwJTIwJTIwJTIwJTA5JTA5JTA5JTdCJTBBJTIwJTIwJTIwJTIwJTIwJTIwJTIwJTIwJTIwJTIwJTIwJTIwJTIwJTIwJTIwJTA5JTA5JTA5JTA5JTIyaWYlMjIlM0ElMjAlMjJhbW91bnQlMjglMjklMjAlM0QlM0QlMjAyMDAlMjIlMkMlMEElMjAlMjAlMjAlMjAlMjAlMjAlMjAlMjAlMjAlMjAlMjAlMjAlMjAlMjAlMjAlMDklMDklMDklMDklMjJ0aGVuJTIyJTNBJTIwJTIyVEVYVDMlMjIlMEElMjAlMjAlMjAlMjAlMjAlMjAlMjAlMjAlMjAlMjAlMjAlMjAlMjAlMDklMDklMDklN0QlMkMlMEElMjAlMjAlMjAlMjAlMjAlMjAlMjAlMjAlMjAlMjAlMjAlMjAlMjAlMDklMDklMDklN0IlMEElMjAlMjAlMjAlMjAlMjAlMjAlMjAlMjAlMjAlMjAlMjAlMjAlMjAlMjAlMjAlMDklMDklMDklMDklMjJpZiUyMiUzQSUyMCUyMmFtb3VudCUyOCUyOSUyMCUzRCUzRCUyMDQwMCUyMiUyQyUwQSUyMCUyMCUyMCUyMCUyMCUyMCUyMCUyMCUyMCUyMCUyMCUyMCUyMCUyMCUyMCUwOSUwOSUwOSUwOSUyMnRoZW4lMjIlM0ElMjAlMjJURVhUNCUyMiUwQSUyMCUyMCUyMCUyMCUyMCUyMCUyMCUyMCUyMCUyMCUyMCUyMCUyMCUwOSUwOSUwOSU3RCUyQyUwQSUyMCUyMCUyMCUyMCUyMCUyMCUyMCUyMCUyMCUyMCUyMCUyMCUyMCUwOSUwOSUwOSU3QiUwQSUyMCUyMCUyMCUyMCUyMCUyMCUyMCUyMCUyMCUyMCUyMCUyMCUyMCUyMCUyMCUwOSUwOSUwOSUwOSUyMmlmJTIyJTNBJTIwJTIyYW1vdW50JTI4JTI5JTIwJTNEJTNEJTIwY3VzdG9tX2Ftb3VudCUyMiUyQyUwQSUyMCUyMCUyMCUyMCUyMCUyMCUyMCUyMCUyMCUyMCUyMCUyMCUyMCUyMCUyMCUwOSUwOSUwOSUwOSUyMnRoZW4lMjIlM0ElMjAlMjJURVhUNSUyMiUwQSUyMCUyMCUyMCUyMCUyMCUyMCUyMCUyMCUyMCUyMCUyMCUyMCUyMCUwOSUwOSUwOSU3RCUwQSUyMCUyMCUyMCUyMCUyMCUyMCUyMCUyMCUyMCUyMCUyMCUwOSUwOSUwOSU1RCUwQSUyMCUyMCUyMCUyMCUyMCUyMCUyMCUyMCUyMCUwOSUwOSU3RCUyQyUwQSUyMCUyMCUyMCUyMCUyMCUyMCUyMCUwOSUwOSU1RCUyQSUyRiUwQSUyMCUyMCUyMCUyMCUwOSU3RCUyQyUyMCUwQSUyMCUyMCUyMCUyMCU3RCUyQyUwQSUwOXNob3dTdG9yZWRDdXN0b21lckVtYWlsUGVybWlzc2lvbiUzQSUyMGZhbHNlJTJDJTBBJTA5cGF5bWVudEZvcm1QcmVmaWxsJTNBJTIwJTdCJTBBJTIwJTIwJTIwJTIwJTIwJTA5c3RvcmVkX2N1c3RvbWVyX2VtYWlsX3Blcm1pc3Npb24lM0ElMjB0cnVlJTJDJTBBJTIwJTIwJTIwJTIwJTIwJTA5c3RvcmVkX2N1c3RvbWVyX2RvbmF0aW9uX3JlY2VpcHQlM0ElMjB0cnVlJTJDJTBBJTIwJTIwJTIwJTIwJTIwJTA5c3RvcmVkX2N1c3RvbWVyX2NvdW50cnklM0ElMjAlMjdDSCUyNyUyQyUwQSUyMCUyMCUyMCUyMCUyMCUwOXN0b3JlZF9zeHRfYWRkcmVzc19zb3VyY2UlM0ElMjAlMjcxMDA4JTI3JTJDJTBBJTIwJTIwJTIwJTIwJTIwJTA5JTJGJTJGc3RvcmVkX2hpZGRlbl9wYXJhbWV0ZXIlM0ElMjAlMjdteVZhbHVlJTI3JTJDJTBBJTIwJTIwJTIwJTIwJTdEJTJDJTBBJTIwJTIwJTIwJTIwYW1vdW50cyUzQSUyMCU1QiUwQSUyMCUyMCUyMCUyMCUwOSU3QiUwQSUyMCUyMCUyMCUyMCUwOSUwOSUyMmlmJTIyJTNBJTIwJTIycGF5bWVudFR5cGUlMjglMjklMjAlM0QlM0QlMjBvbmV0aW1lJTIyJTJDJTBBJTIwJTIwJTIwJTIwJTIwJTIwJTIwJTIwJTIwJTIwJTA5JTIydGhlbiUyMiUzQSUyMCU1QjI1JTJDNTAlMkMxMDAlMkMyMDAlNUQlMkMlMEElMjAlMjAlMjAlMjAlMDklN0QlMkMlMEElMjAlMjAlMjAlMjAlMDklN0IlMEElMjAlMjAlMjAlMjAlMjAlMjAlMjAlMDklMDklMjJpZiUyMiUzQSUyMCUyMnJlY3VycmluZ0ludGVydmFsJTI4JTI5JTIwJTNEJTNEJTIwbW9udGhseSUyMCUyNiUyNiUyMHBheW1lbnRUeXBlJTI4JTI5JTIwJTNEJTNEJTIwcmVjdXJyaW5nJTIyJTJDJTBBJTIwJTIwJTIwJTIwJTIwJTIwJTIwJTA5JTA5JTIydGhlbiUyMiUzQSUyMCU1QjEwJTJDMjAlMkMzMCUyQzUwJTVEJTJDJTBBJTIwJTIwJTIwJTIwJTA5JTdEJTJDJTBBJTIwJTIwJTIwJTIwJTA5JTdCJTBBJTIwJTIwJTIwJTIwJTIwJTIwJTIwJTA5JTA5JTIyaWYlMjIlM0ElMjAlMjJyZWN1cnJpbmdJbnRlcnZhbCUyOCUyOSUyMCUzRCUzRCUyMHF1YXJ0ZXJseSUyMCUyNiUyNiUyMHBheW1lbnRUeXBlJTI4JTI5JTIwJTNEJTNEJTIwcmVjdXJyaW5nJTIyJTJDJTBBJTIwJTIwJTIwJTIwJTIwJTIwJTIwJTA5JTA5JTIydGhlbiUyMiUzQSUyMCU1QjMwJTJDNjAlMkM5MCUyQzE1MCU1RCUyQyUwQSUyMCUyMCUyMCUyMCUwOSU3RCUyQyUwQSUyMCUyMCUyMCUyMCUwOSU3QiUwQSUyMCUyMCUyMCUyMCUyMCUyMCUyMCUwOSUwOSUyMmlmJTIyJTNBJTIwJTIycmVjdXJyaW5nSW50ZXJ2YWwlMjglMjklMjAlM0QlM0QlMjBzZW1lc3RyYWwlMjAlMjYlMjYlMjBwYXltZW50VHlwZSUyOCUyOSUyMCUzRCUzRCUyMHJlY3VycmluZyUyMiUyQyUwQSUyMCUyMCUyMCUyMCUyMCUyMCUyMCUwOSUwOSUyMnRoZW4lMjIlM0ElMjAlNUI2MCUyQzEyMCUyQzE4MCUyQzMwMCU1RCUyQyUwQSUyMCUyMCUyMCUyMCUwOSU3RCUyQyUwQSUyMCUyMCUyMCUyMCUwOSU3QiUwQSUyMCUyMCUyMCUyMCUyMCUyMCUyMCUwOSUwOSUyMmlmJTIyJTNBJTIwJTIycmVjdXJyaW5nSW50ZXJ2YWwlMjglMjklMjAlM0QlM0QlMjB5ZWFybHklMjAlMjYlMjYlMjBwYXltZW50VHlwZSUyOCUyOSUyMCUzRCUzRCUyMHJlY3VycmluZyUyMiUyQyUwQSUyMCUyMCUyMCUyMCUyMCUyMCUyMCUwOSUwOSUyMnRoZW4lMjIlM0ElMjAlNUIxMjAlMkMyNDAlMkMzNjAlMkM2MDAlNUQlMkMlMEElMjAlMjAlMjAlMjAlMDklN0QlMkMlMEElMjAlMjAlMjAlMjAlNUQlMkMlMEElMjAlMjAlMjAlMjBwYXltZW50U2xpcERlbGl2ZXJ5VHlwZXMlM0ElMjAlNUIlMEElMDklMDklN0IlMEElMjAlMjAlMjAlMjAlMDklMDklMjJpZiUyMiUzQSUyMCUyMnBheW1lbnRUeXBlJTI4JTI5JTIwJTNEJTNEJTIwb25ldGltZSUyMiUyQyUwQSUyMCUyMCUyMCUyMCUyMCUyMCUyMCUyMCUyMCUyMCUwOSUyMnRoZW4lMjIlM0ElMjAlNUIlMjdkb3dubG9hZCUyNyUyQyUyN21haWwlMjclNUQlMkMlMEElMjAlMjAlMjAlMjAlMDklN0QlMkMlMEElMjAlMjAlMjAlMjAlMDklN0IlMEElMjAlMjAlMjAlMjAlMDklMDklMjJpZiUyMiUzQSUyMCUyMnBheW1lbnRUeXBlJTI4JTI5JTIwJTNEJTNEJTIwcmVjdXJyaW5nJTIyJTJDJTBBJTIwJTIwJTIwJTIwJTIwJTIwJTIwJTIwJTIwJTIwJTA5JTIydGhlbiUyMiUzQSUyMCU1QiUyN21haWwlMjclNUQlMkMlMEElMjAlMjAlMjAlMjAlMDklN0QlMkMlMEElMjAlMjAlMjAlMjAlNUQlMkMlMEElMjAlMjAlMjAlMjAlMkYlMkZtaW5pbXVtQ3VzdG9tQW1vdW50JTNBJTIwJTVCMTUlNUQlMkMlMEElMjAlMjAlMjAlMjAlMkYlMkZhbGxvd0N1c3RvbUFtb3VudCUzQSUyMHRydWUlMkMlMEElMjAlMjAlMjAlMjAlMkYlMkZsYXlvdXQlM0ElMjAlMjdsaXN0JTI3JTJDJTBBJTdEJTI5JTBBJTNDJTJGc2NyaXB0JTNFJTBBJTBBJTNDc3R5bGUlM0UlMEElMDklM0Fyb290JTIwJTdCJTBBJTIwJTIwJTIwJTIwJTIwJTIwLS10YW1hcm8tcHJpbWFyeS1jb2xvciUzQSUyMCUyM2U0MDIyZCUzQiUwQSUyMCUyMCUyMCUyMCUyMCUyMC0tdGFtYXJvLXByaW1hcnktY29sb3JfX2hvdmVyJTNBJTIwcmdiYSUyODIyOCUyQzIlMkM0NSUyQzAuNzUlMjklM0IlMEElMjAlMjAlMjAlMjAlMjAlMjAtLXRhbWFyby1wcmltYXJ5LWJnLWNvbG9yJTNBJTIwcmdiYSUyODIyOCUyQzIlMkM0NSUyQzAuMDMlMjklM0IlMEElMjAlMjAlMjAlMjAlMjAlMjAtLXRhbWFyby1ib3JkZXItY29sb3IlM0ElMjAlMjNiNWI1YjUlM0IlMEElMjAlMjAlMjAlMjAlMjAlMjAlMjAlMjAlMkYlMkFmb250LXNpemUlM0ElMjBpbmhlcml0JTNCJTJBJTJGJTBBJTIwJTIwJTIwJTIwJTdEJTIwJTIwJTIwJTIwJTIwJTIwJTBBJTNDJTJGc3R5bGUlM0U=[\/vc_raw_html][\/vc_column][\/vc_row]<\/p>\n<\/div>","protected":false},"excerpt":{"rendered":"<p>[vc_row][vc_column][vc_column_text]Die st\u00e4ndige Versch\u00e4rfung des Ausl\u00e4nder:innen- und Integrationsgesetzes kann das Leben von vielen Menschen zerst\u00f6ren. Doch dies wird nur allzu oft verschwiegen! Wir wollen engagierte Menschen wie Sie sowie direkt Betroffene zusammenbringen und mobilisieren, um den Druck auf die Institutionen zu erh\u00f6hen. Wir sind \u00fcberzeugt: Armut ist kein Verbrechen. Helfen Sie uns mit einer Spende noch &hellip; <a href=\"https:\/\/poverty-is-not-a-crime.ch\/de\/spenden\/\" title=\"Spenden\" class=\"read-more\">Read More<\/a><\/p>\n","protected":false},"author":1,"featured_media":0,"parent":0,"menu_order":0,"comment_status":"closed","ping_status":"closed","template":"","meta":{"footnotes":""},"class_list":["post-55","page","type-page","status-publish","hentry"],"yoast_head":"<!-- This site is optimized with the Yoast SEO plugin v27.3 - https:\/\/yoast.com\/product\/yoast-seo-wordpress\/ -->\n<title>Spenden - Poverty is not a crime!<\/title>\n<meta name=\"robots\" content=\"index, follow, max-snippet:-1, max-image-preview:large, max-video-preview:-1\" \/>\n<link rel=\"canonical\" href=\"https:\/\/poverty-is-not-a-crime.ch\/de\/spenden\/\" \/>\n<meta property=\"og:locale\" content=\"de_DE\" \/>\n<meta property=\"og:type\" content=\"article\" \/>\n<meta property=\"og:title\" content=\"Spenden - Poverty is not a crime!\" \/>\n<meta property=\"og:description\" content=\"[vc_row][vc_column][vc_column_text]Die st\u00e4ndige Versch\u00e4rfung des Ausl\u00e4nder:innen- und Integrationsgesetzes kann das Leben von vielen Menschen zerst\u00f6ren. Doch dies wird nur allzu oft verschwiegen! Wir wollen engagierte Menschen wie Sie sowie direkt Betroffene zusammenbringen und mobilisieren, um den Druck auf die Institutionen zu erh\u00f6hen. Wir sind \u00fcberzeugt: Armut ist kein Verbrechen. Helfen Sie uns mit einer Spende noch [&hellip;]\" \/>\n<meta property=\"og:url\" content=\"https:\/\/poverty-is-not-a-crime.ch\/de\/spenden\/\" \/>\n<meta property=\"og:site_name\" content=\"Poverty is not a crime!\" \/>\n<meta property=\"article:modified_time\" content=\"2021-01-22T16:10:24+00:00\" \/>\n<meta name=\"twitter:card\" content=\"summary_large_image\" \/>\n<meta name=\"twitter:label1\" content=\"Gesch\u00e4tzte Lesezeit\" \/>\n\t<meta name=\"twitter:data1\" content=\"1\u00a0Minute\" \/>\n<script type=\"application\/ld+json\" class=\"yoast-schema-graph\">{\"@context\":\"https:\\\/\\\/schema.org\",\"@graph\":[{\"@type\":\"WebPage\",\"@id\":\"https:\\\/\\\/poverty-is-not-a-crime.ch\\\/de\\\/spenden\\\/\",\"url\":\"https:\\\/\\\/poverty-is-not-a-crime.ch\\\/de\\\/spenden\\\/\",\"name\":\"Spenden - Poverty is not a crime!\",\"isPartOf\":{\"@id\":\"https:\\\/\\\/poverty-is-not-a-crime.ch\\\/de\\\/#website\"},\"datePublished\":\"2021-01-22T00:10:28+00:00\",\"dateModified\":\"2021-01-22T16:10:24+00:00\",\"breadcrumb\":{\"@id\":\"https:\\\/\\\/poverty-is-not-a-crime.ch\\\/de\\\/spenden\\\/#breadcrumb\"},\"inLanguage\":\"de\",\"potentialAction\":[{\"@type\":\"ReadAction\",\"target\":[\"https:\\\/\\\/poverty-is-not-a-crime.ch\\\/de\\\/spenden\\\/\"]}]},{\"@type\":\"BreadcrumbList\",\"@id\":\"https:\\\/\\\/poverty-is-not-a-crime.ch\\\/de\\\/spenden\\\/#breadcrumb\",\"itemListElement\":[{\"@type\":\"ListItem\",\"position\":1,\"name\":\"Startseite\",\"item\":\"https:\\\/\\\/poverty-is-not-a-crime.ch\\\/de\\\/\"},{\"@type\":\"ListItem\",\"position\":2,\"name\":\"Spenden\"}]},{\"@type\":\"WebSite\",\"@id\":\"https:\\\/\\\/poverty-is-not-a-crime.ch\\\/de\\\/#website\",\"url\":\"https:\\\/\\\/poverty-is-not-a-crime.ch\\\/de\\\/\",\"name\":\"Poverty is not a crime!\",\"description\":\"Armut ist kein Verbrechen!\",\"publisher\":{\"@id\":\"https:\\\/\\\/poverty-is-not-a-crime.ch\\\/de\\\/#organization\"},\"potentialAction\":[{\"@type\":\"SearchAction\",\"target\":{\"@type\":\"EntryPoint\",\"urlTemplate\":\"https:\\\/\\\/poverty-is-not-a-crime.ch\\\/de\\\/?s={search_term_string}\"},\"query-input\":{\"@type\":\"PropertyValueSpecification\",\"valueRequired\":true,\"valueName\":\"search_term_string\"}}],\"inLanguage\":\"de\"},{\"@type\":\"Organization\",\"@id\":\"https:\\\/\\\/poverty-is-not-a-crime.ch\\\/de\\\/#organization\",\"name\":\"Poverty is not a crime!\",\"url\":\"https:\\\/\\\/poverty-is-not-a-crime.ch\\\/de\\\/\",\"logo\":{\"@type\":\"ImageObject\",\"inLanguage\":\"de\",\"@id\":\"https:\\\/\\\/poverty-is-not-a-crime.ch\\\/de\\\/#\\\/schema\\\/logo\\\/image\\\/\",\"url\":\"https:\\\/\\\/poverty-is-not-a-crime.ch\\\/wp-content\\\/uploads\\\/2021\\\/01\\\/Visual_EN.png\",\"contentUrl\":\"https:\\\/\\\/poverty-is-not-a-crime.ch\\\/wp-content\\\/uploads\\\/2021\\\/01\\\/Visual_EN.png\",\"width\":1200,\"height\":620,\"caption\":\"Poverty is not a crime!\"},\"image\":{\"@id\":\"https:\\\/\\\/poverty-is-not-a-crime.ch\\\/de\\\/#\\\/schema\\\/logo\\\/image\\\/\"}}]}<\/script>\n<!-- \/ Yoast SEO plugin. -->","yoast_head_json":{"title":"Spenden - Poverty is not a crime!","robots":{"index":"index","follow":"follow","max-snippet":"max-snippet:-1","max-image-preview":"max-image-preview:large","max-video-preview":"max-video-preview:-1"},"canonical":"https:\/\/poverty-is-not-a-crime.ch\/de\/spenden\/","og_locale":"de_DE","og_type":"article","og_title":"Spenden - Poverty is not a crime!","og_description":"[vc_row][vc_column][vc_column_text]Die st\u00e4ndige Versch\u00e4rfung des Ausl\u00e4nder:innen- und Integrationsgesetzes kann das Leben von vielen Menschen zerst\u00f6ren. Doch dies wird nur allzu oft verschwiegen! Wir wollen engagierte Menschen wie Sie sowie direkt Betroffene zusammenbringen und mobilisieren, um den Druck auf die Institutionen zu erh\u00f6hen. Wir sind \u00fcberzeugt: Armut ist kein Verbrechen. Helfen Sie uns mit einer Spende noch [&hellip;]","og_url":"https:\/\/poverty-is-not-a-crime.ch\/de\/spenden\/","og_site_name":"Poverty is not a crime!","article_modified_time":"2021-01-22T16:10:24+00:00","twitter_card":"summary_large_image","twitter_misc":{"Gesch\u00e4tzte Lesezeit":"1\u00a0Minute"},"schema":{"@context":"https:\/\/schema.org","@graph":[{"@type":"WebPage","@id":"https:\/\/poverty-is-not-a-crime.ch\/de\/spenden\/","url":"https:\/\/poverty-is-not-a-crime.ch\/de\/spenden\/","name":"Spenden - Poverty is not a crime!","isPartOf":{"@id":"https:\/\/poverty-is-not-a-crime.ch\/de\/#website"},"datePublished":"2021-01-22T00:10:28+00:00","dateModified":"2021-01-22T16:10:24+00:00","breadcrumb":{"@id":"https:\/\/poverty-is-not-a-crime.ch\/de\/spenden\/#breadcrumb"},"inLanguage":"de","potentialAction":[{"@type":"ReadAction","target":["https:\/\/poverty-is-not-a-crime.ch\/de\/spenden\/"]}]},{"@type":"BreadcrumbList","@id":"https:\/\/poverty-is-not-a-crime.ch\/de\/spenden\/#breadcrumb","itemListElement":[{"@type":"ListItem","position":1,"name":"Startseite","item":"https:\/\/poverty-is-not-a-crime.ch\/de\/"},{"@type":"ListItem","position":2,"name":"Spenden"}]},{"@type":"WebSite","@id":"https:\/\/poverty-is-not-a-crime.ch\/de\/#website","url":"https:\/\/poverty-is-not-a-crime.ch\/de\/","name":"Poverty is not a crime!","description":"Armut ist kein Verbrechen!","publisher":{"@id":"https:\/\/poverty-is-not-a-crime.ch\/de\/#organization"},"potentialAction":[{"@type":"SearchAction","target":{"@type":"EntryPoint","urlTemplate":"https:\/\/poverty-is-not-a-crime.ch\/de\/?s={search_term_string}"},"query-input":{"@type":"PropertyValueSpecification","valueRequired":true,"valueName":"search_term_string"}}],"inLanguage":"de"},{"@type":"Organization","@id":"https:\/\/poverty-is-not-a-crime.ch\/de\/#organization","name":"Poverty is not a crime!","url":"https:\/\/poverty-is-not-a-crime.ch\/de\/","logo":{"@type":"ImageObject","inLanguage":"de","@id":"https:\/\/poverty-is-not-a-crime.ch\/de\/#\/schema\/logo\/image\/","url":"https:\/\/poverty-is-not-a-crime.ch\/wp-content\/uploads\/2021\/01\/Visual_EN.png","contentUrl":"https:\/\/poverty-is-not-a-crime.ch\/wp-content\/uploads\/2021\/01\/Visual_EN.png","width":1200,"height":620,"caption":"Poverty is not a crime!"},"image":{"@id":"https:\/\/poverty-is-not-a-crime.ch\/de\/#\/schema\/logo\/image\/"}}]}},"_links":{"self":[{"href":"https:\/\/poverty-is-not-a-crime.ch\/de\/wp-json\/wp\/v2\/pages\/55","targetHints":{"allow":["GET"]}}],"collection":[{"href":"https:\/\/poverty-is-not-a-crime.ch\/de\/wp-json\/wp\/v2\/pages"}],"about":[{"href":"https:\/\/poverty-is-not-a-crime.ch\/de\/wp-json\/wp\/v2\/types\/page"}],"author":[{"embeddable":true,"href":"https:\/\/poverty-is-not-a-crime.ch\/de\/wp-json\/wp\/v2\/users\/1"}],"replies":[{"embeddable":true,"href":"https:\/\/poverty-is-not-a-crime.ch\/de\/wp-json\/wp\/v2\/comments?post=55"}],"version-history":[{"count":6,"href":"https:\/\/poverty-is-not-a-crime.ch\/de\/wp-json\/wp\/v2\/pages\/55\/revisions"}],"predecessor-version":[{"id":470,"href":"https:\/\/poverty-is-not-a-crime.ch\/de\/wp-json\/wp\/v2\/pages\/55\/revisions\/470"}],"wp:attachment":[{"href":"https:\/\/poverty-is-not-a-crime.ch\/de\/wp-json\/wp\/v2\/media?parent=55"}],"curies":[{"name":"wp","href":"https:\/\/api.w.org\/{rel}","templated":true}]}}