{"id":23,"date":"2021-01-21T14:08:05","date_gmt":"2021-01-21T14:08:05","guid":{"rendered":"https:\/\/poverty-is-not-a-crime.ch\/?page_id=23"},"modified":"2023-06-08T14:15:23","modified_gmt":"2023-06-08T14:15:23","slug":"home","status":"publish","type":"page","link":"https:\/\/poverty-is-not-a-crime.ch\/de\/","title":{"rendered":"Petition"},"content":{"rendered":"<div class=\"wpb-content-wrapper\"><p>[vc_row full_width=&#8220;stretch_row&#8220; full_height=&#8220;yes&#8220; content_placement=&#8220;bottom&#8220; css=&#8220;.vc_custom_1611319868224{background-color: #000000 !important;}&#8220;][vc_column width=&#8220;1\/4&#8243;][\/vc_column][vc_column width=&#8220;1\/2&#8243;][vc_row_inner][vc_column_inner offset=&#8220;vc_hidden-xs&#8220;][vc_empty_space height=&#8220;180px&#8220;][\/vc_column_inner][\/vc_row_inner][vc_column_text el_class=&#8220;white&#8220;]&nbsp;<\/p>\n<p>&nbsp;<\/p>\n<p>&nbsp;<\/p>\n<p>&nbsp;<\/p>\n<p><span style=\"color: #ffffff;\">Dank der Unterschriften von \u00fcber 16\u2019914 Menschen hat der Nationalrat bereits JA zur parlamentarischen Initiative \u00abArmut ist kein Verbrechen\u00bb gesagt. Am 12. Juni entscheidet der St\u00e4nderat abschliessend dar\u00fcber. Heute haben wir die Petitionsunterschriften eingereicht. Jetzt m\u00fcssen auch die St\u00e4nder\u00e4tinnen und St\u00e4nder\u00e4te anerkennen: Armut ist kein Verbrechen! <\/span>[\/vc_column_text][vc_single_image image=&#8220;1061&#8243; img_size=&#8220;full&#8220;][\/vc_column][vc_column width=&#8220;1\/4&#8243;][\/vc_column][\/vc_row][vc_row el_id=&#8220;sign&#8220;][vc_column width=&#8220;1\/4&#8243;][\/vc_column][vc_column width=&#8220;1\/2&#8243;][\/vc_column][vc_column width=&#8220;1\/4&#8243;][\/vc_column][\/vc_row][vc_row][vc_column width=&#8220;1\/4&#8243;][\/vc_column][vc_column width=&#8220;1\/2&#8243;][vc_empty_space][vc_custom_heading text=&#8220;Unsere Forderung&#8220; use_theme_fonts=&#8220;yes&#8220;][vc_column_text]Sehr geehrte Mitglieder des Nationalrats<\/p>\n<p>Armut kann uns alle treffen. Sei es wegen einem Arbeitsplatzverlust, einem Unfall, einer Wirtschaftskrise, Krankheit, Scheidung oder einer anderen pers\u00f6nlichen Notlage. Gerade die Coronakrise hat das eindr\u00fccklich gezeigt. Unser Sozialsystem ist deshalb dazu da, uns allen in solchen Situationen ein menschenw\u00fcrdiges Leben zu garantieren.<\/p>\n<p>Doch dies gilt nicht f\u00fcr alle. \u00dcber 2 Millionen Menschen ohne Schweizer Pass wohnen und arbeiten in der Schweiz und zahlen hier Steuern, viele von ihnen sind hier geboren oder als Kind in die Schweiz gekommen. Der Bezug von Sozialhilfeleistungen kann f\u00fcr sie weitreichende Folgen haben: Sie k\u00f6nnen selbst nach jahrzehntelangem Aufenthalt in der Schweiz weggewiesen werden. Seit dem 1. Januar 2019 gilt dies sogar f\u00fcr Niedergelassene, die seit mehr als 15 Jahren in der Schweiz leben.<\/p>\n<p>Familien werden so auseinandergerissen, Armutsbetroffene und kranke Menschen werden nach vielen Jahren aus der Schweiz weggewiesen, auch wenn diese l\u00e4ngst zu ihrer Heimat geworden ist. Diese Drohung dr\u00e4ngt die Menschen immer mehr dazu, auf die notwendige Unterst\u00fctzung g\u00e4nzlich zu verzichten. Gerade die Coronakrise hat diese Problematik nochmals versch\u00e4rft. Die langen Warteschlangen vor den Essensausgaben zeigen, dass f\u00fcr viele Menschen die staatlichen Sozialwerke heute keine echte Hilfe mehr sind.<\/p>\n<p>Es braucht dringend gesetzliche Anpassungen und Sie werden bald die Gelegenheit dazu haben, diese anzugehen: Stimmen Sie der parlamentarischen Initiative 20.451 \u201cArmut ist kein Verbrechen\u201d zu und helfen Sie mit, diese Ungerechtigkeit zu korrigieren.<\/p>\n<p><a href=\"#sign\">Unterschreiben Sie jetzt den Brief ans Parlament!<\/a>[\/vc_column_text][\/vc_column][vc_column width=&#8220;1\/4&#8243;][\/vc_column][\/vc_row]<\/p>\n<\/div>","protected":false},"excerpt":{"rendered":"<p>[vc_row full_width=&#8220;stretch_row&#8220; full_height=&#8220;yes&#8220; content_placement=&#8220;bottom&#8220; css=&#8220;.vc_custom_1611319868224{background-color: #000000 !important;}&#8220;][vc_column width=&#8220;1\/4&#8243;][\/vc_column][vc_column width=&#8220;1\/2&#8243;][vc_row_inner][vc_column_inner offset=&#8220;vc_hidden-xs&#8220;][vc_empty_space height=&#8220;180px&#8220;][\/vc_column_inner][\/vc_row_inner][vc_column_text el_class=&#8220;white&#8220;]&nbsp; &nbsp; &nbsp; &nbsp; Dank der Unterschriften von \u00fcber 16\u2019914 Menschen hat der Nationalrat bereits JA zur parlamentarischen Initiative \u00abArmut ist kein Verbrechen\u00bb gesagt. Am 12. Juni entscheidet der St\u00e4nderat abschliessend dar\u00fcber. Heute haben wir die Petitionsunterschriften eingereicht. Jetzt m\u00fcssen auch die St\u00e4nder\u00e4tinnen und &hellip; <a href=\"https:\/\/poverty-is-not-a-crime.ch\/de\/\" title=\"Petition\" class=\"read-more\">Read More<\/a><\/p>\n","protected":false},"author":1,"featured_media":0,"parent":0,"menu_order":0,"comment_status":"closed","ping_status":"closed","template":"","meta":{"footnotes":""},"class_list":["post-23","page","type-page","status-publish","hentry"],"yoast_head":"<!-- This site is optimized with the Yoast SEO plugin v27.4 - https:\/\/yoast.com\/product\/yoast-seo-wordpress\/ -->\n<title>Petition - Poverty is not a crime!<\/title>\n<meta name=\"robots\" content=\"index, follow, max-snippet:-1, max-image-preview:large, max-video-preview:-1\" \/>\n<link rel=\"canonical\" href=\"https:\/\/poverty-is-not-a-crime.ch\/de\/\" \/>\n<meta property=\"og:locale\" content=\"de_DE\" \/>\n<meta property=\"og:type\" content=\"article\" \/>\n<meta property=\"og:title\" content=\"Unterschreibe jetzt den Brief ans Parlament!\" \/>\n<meta property=\"og:description\" content=\"Armut kann uns alle treffen. Gerade die Coronakrise hat das eindr\u00fccklich gezeigt. Unser Sozialsystem ist deshalb dazu da, uns allen in solchen Situationen ein menschenw\u00fcrdiges Leben zu garantieren. Doch dies gilt nicht f\u00fcr alle.\" \/>\n<meta property=\"og:url\" content=\"https:\/\/poverty-is-not-a-crime.ch\/de\/\" \/>\n<meta property=\"og:site_name\" content=\"Poverty is not a crime!\" \/>\n<meta property=\"article:modified_time\" content=\"2023-06-08T14:15:23+00:00\" \/>\n<meta property=\"og:image\" content=\"https:\/\/poverty-is-not-a-crime.ch\/wp-content\/uploads\/2021\/01\/Visual.png\" \/>\n\t<meta property=\"og:image:width\" content=\"1200\" \/>\n\t<meta property=\"og:image:height\" content=\"620\" \/>\n\t<meta property=\"og:image:type\" content=\"image\/png\" \/>\n<meta name=\"twitter:card\" content=\"summary_large_image\" \/>\n<meta name=\"twitter:title\" content=\"Unterschreibe jetzt den Brief ans Parlament!\" \/>\n<meta name=\"twitter:description\" content=\"Armut kann uns alle treffen. Unser Sozialsystem ist deshalb dazu da, uns allen in solchen Situationen ein menschenw\u00fcrdiges Leben zu garantieren. Doch dies gilt nicht f\u00fcr alle.\" \/>\n<meta name=\"twitter:image\" content=\"https:\/\/poverty-is-not-a-crime.ch\/wp-content\/uploads\/2021\/01\/Visual.png\" \/>\n<meta name=\"twitter:label1\" content=\"Gesch\u00e4tzte Lesezeit\" \/>\n\t<meta name=\"twitter:data1\" content=\"3\u00a0Minuten\" \/>\n<script type=\"application\/ld+json\" class=\"yoast-schema-graph\">{\"@context\":\"https:\\\/\\\/schema.org\",\"@graph\":[{\"@type\":\"WebPage\",\"@id\":\"https:\\\/\\\/poverty-is-not-a-crime.ch\\\/de\\\/\",\"url\":\"https:\\\/\\\/poverty-is-not-a-crime.ch\\\/de\\\/\",\"name\":\"Petition - Poverty is not a crime!\",\"isPartOf\":{\"@id\":\"https:\\\/\\\/poverty-is-not-a-crime.ch\\\/de\\\/#website\"},\"datePublished\":\"2021-01-21T14:08:05+00:00\",\"dateModified\":\"2023-06-08T14:15:23+00:00\",\"breadcrumb\":{\"@id\":\"https:\\\/\\\/poverty-is-not-a-crime.ch\\\/de\\\/#breadcrumb\"},\"inLanguage\":\"de\",\"potentialAction\":[{\"@type\":\"ReadAction\",\"target\":[\"https:\\\/\\\/poverty-is-not-a-crime.ch\\\/de\\\/\"]}]},{\"@type\":\"BreadcrumbList\",\"@id\":\"https:\\\/\\\/poverty-is-not-a-crime.ch\\\/de\\\/#breadcrumb\",\"itemListElement\":[{\"@type\":\"ListItem\",\"position\":1,\"name\":\"Startseite\",\"item\":\"https:\\\/\\\/poverty-is-not-a-crime.ch\\\/de\\\/\"},{\"@type\":\"ListItem\",\"position\":2,\"name\":\"Petition\"}]},{\"@type\":\"WebSite\",\"@id\":\"https:\\\/\\\/poverty-is-not-a-crime.ch\\\/de\\\/#website\",\"url\":\"https:\\\/\\\/poverty-is-not-a-crime.ch\\\/de\\\/\",\"name\":\"Poverty is not a crime!\",\"description\":\"Armut ist kein Verbrechen!\",\"publisher\":{\"@id\":\"https:\\\/\\\/poverty-is-not-a-crime.ch\\\/de\\\/#organization\"},\"potentialAction\":[{\"@type\":\"SearchAction\",\"target\":{\"@type\":\"EntryPoint\",\"urlTemplate\":\"https:\\\/\\\/poverty-is-not-a-crime.ch\\\/de\\\/?s={search_term_string}\"},\"query-input\":{\"@type\":\"PropertyValueSpecification\",\"valueRequired\":true,\"valueName\":\"search_term_string\"}}],\"inLanguage\":\"de\"},{\"@type\":\"Organization\",\"@id\":\"https:\\\/\\\/poverty-is-not-a-crime.ch\\\/de\\\/#organization\",\"name\":\"Poverty is not a crime!\",\"url\":\"https:\\\/\\\/poverty-is-not-a-crime.ch\\\/de\\\/\",\"logo\":{\"@type\":\"ImageObject\",\"inLanguage\":\"de\",\"@id\":\"https:\\\/\\\/poverty-is-not-a-crime.ch\\\/de\\\/#\\\/schema\\\/logo\\\/image\\\/\",\"url\":\"https:\\\/\\\/poverty-is-not-a-crime.ch\\\/wp-content\\\/uploads\\\/2021\\\/01\\\/Visual_EN.png\",\"contentUrl\":\"https:\\\/\\\/poverty-is-not-a-crime.ch\\\/wp-content\\\/uploads\\\/2021\\\/01\\\/Visual_EN.png\",\"width\":1200,\"height\":620,\"caption\":\"Poverty is not a crime!\"},\"image\":{\"@id\":\"https:\\\/\\\/poverty-is-not-a-crime.ch\\\/de\\\/#\\\/schema\\\/logo\\\/image\\\/\"}}]}<\/script>\n<!-- \/ Yoast SEO plugin. -->","yoast_head_json":{"title":"Petition - Poverty is not a crime!","robots":{"index":"index","follow":"follow","max-snippet":"max-snippet:-1","max-image-preview":"max-image-preview:large","max-video-preview":"max-video-preview:-1"},"canonical":"https:\/\/poverty-is-not-a-crime.ch\/de\/","og_locale":"de_DE","og_type":"article","og_title":"Unterschreibe jetzt den Brief ans Parlament!","og_description":"Armut kann uns alle treffen. Gerade die Coronakrise hat das eindr\u00fccklich gezeigt. Unser Sozialsystem ist deshalb dazu da, uns allen in solchen Situationen ein menschenw\u00fcrdiges Leben zu garantieren. Doch dies gilt nicht f\u00fcr alle.","og_url":"https:\/\/poverty-is-not-a-crime.ch\/de\/","og_site_name":"Poverty is not a crime!","article_modified_time":"2023-06-08T14:15:23+00:00","og_image":[{"width":1200,"height":620,"url":"https:\/\/poverty-is-not-a-crime.ch\/wp-content\/uploads\/2021\/01\/Visual.png","type":"image\/png"}],"twitter_card":"summary_large_image","twitter_title":"Unterschreibe jetzt den Brief ans Parlament!","twitter_description":"Armut kann uns alle treffen. Unser Sozialsystem ist deshalb dazu da, uns allen in solchen Situationen ein menschenw\u00fcrdiges Leben zu garantieren. Doch dies gilt nicht f\u00fcr alle.","twitter_image":"https:\/\/poverty-is-not-a-crime.ch\/wp-content\/uploads\/2021\/01\/Visual.png","twitter_misc":{"Gesch\u00e4tzte Lesezeit":"3\u00a0Minuten"},"schema":{"@context":"https:\/\/schema.org","@graph":[{"@type":"WebPage","@id":"https:\/\/poverty-is-not-a-crime.ch\/de\/","url":"https:\/\/poverty-is-not-a-crime.ch\/de\/","name":"Petition - Poverty is not a crime!","isPartOf":{"@id":"https:\/\/poverty-is-not-a-crime.ch\/de\/#website"},"datePublished":"2021-01-21T14:08:05+00:00","dateModified":"2023-06-08T14:15:23+00:00","breadcrumb":{"@id":"https:\/\/poverty-is-not-a-crime.ch\/de\/#breadcrumb"},"inLanguage":"de","potentialAction":[{"@type":"ReadAction","target":["https:\/\/poverty-is-not-a-crime.ch\/de\/"]}]},{"@type":"BreadcrumbList","@id":"https:\/\/poverty-is-not-a-crime.ch\/de\/#breadcrumb","itemListElement":[{"@type":"ListItem","position":1,"name":"Startseite","item":"https:\/\/poverty-is-not-a-crime.ch\/de\/"},{"@type":"ListItem","position":2,"name":"Petition"}]},{"@type":"WebSite","@id":"https:\/\/poverty-is-not-a-crime.ch\/de\/#website","url":"https:\/\/poverty-is-not-a-crime.ch\/de\/","name":"Poverty is not a crime!","description":"Armut ist kein Verbrechen!","publisher":{"@id":"https:\/\/poverty-is-not-a-crime.ch\/de\/#organization"},"potentialAction":[{"@type":"SearchAction","target":{"@type":"EntryPoint","urlTemplate":"https:\/\/poverty-is-not-a-crime.ch\/de\/?s={search_term_string}"},"query-input":{"@type":"PropertyValueSpecification","valueRequired":true,"valueName":"search_term_string"}}],"inLanguage":"de"},{"@type":"Organization","@id":"https:\/\/poverty-is-not-a-crime.ch\/de\/#organization","name":"Poverty is not a crime!","url":"https:\/\/poverty-is-not-a-crime.ch\/de\/","logo":{"@type":"ImageObject","inLanguage":"de","@id":"https:\/\/poverty-is-not-a-crime.ch\/de\/#\/schema\/logo\/image\/","url":"https:\/\/poverty-is-not-a-crime.ch\/wp-content\/uploads\/2021\/01\/Visual_EN.png","contentUrl":"https:\/\/poverty-is-not-a-crime.ch\/wp-content\/uploads\/2021\/01\/Visual_EN.png","width":1200,"height":620,"caption":"Poverty is not a crime!"},"image":{"@id":"https:\/\/poverty-is-not-a-crime.ch\/de\/#\/schema\/logo\/image\/"}}]}},"_links":{"self":[{"href":"https:\/\/poverty-is-not-a-crime.ch\/de\/wp-json\/wp\/v2\/pages\/23","targetHints":{"allow":["GET"]}}],"collection":[{"href":"https:\/\/poverty-is-not-a-crime.ch\/de\/wp-json\/wp\/v2\/pages"}],"about":[{"href":"https:\/\/poverty-is-not-a-crime.ch\/de\/wp-json\/wp\/v2\/types\/page"}],"author":[{"embeddable":true,"href":"https:\/\/poverty-is-not-a-crime.ch\/de\/wp-json\/wp\/v2\/users\/1"}],"replies":[{"embeddable":true,"href":"https:\/\/poverty-is-not-a-crime.ch\/de\/wp-json\/wp\/v2\/comments?post=23"}],"version-history":[{"count":44,"href":"https:\/\/poverty-is-not-a-crime.ch\/de\/wp-json\/wp\/v2\/pages\/23\/revisions"}],"predecessor-version":[{"id":1067,"href":"https:\/\/poverty-is-not-a-crime.ch\/de\/wp-json\/wp\/v2\/pages\/23\/revisions\/1067"}],"wp:attachment":[{"href":"https:\/\/poverty-is-not-a-crime.ch\/de\/wp-json\/wp\/v2\/media?parent=23"}],"curies":[{"name":"wp","href":"https:\/\/api.w.org\/{rel}","templated":true}]}}